{"id":536158,"date":"2025-09-05T00:03:26","date_gmt":"2025-09-04T21:03:26","guid":{"rendered":"https:\/\/staging.nbg.eu\/product\/utg-pro-mp5-monolithic-m-lok-handguard\/"},"modified":"2025-09-29T17:06:28","modified_gmt":"2025-09-29T14:06:28","slug":"utg-pro-mp5-monolitikus-m-lok-markolat","status":"publish","type":"product","link":"https:\/\/staging.nbg.eu\/hu\/termek\/utg-pro-mp5-monolitikus-m-lok-markolat\/","title":{"rendered":"UTG PRO\u00ae MP5 Monolitikus M-LOK Markolat"},"content":{"rendered":"<h2>UTG PRO\u00ae MP5 Monolitikus M-LOK El\u0151agy<\/h2>\n<p>Az UTG PRO\u00ae Monolitikus M-LOK El\u0151agy az MP5-h\u00f6z. Ez a prec\u00edzi\u00f3s megmunk\u00e1l\u00e1s\u00fa, k\u00f6nny\u0171 alum\u00ednium el\u0151agy tart\u00f3ss\u00e1got \u00e9s sokoldal\u00fas\u00e1got biztos\u00edt a fegyvernek.<\/p>\n<ul>\n<li>Az Egyes\u00fclt \u00c1llamokban gy\u00e1rtva min\u0151s\u00e9gi anyagokb\u00f3l<\/li>\n<li>Teljes hossz\u00fas\u00e1g\u00fa Picatinny s\u00edn optik\u00e1khoz \u00e9s kieg\u00e9sz\u00edt\u0151kh\u00f6z<\/li>\n<li>M-LOK ny\u00edl\u00e1sok 3, 6 \u00e9s 9 \u00f3ra poz\u00edci\u00f3kban testreszab\u00e1shoz<\/li>\n<li>Alacsony profil\u00fa kialak\u00edt\u00e1s a jobb ergon\u00f3mia \u00e9rdek\u00e9ben<\/li>\n<li>Egyszer\u0171 felszerel\u00e9s a mell\u00e9kelt alkatr\u00e9szekkel<\/li>\n<li>Kompatibilis a legt\u00f6bb MP5 \u00e9s kl\u00f3n modellel<\/li>\n<li>Matt fekete kivitelben kaphat\u00f3<\/li>\n<\/ul>\n<p>Ez az el\u0151agy jav\u00edtja az MP5 funkcionalit\u00e1s\u00e1t \u00e9s megjelen\u00e9s\u00e9t. Taktikai felhaszn\u00e1l\u00f3knak \u00e9s sportl\u00f6v\u0151knek egyar\u00e1nt megfelel\u0151.<\/p>\n","protected":false},"excerpt":{"rendered":"<p>UTG PRO\u00ae MP5 M-LOK El\u0151agy: Tart\u00f3s, k\u00f6nny\u0171, modul\u00e1ris fejleszt\u00e9s.<\/p>\n","protected":false},"featured_media":0,"template":"","meta":{"_acf_changed":false},"product_brand":[],"product_cat":[12967,12916,12915],"product_tag":[],"class_list":{"0":"post-536158","1":"product","2":"type-product","3":"status-publish","5":"product_cat-puska","6":"product_cat-puska-tuning","7":"product_cat-sinek","9":"first","10":"instock","11":"taxable","12":"shipping-taxable","13":"purchasable","14":"product-type-simple"},"acf":[],"_links":{"self":[{"href":"https:\/\/staging.nbg.eu\/hu\/wp-json\/wp\/v2\/product\/536158","targetHints":{"allow":["GET"]}}],"collection":[{"href":"https:\/\/staging.nbg.eu\/hu\/wp-json\/wp\/v2\/product"}],"about":[{"href":"https:\/\/staging.nbg.eu\/hu\/wp-json\/wp\/v2\/types\/product"}],"wp:attachment":[{"href":"https:\/\/staging.nbg.eu\/hu\/wp-json\/wp\/v2\/media?parent=536158"}],"wp:term":[{"taxonomy":"product_brand","embeddable":true,"href":"https:\/\/staging.nbg.eu\/hu\/wp-json\/wp\/v2\/product_brand?post=536158"},{"taxonomy":"product_cat","embeddable":true,"href":"https:\/\/staging.nbg.eu\/hu\/wp-json\/wp\/v2\/product_cat?post=536158"},{"taxonomy":"product_tag","embeddable":true,"href":"https:\/\/staging.nbg.eu\/hu\/wp-json\/wp\/v2\/product_tag?post=536158"}],"curies":[{"name":"wp","href":"https:\/\/api.w.org\/{rel}","templated":true}]}}