{"id":535833,"date":"2025-09-05T00:02:56","date_gmt":"2025-09-04T21:02:56","guid":{"rendered":"https:\/\/staging.nbg.eu\/product\/ismi-11-lb-spring-glock-17-gl11\/"},"modified":"2025-09-29T16:30:14","modified_gmt":"2025-09-29T13:30:14","slug":"ismi-11-lb-rugo-glock-17-hez-gl11","status":"publish","type":"product","link":"https:\/\/staging.nbg.eu\/hu\/termek\/ismi-11-lb-rugo-glock-17-hez-gl11\/","title":{"rendered":"ISMI 11 lb. Rug\u00f3 Glock 17-hez (GL11)"},"content":{"rendered":"<h2>ISMI 11 lb. Rug\u00f3 Glock 17-hez (GL11)<\/h2>\n<p>Az ISMI 11 lb. Rug\u00f3 (GL11) a Glock 17-hez. Ez a rug\u00f3 a k\u00f6vetkez\u0151kre szolg\u00e1l:<\/p>\n<ul>\n<li>A sz\u00e1n sebess\u00e9g\u00e9nek n\u00f6vel\u00e9se<\/li>\n<li>A visszar\u00fag\u00e1s cs\u00f6kkent\u00e9se<\/li>\n<li>A megb\u00edzhat\u00f3s\u00e1g n\u00f6vel\u00e9se k\u00fcl\u00f6nb\u00f6z\u0151 l\u0151szert\u00edpusokkal<\/li>\n<li>Konzisztens teljes\u00edtm\u00e9ny minden id\u0151j\u00e1r\u00e1si k\u00f6r\u00fclm\u00e9ny k\u00f6z\u00f6tt<\/li>\n<\/ul>\n<p>Kr\u00f3m-szil\u00edcium huzalb\u00f3l k\u00e9sz\u00fclt. A 11 lb. s\u00faly versenyekhez \u00e9s sim\u00e1bb l\u00f6v\u00e9s\u00e9lm\u00e9nyhez alkalmas.<\/p>\n<p>Kompatibilis a Glock 17 modellekkel \u00e9s hasonl\u00f3 m\u00e9ret\u0171 v\u00e1zakkal. K\u00f6nnyen beszerelhet\u0151.<\/p>\n<p><strong>Specifik\u00e1ci\u00f3k:<\/strong><\/p>\n<ul>\n<li>S\u00faly: 11 lb<\/li>\n<li>Anyag: Kr\u00f3m-szil\u00edcium<\/li>\n<li>Illeszkedik: Glock 17 \u00e9s hasonl\u00f3 modellekhez<\/li>\n<li>Gy\u00e1rt\u00e1si hely: USA<\/li>\n<\/ul>\n","protected":false},"excerpt":{"rendered":"<p>Neh\u00e9z ig\u00e9nybev\u00e9telre tervezett 11 fontos rug\u00f3 Glock 17-hez. Jav\u00edtja a ravasz h\u00faz\u00e1s\u00e1t \u00e9s vissza\u00e1ll\u00e1s\u00e1t.<\/p>\n","protected":false},"featured_media":0,"template":"","meta":{"_acf_changed":false},"product_brand":[],"product_cat":[12924,12968],"product_tag":[],"class_list":{"0":"post-535833","1":"product","2":"type-product","3":"status-publish","5":"product_cat-pisztoly","6":"product_cat-pisztoly-alkatreszek","8":"first","9":"outofstock","10":"taxable","11":"shipping-taxable","12":"purchasable","13":"product-type-simple"},"acf":[],"_links":{"self":[{"href":"https:\/\/staging.nbg.eu\/hu\/wp-json\/wp\/v2\/product\/535833","targetHints":{"allow":["GET"]}}],"collection":[{"href":"https:\/\/staging.nbg.eu\/hu\/wp-json\/wp\/v2\/product"}],"about":[{"href":"https:\/\/staging.nbg.eu\/hu\/wp-json\/wp\/v2\/types\/product"}],"wp:attachment":[{"href":"https:\/\/staging.nbg.eu\/hu\/wp-json\/wp\/v2\/media?parent=535833"}],"wp:term":[{"taxonomy":"product_brand","embeddable":true,"href":"https:\/\/staging.nbg.eu\/hu\/wp-json\/wp\/v2\/product_brand?post=535833"},{"taxonomy":"product_cat","embeddable":true,"href":"https:\/\/staging.nbg.eu\/hu\/wp-json\/wp\/v2\/product_cat?post=535833"},{"taxonomy":"product_tag","embeddable":true,"href":"https:\/\/staging.nbg.eu\/hu\/wp-json\/wp\/v2\/product_tag?post=535833"}],"curies":[{"name":"wp","href":"https:\/\/api.w.org\/{rel}","templated":true}]}}