{"id":535717,"date":"2025-09-05T00:01:54","date_gmt":"2025-09-04T21:01:54","guid":{"rendered":"https:\/\/staging.nbg.eu\/product\/vortex-defender-xl-red-dot-2moa-sight-dfxl-mrd2\/"},"modified":"2025-09-29T16:21:05","modified_gmt":"2025-09-29T13:21:05","slug":"vortex-defender-xl-piros-pont-2moa-iranyzek-dfxl-mrd2","status":"publish","type":"product","link":"https:\/\/staging.nbg.eu\/hu\/termek\/vortex-defender-xl-piros-pont-2moa-iranyzek-dfxl-mrd2\/","title":{"rendered":"Vortex Defender-XL Piros Pont 2MOA Ir\u00e1nyz\u00e9k &#8211; DFXL-MRD2"},"content":{"rendered":"<div class=\"product-description\">\n<h2>Vortex Defender-XL Red Dot 2MOA Ir\u00e1nyz\u00e9k &#8211; DFXL-MRD2<\/h2>\n<p>A Vortex Defender-XL 2 MOA Red Dot Ir\u00e1nyz\u00e9k egy kompakt, strapab\u00edr\u00f3 optika, amely gyors c\u00e9lz\u00e1sra lett tervezve. Versenyszer\u0171 l\u00f6v\u00e9szek, taktikai oper\u00e1torok \u00e9s fegyverrajong\u00f3k sz\u00e1m\u00e1ra alkalmas.<\/p>\n<h2>F\u0151 jellemz\u0151k:<\/h2>\n<ul>\n<li>2 MOA piros pont<\/li>\n<li>10 f\u00e9nyer\u0151 be\u00e1ll\u00edt\u00e1s, k\u00f6zt\u00fck 2 \u00e9jjell\u00e1t\u00f3-kompatibilis m\u00f3d<\/li>\n<li>Nagy aszf\u00e9rikus lencse<\/li>\n<li>ShockShield polimer bet\u00e9t az \u00fct\u00e9s\u00e1ll\u00f3s\u00e1g n\u00f6vel\u00e9s\u00e9re<\/li>\n<li>Fast-Rack fel\u00fclet a sz\u00e1n kezel\u00e9s\u00e9re<\/li>\n<li>Mozg\u00e1s\u00e9rz\u00e9kel\u0151 aktiv\u00e1l\u00e1s 10 perces automatikus kikapcsol\u00e1ssal<\/li>\n<li>Gombz\u00e1r a v\u00e9letlen be\u00e1ll\u00edt\u00e1sok ellen<\/li>\n<li>Fel\u00fclr\u0151l t\u00f6lthet\u0151 elem rendszer<\/li>\n<li>Matt fel\u00fclet<\/li>\n<\/ul>\n<p>A Defender-XL kem\u00e9ny k\u00f6r\u00fclm\u00e9nyekre lett tervezve. Ez az ir\u00e1nyz\u00e9k megfelel\u0151 lehet olyan l\u00f6v\u00e9szek sz\u00e1m\u00e1ra, akik megb\u00edzhat\u00f3s\u00e1got \u00e9s sokoldal\u00fas\u00e1got ig\u00e9nyelnek.<\/p>\n<\/div>\n","protected":false},"excerpt":{"rendered":"<p>Kompakt, massz\u00edv v\u00f6r\u00f6s pont ir\u00e1nyz\u00e9k 2 MOA ponttal \u00e9s mozg\u00e1s\u00e9rz\u00e9kel\u0151s aktiv\u00e1l\u00e1ssal.<\/p>\n","protected":false},"featured_media":496173,"template":"","meta":{"_acf_changed":false},"product_brand":[],"product_cat":[12943,12944,12923,12977],"product_tag":[],"class_list":{"0":"post-535717","1":"product","2":"type-product","3":"status-publish","4":"has-post-thumbnail","6":"product_cat-celzas","7":"product_cat-piros-pontok","8":"product_cat-pisztoly-pontok","9":"product_cat-puska-celpontok","11":"first","12":"instock","13":"taxable","14":"shipping-taxable","15":"purchasable","16":"product-type-simple"},"acf":[],"_links":{"self":[{"href":"https:\/\/staging.nbg.eu\/hu\/wp-json\/wp\/v2\/product\/535717","targetHints":{"allow":["GET"]}}],"collection":[{"href":"https:\/\/staging.nbg.eu\/hu\/wp-json\/wp\/v2\/product"}],"about":[{"href":"https:\/\/staging.nbg.eu\/hu\/wp-json\/wp\/v2\/types\/product"}],"wp:featuredmedia":[{"embeddable":true,"href":"https:\/\/staging.nbg.eu\/hu\/wp-json\/wp\/v2\/media\/496173"}],"wp:attachment":[{"href":"https:\/\/staging.nbg.eu\/hu\/wp-json\/wp\/v2\/media?parent=535717"}],"wp:term":[{"taxonomy":"product_brand","embeddable":true,"href":"https:\/\/staging.nbg.eu\/hu\/wp-json\/wp\/v2\/product_brand?post=535717"},{"taxonomy":"product_cat","embeddable":true,"href":"https:\/\/staging.nbg.eu\/hu\/wp-json\/wp\/v2\/product_cat?post=535717"},{"taxonomy":"product_tag","embeddable":true,"href":"https:\/\/staging.nbg.eu\/hu\/wp-json\/wp\/v2\/product_tag?post=535717"}],"curies":[{"name":"wp","href":"https:\/\/api.w.org\/{rel}","templated":true}]}}