{"id":535614,"date":"2025-09-05T00:01:46","date_gmt":"2025-09-04T21:01:46","guid":{"rendered":"https:\/\/staging.nbg.eu\/product\/rh-502-speedloops-45-mm\/"},"modified":"2025-09-29T16:11:43","modified_gmt":"2025-09-29T13:11:43","slug":"rh-502-speedloops-45-mm","status":"publish","type":"product","link":"https:\/\/staging.nbg.eu\/hu\/termek\/rh-502-speedloops-45-mm\/","title":{"rendered":"RH .502 Speedloops 45 mm"},"content":{"rendered":"<h2>RH .502 Speedloops 45 mm<\/h2>\n<p>Az RH .502 Speedloops 45 mm ac\u00e9l hurkok cydex tokokhoz \u00e9s RH Holster term\u00e9kekhez k\u00e9sz\u00fcltek.<\/p>\n<h3>F\u0151bb jellemz\u0151k:<\/h3>\n<ul>\n<li>Egyszer\u0171 haszn\u00e1lat: Nem kell \u00e1tf\u0171zni az \u00f6vet<\/li>\n<li>Ac\u00e9l szerkezet fekete lakkoz\u00e1ssal<\/li>\n<li>Legfeljebb 7 mm vastag \u00f6vekkel kompatibilis<\/li>\n<li>45 mm-es m\u00e9ret<\/li>\n<\/ul>\n<p>A SpeedLoops RH Holsters lehet\u0151v\u00e9 teszi a cydex tok gyors r\u00f6gz\u00edt\u00e9s\u00e9t az \u00f6vh\u00f6z. Csak cs\u00fasztassa a hurkot az enyh\u00e9n meglaz\u00edtott \u00f6vre.<\/p>\n<h3>El\u0151ny\u00f6k:<\/h3>\n<ul>\n<li>Kifejezetten cydex tokokhoz tervezve<\/li>\n<li>Kompatibilis RH Holster tokokkal<\/li>\n<li>Nincs sz\u00fcks\u00e9g id\u0151ig\u00e9nyes \u00f6v\u00e1tf\u0171z\u00e9sre<\/li>\n<\/ul>\n<p><strong>Sz\u00edn:<\/strong> Fekete<\/p>\n<p><strong>M\u00e9ret:<\/strong> 45 mm<\/p>\n<p>Az RH .502 Speedloops 45 mm haszn\u00e1lat\u00e1val egyszer\u0171bb\u00e9 teheti a tok haszn\u00e1lat\u00e1t.<\/p>\n","protected":false},"excerpt":{"rendered":"<p>RH .502 Speedloops: Gyors r\u00f6gz\u00edt\u00e9s\u0171 ac\u00e9l hurkok Cydex tokhoz, 45mm.<\/p>\n","protected":false},"featured_media":496149,"template":"","meta":{"_acf_changed":false},"product_brand":[11643],"product_cat":[12954],"product_tag":[],"class_list":{"0":"post-535614","1":"product","2":"type-product","3":"status-publish","4":"has-post-thumbnail","6":"product_brand-rh-holsters","7":"product_cat-tok-kiegeszitok","9":"first","10":"outofstock","11":"taxable","12":"shipping-taxable","13":"purchasable","14":"product-type-simple"},"acf":[],"_links":{"self":[{"href":"https:\/\/staging.nbg.eu\/hu\/wp-json\/wp\/v2\/product\/535614","targetHints":{"allow":["GET"]}}],"collection":[{"href":"https:\/\/staging.nbg.eu\/hu\/wp-json\/wp\/v2\/product"}],"about":[{"href":"https:\/\/staging.nbg.eu\/hu\/wp-json\/wp\/v2\/types\/product"}],"wp:featuredmedia":[{"embeddable":true,"href":"https:\/\/staging.nbg.eu\/hu\/wp-json\/wp\/v2\/media\/496149"}],"wp:attachment":[{"href":"https:\/\/staging.nbg.eu\/hu\/wp-json\/wp\/v2\/media?parent=535614"}],"wp:term":[{"taxonomy":"product_brand","embeddable":true,"href":"https:\/\/staging.nbg.eu\/hu\/wp-json\/wp\/v2\/product_brand?post=535614"},{"taxonomy":"product_cat","embeddable":true,"href":"https:\/\/staging.nbg.eu\/hu\/wp-json\/wp\/v2\/product_cat?post=535614"},{"taxonomy":"product_tag","embeddable":true,"href":"https:\/\/staging.nbg.eu\/hu\/wp-json\/wp\/v2\/product_tag?post=535614"}],"curies":[{"name":"wp","href":"https:\/\/api.w.org\/{rel}","templated":true}]}}