{"id":535401,"date":"2025-09-04T23:53:51","date_gmt":"2025-09-04T20:53:51","guid":{"rendered":"https:\/\/staging.nbg.eu\/product\/law-tactical-llc-ar-15-m16-gen3-m-folding-stock-adapter-99312\/"},"modified":"2025-09-29T15:51:44","modified_gmt":"2025-09-29T12:51:44","slug":"law-tactical-llc-ar-15m16-gen3-m-oesszecsukhato-valltamasz-adapter-99312","status":"publish","type":"product","link":"https:\/\/staging.nbg.eu\/hu\/termek\/law-tactical-llc-ar-15m16-gen3-m-oesszecsukhato-valltamasz-adapter-99312\/","title":{"rendered":"LAW TACTICAL LLC AR-15\/M16 Gen3-M \u00d6sszecsukhat\u00f3 V\u00e1llt\u00e1masz Adapter (99312)"},"content":{"rendered":"<h2>LAW TACTICAL LLC AR-15\/M16 Gen3-M \u00d6sszehajthat\u00f3 Tus Adapter (99312)<\/h2>\n<p>AR platform pusk\u00e1hoz kompatibilis \u00f6sszehajthat\u00f3 tus adapter. Ez a kieg\u00e9sz\u00edt\u0151 m\u0171k\u00f6dik k\u00f6zvetlen g\u00e1zelv\u00e9teles \u00e9s g\u00e1zdugatty\u00fas rendszerekkel, illeszkedik A2, karab\u00e9ly, katonai szabv\u00e1ny vagy kereskedelmi puffercs\u00f6vekhez \u00e9s tusokhoz.<\/p>\n<ul>\n<li>Kompatibilis standard z\u00e1rkeretekkel (teljes automata, f\u00e9lautomata, 5,56-t\u00f3l .308-ig)<\/li>\n<li>Alacsony profil\u00fa sz\u00e1ll\u00edt\u00e1shoz alkalmas<\/li>\n<li>Egyetlen gombnyom\u00e1ssal \u00f6sszehajthat\u00f3<\/li>\n<li>Automatikusan r\u00f6gz\u00fcl kinyitott \u00e1llapotban<\/li>\n<li>CNC megmunk\u00e1lt 4140 ac\u00e9lb\u00f3l<\/li>\n<li>Az Egyes\u00fclt \u00c1llamokban tervezve, gy\u00e1rtva \u00e9s \u00f6sszeszerelve<\/li>\n<li>Be\u00e9p\u00edtett egyponton r\u00f6gz\u00edthet\u0151 hevederr\u00f6gz\u00edt\u00e9s<\/li>\n<\/ul>\n<p>N\u00f6veli az AR sokoldal\u00fas\u00e1g\u00e1t a m\u0171k\u00f6d\u00e9s meg\u0151rz\u00e9se mellett.<\/p>\n","protected":false},"excerpt":{"rendered":"<p>Kompakt AR-15\/M16 \u00f6sszecsukhat\u00f3 tus adapter alacsony profil\u00fa sz\u00e1ll\u00edt\u00e1shoz.<\/p>\n","protected":false},"featured_media":496054,"template":"","meta":{"_acf_changed":false},"product_brand":[],"product_cat":[12967,12916,12927],"product_tag":[],"class_list":{"0":"post-535401","1":"product","2":"type-product","3":"status-publish","4":"has-post-thumbnail","6":"product_cat-puska","7":"product_cat-puska-tuning","8":"product_cat-puskatusok","10":"first","11":"instock","12":"taxable","13":"shipping-taxable","14":"purchasable","15":"product-type-simple"},"acf":[],"_links":{"self":[{"href":"https:\/\/staging.nbg.eu\/hu\/wp-json\/wp\/v2\/product\/535401","targetHints":{"allow":["GET"]}}],"collection":[{"href":"https:\/\/staging.nbg.eu\/hu\/wp-json\/wp\/v2\/product"}],"about":[{"href":"https:\/\/staging.nbg.eu\/hu\/wp-json\/wp\/v2\/types\/product"}],"wp:featuredmedia":[{"embeddable":true,"href":"https:\/\/staging.nbg.eu\/hu\/wp-json\/wp\/v2\/media\/496054"}],"wp:attachment":[{"href":"https:\/\/staging.nbg.eu\/hu\/wp-json\/wp\/v2\/media?parent=535401"}],"wp:term":[{"taxonomy":"product_brand","embeddable":true,"href":"https:\/\/staging.nbg.eu\/hu\/wp-json\/wp\/v2\/product_brand?post=535401"},{"taxonomy":"product_cat","embeddable":true,"href":"https:\/\/staging.nbg.eu\/hu\/wp-json\/wp\/v2\/product_cat?post=535401"},{"taxonomy":"product_tag","embeddable":true,"href":"https:\/\/staging.nbg.eu\/hu\/wp-json\/wp\/v2\/product_tag?post=535401"}],"curies":[{"name":"wp","href":"https:\/\/api.w.org\/{rel}","templated":true}]}}