{"id":535292,"date":"2025-09-04T23:53:23","date_gmt":"2025-09-04T20:53:23","guid":{"rendered":"https:\/\/staging.nbg.eu\/product\/bravo-company-bcmgunfighter-quick-detach-sling-swivel-heavy-duty-design-bcm-qdss-2\/"},"modified":"2025-09-29T15:42:45","modified_gmt":"2025-09-29T12:42:45","slug":"bravo-company-bcmgunfighter-gyorsoldasu-heveder-forgokapocs-eros-kivitel-bcm-qdss-2","status":"publish","type":"product","link":"https:\/\/staging.nbg.eu\/hu\/termek\/bravo-company-bcmgunfighter-gyorsoldasu-heveder-forgokapocs-eros-kivitel-bcm-qdss-2\/","title":{"rendered":"BRAVO COMPANY BCMGUNFIGHTER Gyorsold\u00e1s\u00fa Heveder Forg\u00f3kapocs Er\u0151s Kivitel (BCM-QDSs-2)"},"content":{"rendered":"<h2>BCMGUNFIGHTER\u2122 Gyorsan lev\u00e1laszthat\u00f3 sz\u00edjforg\u00f3 (Meger\u0151s\u00edtett kivitel)<\/h2>\n<p>A BCMGUNFIGHTER\u2122 Gyorsan lev\u00e1laszthat\u00f3 sz\u00edjforg\u00f3 (BCM-QDSs-2) 1-1\/4&#8243; sz\u00edjakhoz haszn\u00e1lhat\u00f3.<\/p>\n<ul>\n<li>S\u00fcllyesztett dugatty\u00fa megakad\u00e1lyozza a v\u00e9letlen kiold\u00f3d\u00e1st<\/li>\n<li>Csiszolt \u00e9s homokf\u00favott fel\u00fclet a sima befejez\u00e9s\u00e9rt<\/li>\n<li>Sz\u00e9nac\u00e9lb\u00f3l k\u00e9sz\u00fclt, mang\u00e1n-foszf\u00e1t bevonattal<\/li>\n<li>1-1\/4&#8243; sz\u00edjakkal kompatibilis<\/li>\n<\/ul>\n<p>Ez a sz\u00edjforg\u00f3 az Egyes\u00fclt \u00c1llamokban k\u00e9sz\u00fcl.<\/p>\n","protected":false},"excerpt":{"rendered":"<p>Tart\u00f3s, amerikai gy\u00e1rt\u00e1s\u00fa QD hevedercsatlakoz\u00f3 1,25&#8243; (3,175 cm) sz\u00e9les hevederekhez. Biztons\u00e1gos \u00e9s strapab\u00edr\u00f3.<\/p>\n","protected":false},"featured_media":495893,"template":"","meta":{"_acf_changed":false},"product_brand":[11064],"product_cat":[12930,12967,12916],"product_tag":[],"class_list":{"0":"post-535292","1":"product","2":"type-product","3":"status-publish","4":"has-post-thumbnail","6":"product_brand-bcm","7":"product_cat-hevederek","8":"product_cat-puska","9":"product_cat-puska-tuning","11":"first","12":"outofstock","13":"taxable","14":"shipping-taxable","15":"purchasable","16":"product-type-simple"},"acf":[],"_links":{"self":[{"href":"https:\/\/staging.nbg.eu\/hu\/wp-json\/wp\/v2\/product\/535292","targetHints":{"allow":["GET"]}}],"collection":[{"href":"https:\/\/staging.nbg.eu\/hu\/wp-json\/wp\/v2\/product"}],"about":[{"href":"https:\/\/staging.nbg.eu\/hu\/wp-json\/wp\/v2\/types\/product"}],"wp:featuredmedia":[{"embeddable":true,"href":"https:\/\/staging.nbg.eu\/hu\/wp-json\/wp\/v2\/media\/495893"}],"wp:attachment":[{"href":"https:\/\/staging.nbg.eu\/hu\/wp-json\/wp\/v2\/media?parent=535292"}],"wp:term":[{"taxonomy":"product_brand","embeddable":true,"href":"https:\/\/staging.nbg.eu\/hu\/wp-json\/wp\/v2\/product_brand?post=535292"},{"taxonomy":"product_cat","embeddable":true,"href":"https:\/\/staging.nbg.eu\/hu\/wp-json\/wp\/v2\/product_cat?post=535292"},{"taxonomy":"product_tag","embeddable":true,"href":"https:\/\/staging.nbg.eu\/hu\/wp-json\/wp\/v2\/product_tag?post=535292"}],"curies":[{"name":"wp","href":"https:\/\/api.w.org\/{rel}","templated":true}]}}