{"id":535075,"date":"2025-09-04T20:17:18","date_gmt":"2025-09-04T17:17:18","guid":{"rendered":"https:\/\/staging.nbg.eu\/product\/sprinco-usa-308-m4-extension-tube-cs-xp-buffer-spring-in-hard-tube-25762-orange\/"},"modified":"2025-09-29T15:16:28","modified_gmt":"2025-09-29T12:16:28","slug":"sprinco-usa-308-m4-hosszabbito-co-cs-xp-csillapito-rugo-kemeny-csoben-25762-narancs","status":"publish","type":"product","link":"https:\/\/staging.nbg.eu\/hu\/termek\/sprinco-usa-308-m4-hosszabbito-co-cs-xp-csillapito-rugo-kemeny-csoben-25762-narancs\/","title":{"rendered":"SPRINCO USA 308 M4 HOSSZABB\u00cdT\u00d3 C\u0150 CS XP CSILLAP\u00cdT\u00d3 RUG\u00d3 KEM\u00c9NY CS\u0150BEN (25762) Narancs"},"content":{"rendered":"<div class=\"product-description\">\n<h2>SPRINCO USA 308 M4 hosszabb\u00edt\u00f3 cs\u0151 CS XP puffer rug\u00f3 kem\u00e9ny cs\u0151ben (25762) Narancss\u00e1rga<\/h2>\n<p>Ez a Sprinco USA puffer rug\u00f3 nagy m\u00e9ret\u0171 karab\u00e9lyokhoz k\u00e9sz\u00fclt, \u00e9s t\u00f6bb konfigur\u00e1ci\u00f3ban haszn\u00e1lhat\u00f3:<\/p>\n<ul>\n<li>DPMS mint\u00e1j\u00fa .308 \/ 6.5 CM standard 7&#8243; M4 puffer cs\u0151vel \u00e9s 2.5&#8243; r\u00f6vid pufferrel<\/li>\n<li>SR-25 \/ Armalite mint\u00e1j\u00fa k\u00f6zepes m\u00e9lys\u00e9g\u0171 karab\u00e9lyok 3.25&#8243; pufferekkel<\/li>\n<li>Standard 7&#8243; M4 cs\u00f6vek t\u00falg\u00e1zos\u00edtott karab\u00e9lyokban (5.56, 6.8 SPC, 6.5 Grendel, stb.)<\/li>\n<\/ul>\n<p>Ez a puffer rug\u00f3 kem\u00e9ny cs\u0151ben van csomagolva a sz\u00e1ll\u00edt\u00e1s \u00e9s t\u00e1rol\u00e1s k\u00f6zbeni v\u00e9delem \u00e9rdek\u00e9ben.<\/p>\n<\/div>\n","protected":false},"excerpt":{"rendered":"<p>Sokoldal\u00fa pufferrug\u00f3 .308\/6.5 CM karab\u00e9lyokhoz \u00e9s t\u00falg\u00e1zos\u00edtott pusk\u00e1khoz.<\/p>\n","protected":false},"featured_media":495547,"template":"","meta":{"_acf_changed":false},"product_brand":[],"product_cat":[12967,12916,12978],"product_tag":[],"class_list":{"0":"post-535075","1":"product","2":"type-product","3":"status-publish","4":"has-post-thumbnail","6":"product_cat-puska","7":"product_cat-puska-tuning","8":"product_cat-rugok","10":"first","11":"instock","12":"taxable","13":"shipping-taxable","14":"purchasable","15":"product-type-simple"},"acf":[],"_links":{"self":[{"href":"https:\/\/staging.nbg.eu\/hu\/wp-json\/wp\/v2\/product\/535075","targetHints":{"allow":["GET"]}}],"collection":[{"href":"https:\/\/staging.nbg.eu\/hu\/wp-json\/wp\/v2\/product"}],"about":[{"href":"https:\/\/staging.nbg.eu\/hu\/wp-json\/wp\/v2\/types\/product"}],"wp:featuredmedia":[{"embeddable":true,"href":"https:\/\/staging.nbg.eu\/hu\/wp-json\/wp\/v2\/media\/495547"}],"wp:attachment":[{"href":"https:\/\/staging.nbg.eu\/hu\/wp-json\/wp\/v2\/media?parent=535075"}],"wp:term":[{"taxonomy":"product_brand","embeddable":true,"href":"https:\/\/staging.nbg.eu\/hu\/wp-json\/wp\/v2\/product_brand?post=535075"},{"taxonomy":"product_cat","embeddable":true,"href":"https:\/\/staging.nbg.eu\/hu\/wp-json\/wp\/v2\/product_cat?post=535075"},{"taxonomy":"product_tag","embeddable":true,"href":"https:\/\/staging.nbg.eu\/hu\/wp-json\/wp\/v2\/product_tag?post=535075"}],"curies":[{"name":"wp","href":"https:\/\/api.w.org\/{rel}","templated":true}]}}