{"id":534961,"date":"2025-09-04T20:17:18","date_gmt":"2025-09-04T17:17:18","guid":{"rendered":"https:\/\/staging.nbg.eu\/product\/sprinco-usa-ar-308-buferna-pruzhina-25004-cherveno\/"},"modified":"2025-09-29T14:58:55","modified_gmt":"2025-09-29T11:58:55","slug":"sprinco-usa-ar-308-puffer-rugo-25004-piros","status":"publish","type":"product","link":"https:\/\/staging.nbg.eu\/hu\/termek\/sprinco-usa-ar-308-puffer-rugo-25004-piros\/","title":{"rendered":"SPRINCO USA AR .308 Puffer Rug\u00f3 (25004) Piros"},"content":{"rendered":"<div class=\"product-description\">\n<h2>SPRINCO USA AR .308 Pufferrug\u00f3 (25004) Piros<\/h2>\n<p>A SPRINCO USA AR .308 Pufferug\u00f3 (25004) Piros jellemz\u0151i:<\/p>\n<ul>\n<li>Kr\u00f3m-szil\u00edcium rug\u00f3<\/li>\n<li>Tart\u00f3sabb, mint a standard rug\u00f3k<\/li>\n<li>Jav\u00edtja a megb\u00edzhat\u00f3s\u00e1got \u00e9s a m\u0171k\u00f6d\u00e9st<\/li>\n<li>Cs\u00f6kkenti a z\u00e1rszerkezet visszapattan\u00e1s\u00e1t<\/li>\n<li>Jobb visszar\u00fag\u00e1s-kezel\u00e9s<\/li>\n<li>Kompatibilis hangtomp\u00edt\u00f3s fegyverekkel<\/li>\n<\/ul>\n<p>M4 \u00e9s CAR-15 karab\u00e9ly pufferrendszerekhez tervezt\u00e9k. Ez az extra er\u0151s rug\u00f3 piros sz\u00edn\u0171. V\u00e9d\u0151cs\u0151ben csomagolva \u00e9rkezik. AR-15 platform karab\u00e9lyokhoz haszn\u00e1lhat\u00f3.<\/p>\n<\/div>\n","protected":false},"excerpt":{"rendered":"<p>Nagy teljes\u00edtm\u00e9ny\u0171 AR .308 pufferhenger rug\u00f3. Piros sz\u00edn\u0171, n\u00f6veli a megb\u00edzhat\u00f3s\u00e1got.<\/p>\n","protected":false},"featured_media":495524,"template":"","meta":{"_acf_changed":false},"product_brand":[],"product_cat":[12916,12978],"product_tag":[],"class_list":{"0":"post-534961","1":"product","2":"type-product","3":"status-publish","4":"has-post-thumbnail","6":"product_cat-puska-tuning","7":"product_cat-rugok","9":"first","10":"instock","11":"taxable","12":"shipping-taxable","13":"purchasable","14":"product-type-simple"},"acf":[],"_links":{"self":[{"href":"https:\/\/staging.nbg.eu\/hu\/wp-json\/wp\/v2\/product\/534961","targetHints":{"allow":["GET"]}}],"collection":[{"href":"https:\/\/staging.nbg.eu\/hu\/wp-json\/wp\/v2\/product"}],"about":[{"href":"https:\/\/staging.nbg.eu\/hu\/wp-json\/wp\/v2\/types\/product"}],"wp:featuredmedia":[{"embeddable":true,"href":"https:\/\/staging.nbg.eu\/hu\/wp-json\/wp\/v2\/media\/495524"}],"wp:attachment":[{"href":"https:\/\/staging.nbg.eu\/hu\/wp-json\/wp\/v2\/media?parent=534961"}],"wp:term":[{"taxonomy":"product_brand","embeddable":true,"href":"https:\/\/staging.nbg.eu\/hu\/wp-json\/wp\/v2\/product_brand?post=534961"},{"taxonomy":"product_cat","embeddable":true,"href":"https:\/\/staging.nbg.eu\/hu\/wp-json\/wp\/v2\/product_cat?post=534961"},{"taxonomy":"product_tag","embeddable":true,"href":"https:\/\/staging.nbg.eu\/hu\/wp-json\/wp\/v2\/product_tag?post=534961"}],"curies":[{"name":"wp","href":"https:\/\/api.w.org\/{rel}","templated":true}]}}