{"id":534856,"date":"2025-09-04T20:17:18","date_gmt":"2025-09-04T17:17:18","guid":{"rendered":"https:\/\/staging.nbg.eu\/product\/sprinco-usa-enhanced-4-coil-bolt-carrier-extractor-cs-spring-3-pak-25435-red\/"},"modified":"2025-09-29T14:49:56","modified_gmt":"2025-09-29T11:49:56","slug":"sprinco-usa-tovabbfejlesztett-4-menetes-csavarzar-kivetito-cs-rugo-3-as-csomag-25435-piros","status":"publish","type":"product","link":"https:\/\/staging.nbg.eu\/hu\/termek\/sprinco-usa-tovabbfejlesztett-4-menetes-csavarzar-kivetito-cs-rugo-3-as-csomag-25435-piros\/","title":{"rendered":"SPRINCO USA TOV\u00c1BBFEJLESZTETT 4-MENETES CSAVARZ\u00c1R KIVET\u00cdT\u0150 CS RUG\u00d3 3-AS CSOMAG (25435) Piros"},"content":{"rendered":"<div class=\"product-description\">\n<h2>SPRINCO USA 4 tekercs\u0171 h\u00fcvelyvon\u00f3 CS rug\u00f3 3 csomag (25435) Piros<\/h2>\n<p>Sprinco USA gy\u00e1rtm\u00e1ny\u00fa 4 tekercs\u0171 h\u00fcvelyvon\u00f3 CS rug\u00f3 3 csomag. H\u0151kezelt, fesz\u00fclts\u00e9gmentes\u00edtett kr\u00f3m-szil\u00edcium huzalb\u00f3l k\u00e9sz\u00fcl, kriog\u00e9n kezel\u00e9sen esett \u00e1t \u00e9s \u00fajramikroniz\u00e1lt molibd\u00e9n-diszulfid bevonattal rendelkezik.<\/p>\n<ul>\n<li>Fenntartja az \u00faj katonai szabv\u00e1ny rug\u00f3 meghosszabb\u00edtott szolg\u00e1lati ciklus\u00e1t<\/li>\n<li>18&#8243;+ cs\u0151hossz\u00fas\u00e1gokhoz \u00e9s h\u00fcvelyvisszanyer\u00e9shez aj\u00e1nlott<\/li>\n<li>H\u0151\u00e1ll\u00f3 750\u00b0F-ig<\/li>\n<li>Extr\u00e9m szolg\u00e1lati ciklusok konzisztens teljes\u00edtm\u00e9nnyel<\/li>\n<li>&#8222;Plug &amp; play&#8221; megold\u00e1s<\/li>\n<\/ul>\n<p>Sprinco megb\u00edzhat\u00f3, nagy teljes\u00edtm\u00e9ny\u0171 h\u00fcvelyvon\u00f3 rug\u00f3k a l\u0151fegyver m\u0171k\u00f6d\u00e9s\u00e9nek \u00e9s \u00e9lettartam\u00e1nak jav\u00edt\u00e1s\u00e1ra.<\/p>\n<\/div>\n","protected":false},"excerpt":{"rendered":"<p>Tart\u00f3s, 4 tekercses extraktorrug\u00f3k hosszabb haszn\u00e1lati ciklusokhoz. USA-ban gy\u00e1rtva.<\/p>\n","protected":false},"featured_media":495498,"template":"","meta":{"_acf_changed":false},"product_brand":[],"product_cat":[12983],"product_tag":[],"class_list":{"0":"post-534856","1":"product","2":"type-product","3":"status-publish","4":"has-post-thumbnail","6":"product_cat-kategorizalatlan","8":"first","9":"instock","10":"taxable","11":"shipping-taxable","12":"purchasable","13":"product-type-simple"},"acf":[],"_links":{"self":[{"href":"https:\/\/staging.nbg.eu\/hu\/wp-json\/wp\/v2\/product\/534856","targetHints":{"allow":["GET"]}}],"collection":[{"href":"https:\/\/staging.nbg.eu\/hu\/wp-json\/wp\/v2\/product"}],"about":[{"href":"https:\/\/staging.nbg.eu\/hu\/wp-json\/wp\/v2\/types\/product"}],"wp:featuredmedia":[{"embeddable":true,"href":"https:\/\/staging.nbg.eu\/hu\/wp-json\/wp\/v2\/media\/495498"}],"wp:attachment":[{"href":"https:\/\/staging.nbg.eu\/hu\/wp-json\/wp\/v2\/media?parent=534856"}],"wp:term":[{"taxonomy":"product_brand","embeddable":true,"href":"https:\/\/staging.nbg.eu\/hu\/wp-json\/wp\/v2\/product_brand?post=534856"},{"taxonomy":"product_cat","embeddable":true,"href":"https:\/\/staging.nbg.eu\/hu\/wp-json\/wp\/v2\/product_cat?post=534856"},{"taxonomy":"product_tag","embeddable":true,"href":"https:\/\/staging.nbg.eu\/hu\/wp-json\/wp\/v2\/product_tag?post=534856"}],"curies":[{"name":"wp","href":"https:\/\/api.w.org\/{rel}","templated":true}]}}