{"id":534739,"date":"2025-09-04T20:17:18","date_gmt":"2025-09-04T17:17:18","guid":{"rendered":"https:\/\/staging.nbg.eu\/product\/law-tactical-llc-ar-15-m16-gen3-m-folding-stock-adapter-fde-99313\/"},"modified":"2025-09-29T13:46:15","modified_gmt":"2025-09-29T10:46:15","slug":"law-tactical-llc-ar-15m16-gen3-m-oesszecsukhato-valltamasz-adapter-fde-99313","status":"publish","type":"product","link":"https:\/\/staging.nbg.eu\/hu\/termek\/law-tactical-llc-ar-15m16-gen3-m-oesszecsukhato-valltamasz-adapter-fde-99313\/","title":{"rendered":"LAW TACTICAL LLC AR-15\/M16 Gen3-M \u00d6sszecsukhat\u00f3 V\u00e1llt\u00e1masz Adapter FDE (99313)"},"content":{"rendered":"<div class=\"product-description\">\n<h2>LAW TACTICAL LLC AR-15\/M16 Gen3-M \u00d6sszecsukhat\u00f3 Tus Adapter FDE (99313)<\/h2>\n<p>Az USA-ban gy\u00e1rtott LAW TACTICAL Gen3-M \u00d6sszecsukhat\u00f3 Tus Adapter lehet\u0151v\u00e9 teszi egy \u00f6sszecsukhat\u00f3 tus egyszer\u0171 felszerel\u00e9s\u00e9t, kompakt pusk\u00e1t l\u00e9trehozva.<\/p>\n<ul>\n<li>Kompatibilis standard g\u00e1zelvezet\u0151 \u00e9s g\u00e1zdugatty\u00fas rendszerekkel<\/li>\n<li>Elfogad A2, katonai szabv\u00e1ny M4-st\u00edlus\u00fa \u00e9s kereskedelmi karab\u00e9ly vev\u0151cs\u0151-toldal\u00e9kokat<\/li>\n<li>M\u0171k\u00f6dik standard z\u00e1rszerkezetekkel, bele\u00e9rtve a teljesen automata \u00e9s .308 m\u00e9ret\u0171eket<\/li>\n<li>Egygombos m\u0171k\u00f6dtet\u00e9s az \u00f6sszecsuk\u00e1shoz \u00e9s kinyit\u00e1shoz<\/li>\n<li>\u00c1ll\u00edthat\u00f3 zsan\u00e9rfeszess\u00e9g<\/li>\n<li>DLC bevonat<\/li>\n<li>1,3 h\u00fcvelykkel n\u00f6veli a h\u00faz\u00e1shosszt<\/li>\n<li>S\u00faly: 8,5 uncia<\/li>\n<\/ul>\n<p><strong>Megjegyz\u00e9s:<\/strong> Ne l\u0151j\u00f6n \u00f6sszecsukott tussal. Csak Centerfire \u00e9s katonai szabv\u00e1ny hordoz\u00f3kkal, vagy kompatibilis AR 9mm z\u00e1rszerkezetekkel haszn\u00e1lhat\u00f3.<\/p>\n<\/div>\n","protected":false},"excerpt":{"rendered":"<p>Kompakt AR-15 \u00f6sszecsukhat\u00f3 tusaadapter k\u00f6nny\u0171 sz\u00e1ll\u00edt\u00e1shoz \u00e9s t\u00e1rol\u00e1shoz.<\/p>\n","protected":false},"featured_media":495383,"template":"","meta":{"_acf_changed":false},"product_brand":[],"product_cat":[12967,12916,12927],"product_tag":[],"class_list":{"0":"post-534739","1":"product","2":"type-product","3":"status-publish","4":"has-post-thumbnail","6":"product_cat-puska","7":"product_cat-puska-tuning","8":"product_cat-puskatusok","10":"first","11":"instock","12":"taxable","13":"shipping-taxable","14":"purchasable","15":"product-type-simple"},"acf":[],"_links":{"self":[{"href":"https:\/\/staging.nbg.eu\/hu\/wp-json\/wp\/v2\/product\/534739","targetHints":{"allow":["GET"]}}],"collection":[{"href":"https:\/\/staging.nbg.eu\/hu\/wp-json\/wp\/v2\/product"}],"about":[{"href":"https:\/\/staging.nbg.eu\/hu\/wp-json\/wp\/v2\/types\/product"}],"wp:featuredmedia":[{"embeddable":true,"href":"https:\/\/staging.nbg.eu\/hu\/wp-json\/wp\/v2\/media\/495383"}],"wp:attachment":[{"href":"https:\/\/staging.nbg.eu\/hu\/wp-json\/wp\/v2\/media?parent=534739"}],"wp:term":[{"taxonomy":"product_brand","embeddable":true,"href":"https:\/\/staging.nbg.eu\/hu\/wp-json\/wp\/v2\/product_brand?post=534739"},{"taxonomy":"product_cat","embeddable":true,"href":"https:\/\/staging.nbg.eu\/hu\/wp-json\/wp\/v2\/product_cat?post=534739"},{"taxonomy":"product_tag","embeddable":true,"href":"https:\/\/staging.nbg.eu\/hu\/wp-json\/wp\/v2\/product_tag?post=534739"}],"curies":[{"name":"wp","href":"https:\/\/api.w.org\/{rel}","templated":true}]}}