{"id":533862,"date":"2025-09-04T18:48:24","date_gmt":"2025-09-04T15:48:24","guid":{"rendered":"https:\/\/staging.nbg.eu\/product\/utg-h2-hard-coat-heavy-recoil-buffer-ar-15-m4-m16-rb-t6bfh2\/"},"modified":"2025-09-29T11:12:36","modified_gmt":"2025-09-29T08:12:36","slug":"utg-h2-kemenybevonatos-eros-visszarugas-csillapito-ar-15-m4-m16-rb-t6bfh2","status":"publish","type":"product","link":"https:\/\/staging.nbg.eu\/hu\/termek\/utg-h2-kemenybevonatos-eros-visszarugas-csillapito-ar-15-m4-m16-rb-t6bfh2\/","title":{"rendered":"UTG &#8211; H2 Kem\u00e9nybevonatos Er\u0151s Visszar\u00fag\u00e1s Csillap\u00edt\u00f3 &#8211; AR-15 \/ M4 \/ M16 &#8211; RB-T6BFH2"},"content":{"rendered":"<div class=\"product-description\">\n<h2>UTG &#8211; H2 Kem\u00e9ny Bevonat\u00fa Neh\u00e9z Visszar\u00fag\u00e1s-cs\u00f6kkent\u0151 &#8211; AR-15 \/ M4 \/ M16<\/h2>\n<p>AR-15 platformhoz val\u00f3 UTG H2 neh\u00e9z visszar\u00fag\u00e1s-cs\u00f6kkent\u0151. Jellemz\u0151i:<\/p>\n<ul>\n<li>2 neh\u00e9z volfr\u00e1m s\u00faly \u00e9s 1 ac\u00e9l s\u00faly a ciklus jav\u00edt\u00e1s\u00e1hoz \u00e9s a megb\u00edzhat\u00f3s\u00e1g n\u00f6vel\u00e9s\u00e9hez<\/li>\n<li>Meger\u0151s\u00edtett puffertestet kem\u00e9nybevonat\u00fa elox\u00e1l\u00e1ssal a tart\u00f3ss\u00e1g\u00e9rt<\/li>\n<li>Szoros illeszked\u00e9s\u0171 puffer \u00fctk\u00f6z\u0151 az optim\u00e1lis teljes\u00edtm\u00e9ny\u00e9rt<\/li>\n<li>Teljes s\u00faly: 4,6 uncia<\/li>\n<\/ul>\n<p>AR-15, M4 \u00e9s M16 modellekkel kompatibilis, matt fekete puffer a visszar\u00fag\u00e1s cs\u00f6kkent\u00e9s\u00e9re. A volfr\u00e1m, ac\u00e9l \u00e9s alum\u00ednium anyagok kombin\u00e1ci\u00f3ja biztos\u00edtja a tart\u00f3ss\u00e1got \u00e9s a k\u00f6vetkezetes teljes\u00edtm\u00e9nyt.<\/p>\n<\/div>\n","protected":false},"excerpt":{"rendered":"<p>UTG H2 neh\u00e9z visszar\u00fag\u00e1s-puffer: Sim\u00e1bb m\u0171k\u00f6d\u00e9st biztos\u00edt az AR-15 karab\u00e9lyokhoz.<\/p>\n","protected":false},"featured_media":494367,"template":"","meta":{"_acf_changed":false},"product_brand":[],"product_cat":[12916],"product_tag":[],"class_list":{"0":"post-533862","1":"product","2":"type-product","3":"status-publish","4":"has-post-thumbnail","6":"product_cat-puska-tuning","8":"first","9":"instock","10":"taxable","11":"shipping-taxable","12":"purchasable","13":"product-type-simple"},"acf":[],"_links":{"self":[{"href":"https:\/\/staging.nbg.eu\/hu\/wp-json\/wp\/v2\/product\/533862","targetHints":{"allow":["GET"]}}],"collection":[{"href":"https:\/\/staging.nbg.eu\/hu\/wp-json\/wp\/v2\/product"}],"about":[{"href":"https:\/\/staging.nbg.eu\/hu\/wp-json\/wp\/v2\/types\/product"}],"wp:featuredmedia":[{"embeddable":true,"href":"https:\/\/staging.nbg.eu\/hu\/wp-json\/wp\/v2\/media\/494367"}],"wp:attachment":[{"href":"https:\/\/staging.nbg.eu\/hu\/wp-json\/wp\/v2\/media?parent=533862"}],"wp:term":[{"taxonomy":"product_brand","embeddable":true,"href":"https:\/\/staging.nbg.eu\/hu\/wp-json\/wp\/v2\/product_brand?post=533862"},{"taxonomy":"product_cat","embeddable":true,"href":"https:\/\/staging.nbg.eu\/hu\/wp-json\/wp\/v2\/product_cat?post=533862"},{"taxonomy":"product_tag","embeddable":true,"href":"https:\/\/staging.nbg.eu\/hu\/wp-json\/wp\/v2\/product_tag?post=533862"}],"curies":[{"name":"wp","href":"https:\/\/api.w.org\/{rel}","templated":true}]}}