{"id":533749,"date":"2025-09-04T18:48:23","date_gmt":"2025-09-04T15:48:23","guid":{"rendered":"https:\/\/staging.nbg.eu\/product\/utg-h3-carbine-buffer-ar15-m4-rb-t6bfh3\/"},"modified":"2025-09-29T11:03:48","modified_gmt":"2025-09-29T08:03:48","slug":"utg-h3-karabely-csillapito-ar15-m4-rb-t6bfh3","status":"publish","type":"product","link":"https:\/\/staging.nbg.eu\/hu\/termek\/utg-h3-karabely-csillapito-ar15-m4-rb-t6bfh3\/","title":{"rendered":"UTG &#8211; H3 Karab\u00e9ly Csillap\u00edt\u00f3 &#8211; AR15 \/ M4 &#8211; RB-T6BFH3"},"content":{"rendered":"<div class=\"product-description\">\n<h2>UTG &#8211; H3 Karab\u00e9ly Puffer &#8211; AR15 \/ M4 &#8211; RB-T6BFH3<\/h2>\n<p>Az UTG H3 Kem\u00e9ny Bevonat\u00fa Visszar\u00fag\u00e1s Puffer jellemz\u0151i:<\/p>\n<ul>\n<li>3 neh\u00e9z volfr\u00e1m s\u00faly<\/li>\n<li>Meger\u0151s\u00edtett 6061-T6 alum\u00ednium test kem\u00e9ny bevonat\u00fa elox\u00e1lt fel\u00fclettel<\/li>\n<li>Szorosan illeszked\u0151 v\u00e9g\u00fctk\u00f6z\u0151<\/li>\n<li>N\u00f6veli a tart\u00f3zkod\u00e1si id\u0151t \u00e9s megk\u00f6nny\u00edti a kivon\u00e1st<\/li>\n<li>Cs\u00f6kkenti az \u00e9rz\u00e9kelt visszar\u00fag\u00e1st<\/li>\n<li>Jav\u00edthatja a pontoss\u00e1got nehezebb kaliberekn\u00e9l<\/li>\n<\/ul>\n<p>5,4 uncia s\u00faly\u00fa. Az AR platform k\u00e9nyelmesebb\u00e9 \u00e9s potenci\u00e1lisan pontosabb\u00e1 t\u00e9tel\u00e9re tervezt\u00e9k.<\/p>\n","protected":false},"excerpt":{"rendered":"<p>UTG H3 karab\u00e9ly puffer: Cs\u00f6kkenti a visszar\u00fag\u00e1st, jav\u00edtja a k\u00e9nyelmet az AR15\/M4 fegyverekhez.<\/p>\n","protected":false},"featured_media":494319,"template":"","meta":{"_acf_changed":false},"product_brand":[],"product_cat":[12916],"product_tag":[],"class_list":{"0":"post-533749","1":"product","2":"type-product","3":"status-publish","4":"has-post-thumbnail","6":"product_cat-puska-tuning","8":"first","9":"instock","10":"taxable","11":"shipping-taxable","12":"purchasable","13":"product-type-simple"},"acf":[],"_links":{"self":[{"href":"https:\/\/staging.nbg.eu\/hu\/wp-json\/wp\/v2\/product\/533749","targetHints":{"allow":["GET"]}}],"collection":[{"href":"https:\/\/staging.nbg.eu\/hu\/wp-json\/wp\/v2\/product"}],"about":[{"href":"https:\/\/staging.nbg.eu\/hu\/wp-json\/wp\/v2\/types\/product"}],"wp:featuredmedia":[{"embeddable":true,"href":"https:\/\/staging.nbg.eu\/hu\/wp-json\/wp\/v2\/media\/494319"}],"wp:attachment":[{"href":"https:\/\/staging.nbg.eu\/hu\/wp-json\/wp\/v2\/media?parent=533749"}],"wp:term":[{"taxonomy":"product_brand","embeddable":true,"href":"https:\/\/staging.nbg.eu\/hu\/wp-json\/wp\/v2\/product_brand?post=533749"},{"taxonomy":"product_cat","embeddable":true,"href":"https:\/\/staging.nbg.eu\/hu\/wp-json\/wp\/v2\/product_cat?post=533749"},{"taxonomy":"product_tag","embeddable":true,"href":"https:\/\/staging.nbg.eu\/hu\/wp-json\/wp\/v2\/product_tag?post=533749"}],"curies":[{"name":"wp","href":"https:\/\/api.w.org\/{rel}","templated":true}]}}