{"id":533410,"date":"2025-09-07T23:46:53","date_gmt":"2025-09-07T20:46:53","guid":{"rendered":"https:\/\/staging.nbg.eu\/product\/vanward-thread-insert\/"},"modified":"2025-09-29T10:50:31","modified_gmt":"2025-09-29T07:50:31","slug":"vanward-menetes-betet","status":"publish","type":"product","link":"https:\/\/staging.nbg.eu\/hu\/termek\/vanward-menetes-betet\/","title":{"rendered":"Vanward Menetes Bet\u00e9t"},"content":{"rendered":"<div class=\"product-description\">\n<h2>Vanward menetes bet\u00e9t<\/h2>\n<p>B\u0151v\u00edtse Vanward Hunter \u00e9s Hunter Pro hangtomp\u00edt\u00f3it ac\u00e9l menetes bet\u00e9tekkel. T\u00f6bb m\u00e9retben \u00e9s konfigur\u00e1ci\u00f3ban el\u00e9rhet\u0151 az \u00d6n ig\u00e9nyei szerint:<\/p>\n<ul>\n<li>M13<\/li>\n<li>M14<\/li>\n<li>M15<\/li>\n<li>M17<\/li>\n<li>M18<\/li>\n<li>M22<\/li>\n<\/ul>\n<p>Ezek a menetes bet\u00e9tek biztons\u00e1gos \u00e9s pontos illeszked\u00e9st biztos\u00edtanak a hangtomp\u00edt\u00f3 perselyhez. Ac\u00e9lb\u00f3l k\u00e9sz\u00fcltek, tart\u00f3ss\u00e1got \u00e9s teljes\u00edtm\u00e9nyt biztos\u00edtanak k\u00fcl\u00f6nb\u00f6z\u0151 l\u00f6v\u00e9si k\u00f6r\u00fclm\u00e9nyek k\u00f6z\u00f6tt.<\/p>\n<p>Kompatibilisek mind a Vanward Hunter, mind a Hunter Pro modellekkel. Friss\u00edtse hangtomp\u00edt\u00f3 k\u00e9szlet\u00e9t Vanward menetes bet\u00e9tekkel.<\/p>\n<\/div>\n","protected":false},"excerpt":{"rendered":"<p>Vanward menetes bet\u00e9t: Ac\u00e9l bet\u00e9tek Hunter hangtomp\u00edt\u00f3khoz, M13-M22.<\/p>\n","protected":false},"featured_media":501456,"template":"","meta":{"_acf_changed":false},"product_brand":[11942],"product_cat":[12939,12902,12920],"product_tag":[],"class_list":{"0":"post-533410","1":"product","2":"type-product","3":"status-publish","4":"has-post-thumbnail","6":"product_brand-vanward","7":"product_cat-hangtompito-kiegeszitok","8":"product_cat-hangtompitok","9":"product_cat-puska-hangtompitok","11":"first","12":"instock","13":"taxable","14":"shipping-taxable","15":"purchasable","16":"product-type-variable","17":"wvs-archive-product-wrapper"},"acf":[],"_links":{"self":[{"href":"https:\/\/staging.nbg.eu\/hu\/wp-json\/wp\/v2\/product\/533410","targetHints":{"allow":["GET"]}}],"collection":[{"href":"https:\/\/staging.nbg.eu\/hu\/wp-json\/wp\/v2\/product"}],"about":[{"href":"https:\/\/staging.nbg.eu\/hu\/wp-json\/wp\/v2\/types\/product"}],"wp:featuredmedia":[{"embeddable":true,"href":"https:\/\/staging.nbg.eu\/hu\/wp-json\/wp\/v2\/media\/501456"}],"wp:attachment":[{"href":"https:\/\/staging.nbg.eu\/hu\/wp-json\/wp\/v2\/media?parent=533410"}],"wp:term":[{"taxonomy":"product_brand","embeddable":true,"href":"https:\/\/staging.nbg.eu\/hu\/wp-json\/wp\/v2\/product_brand?post=533410"},{"taxonomy":"product_cat","embeddable":true,"href":"https:\/\/staging.nbg.eu\/hu\/wp-json\/wp\/v2\/product_cat?post=533410"},{"taxonomy":"product_tag","embeddable":true,"href":"https:\/\/staging.nbg.eu\/hu\/wp-json\/wp\/v2\/product_tag?post=533410"}],"curies":[{"name":"wp","href":"https:\/\/api.w.org\/{rel}","templated":true}]}}