{"id":53322,"date":"2024-03-04T08:51:50","date_gmt":"2024-09-13T12:49:49","guid":{"rendered":"https:\/\/staging.nbg.eu\/product\/bore-tech-proof-positive-bore-stix-multiple-calibers\/"},"modified":"2024-09-13T12:50:53","modified_gmt":"2024-09-13T12:50:53","slug":"bore-tech-proof-positive-pucolorud-toebb-kaliberben","status":"publish","type":"product","link":"https:\/\/staging.nbg.eu\/hu\/termek\/bore-tech-proof-positive-pucolorud-toebb-kaliberben\/","title":{"rendered":"Bore Tech Proof-Positive Pucol\u00f3r\u00fad (T\u00f6bb Kaliberben)"},"content":{"rendered":"<p>\n<strong>Bore Tech Proof-Positive Bore Stix (T\u00f6bb kaliberben)<\/strong><br \/>\nA Bore Tech Proof-Positive Bore Stix\u2122 tiszt\u00edt\u00f3p\u00e1lc\u00e1k jellemz\u0151i:<\/p>\n<ul>\n<li>Goly\u00f3scsap\u00e1gyas foganty\u00fa<\/li>\n<li>Szabadon mozg\u00f3 kialak\u00edt\u00e1s a huzagol\u00e1s k\u00f6vet\u00e9s\u00e9hez<\/li>\n<li>Sz\u00ednk\u00f3dolt, cs\u00fasz\u00e1smentes gumi markolat<\/li>\n<li>Cser\u00e9lhet\u0151, cs\u0151bar\u00e1t, nem r\u00e9z hegy<\/li>\n<li>Meger\u0151s\u00edtett ac\u00e9l mag<\/li>\n<li>Alacsony s\u00farl\u00f3d\u00e1s\u00fa bevonat<\/li>\n<li>Cs\u0151 huzagol\u00e1si ar\u00e1ny azonos\u00edt\u00f3 rendszer<\/li>\n<\/ul>\n<p>Bore Tech Proof-Positive Bore Stix.<\/p>\n","protected":false},"excerpt":{"rendered":"<p>Prec\u00edzi\u00f3s tiszt\u00edt\u00f3p\u00e1lc\u00e1k csap\u00e1gyas markolattal \u00e9s cser\u00e9lhet\u0151 hegyekkel.<\/p>\n","protected":false},"featured_media":53323,"template":"","meta":{"_acf_changed":false},"product_brand":[11153],"product_cat":[12948,12907],"product_tag":[],"class_list":{"0":"post-53322","1":"product","2":"type-product","3":"status-publish","4":"has-post-thumbnail","6":"product_brand-boretech","7":"product_cat-fegyvertisztitas","8":"product_cat-tisztito-palcak","10":"first","11":"instock","12":"taxable","13":"shipping-taxable","14":"purchasable","15":"product-type-variable","16":"wvs-archive-product-wrapper"},"acf":[],"_links":{"self":[{"href":"https:\/\/staging.nbg.eu\/hu\/wp-json\/wp\/v2\/product\/53322","targetHints":{"allow":["GET"]}}],"collection":[{"href":"https:\/\/staging.nbg.eu\/hu\/wp-json\/wp\/v2\/product"}],"about":[{"href":"https:\/\/staging.nbg.eu\/hu\/wp-json\/wp\/v2\/types\/product"}],"wp:featuredmedia":[{"embeddable":true,"href":"https:\/\/staging.nbg.eu\/hu\/wp-json\/wp\/v2\/media\/53323"}],"wp:attachment":[{"href":"https:\/\/staging.nbg.eu\/hu\/wp-json\/wp\/v2\/media?parent=53322"}],"wp:term":[{"taxonomy":"product_brand","embeddable":true,"href":"https:\/\/staging.nbg.eu\/hu\/wp-json\/wp\/v2\/product_brand?post=53322"},{"taxonomy":"product_cat","embeddable":true,"href":"https:\/\/staging.nbg.eu\/hu\/wp-json\/wp\/v2\/product_cat?post=53322"},{"taxonomy":"product_tag","embeddable":true,"href":"https:\/\/staging.nbg.eu\/hu\/wp-json\/wp\/v2\/product_tag?post=53322"}],"curies":[{"name":"wp","href":"https:\/\/api.w.org\/{rel}","templated":true}]}}