{"id":533121,"date":"2025-09-04T18:25:08","date_gmt":"2025-09-04T15:25:08","guid":{"rendered":"https:\/\/staging.nbg.eu\/product\/ftcs-gas-tube-cover-round-holes-ak-cerakote-black-nr-31\/"},"modified":"2025-09-29T10:18:24","modified_gmt":"2025-09-29T07:18:24","slug":"ftcs-gazcsofedel-kerek-lyukak-ak-cerakote-fekete-nr-31","status":"publish","type":"product","link":"https:\/\/staging.nbg.eu\/hu\/termek\/ftcs-gazcsofedel-kerek-lyukak-ak-cerakote-fekete-nr-31\/","title":{"rendered":"FTCS &#8211; G\u00e1zcs\u0151fed\u00e9l &#8211; Kerek Lyukak &#8211; AK &#8211; Cerakote &#8211; Fekete &#8211; Nr. 31"},"content":{"rendered":"<div class=\"product-description\">\n<h2>FTCS G\u00e1zcs\u0151 burkolat &#8211; Kerek lyukakkal &#8211; AK &#8211; Cerakote Fekete &#8211; 31. sz.<\/h2>\n<p>FTCS g\u00e1zcs\u0151 burkolat AK t\u00edpus\u00fa karab\u00e9lyokhoz. Rozsdamentes ac\u00e9lb\u00f3l k\u00e9sz\u00fclt, Cerakote bevonattal.<\/p>\n<ul>\n<li>Pontos illeszked\u00e9s<\/li>\n<li>Bels\u0151 merev\u00edt\u00e9s<\/li>\n<li>Kerek kiv\u00e1g\u00e1sok a h\u0151elvezet\u00e9shez<\/li>\n<li>Cerakote fel\u00fclet, Fekete Grafit H-146 sz\u00ednben<\/li>\n<li>Kompatibilis az FTCS 1-6. sz\u00e1m\u00fa el\u0151agyakkal<\/li>\n<li>M\u00e9retek: 110 x 35 mm<\/li>\n<li>S\u00faly: 54 g<\/li>\n<\/ul>\n<p>G\u00e1zcs\u0151 burkolat AK fegyverekhez. Alkalmas a fegyver teljes\u00edtm\u00e9ny\u00e9nek \u00e9s megjelen\u00e9s\u00e9nek m\u00f3dos\u00edt\u00e1s\u00e1ra.<\/p>\n<\/div>\n","protected":false},"excerpt":{"rendered":"<p>AK g\u00e1zcs\u0151 bor\u00edt\u00e1s, kerek lyukakkal, Cerakote fekete, rozsdamentes ac\u00e9l<\/p>\n","protected":false},"featured_media":494128,"template":"","meta":{"_acf_changed":false},"product_brand":[11316],"product_cat":[12901,12967,12916],"product_tag":[],"class_list":{"0":"post-533121","1":"product","2":"type-product","3":"status-publish","4":"has-post-thumbnail","6":"product_brand-ftcs","7":"product_cat-ak-tuning","8":"product_cat-puska","9":"product_cat-puska-tuning","11":"first","12":"instock","13":"taxable","14":"shipping-taxable","15":"purchasable","16":"product-type-simple"},"acf":[],"_links":{"self":[{"href":"https:\/\/staging.nbg.eu\/hu\/wp-json\/wp\/v2\/product\/533121","targetHints":{"allow":["GET"]}}],"collection":[{"href":"https:\/\/staging.nbg.eu\/hu\/wp-json\/wp\/v2\/product"}],"about":[{"href":"https:\/\/staging.nbg.eu\/hu\/wp-json\/wp\/v2\/types\/product"}],"wp:featuredmedia":[{"embeddable":true,"href":"https:\/\/staging.nbg.eu\/hu\/wp-json\/wp\/v2\/media\/494128"}],"wp:attachment":[{"href":"https:\/\/staging.nbg.eu\/hu\/wp-json\/wp\/v2\/media?parent=533121"}],"wp:term":[{"taxonomy":"product_brand","embeddable":true,"href":"https:\/\/staging.nbg.eu\/hu\/wp-json\/wp\/v2\/product_brand?post=533121"},{"taxonomy":"product_cat","embeddable":true,"href":"https:\/\/staging.nbg.eu\/hu\/wp-json\/wp\/v2\/product_cat?post=533121"},{"taxonomy":"product_tag","embeddable":true,"href":"https:\/\/staging.nbg.eu\/hu\/wp-json\/wp\/v2\/product_tag?post=533121"}],"curies":[{"name":"wp","href":"https:\/\/api.w.org\/{rel}","templated":true}]}}