{"id":533014,"date":"2025-09-04T18:25:08","date_gmt":"2025-09-04T15:25:08","guid":{"rendered":"https:\/\/staging.nbg.eu\/product\/ftcs-gas-tube-cover-oblong-holes-ak-cerakote-black-nr-30\/"},"modified":"2025-09-29T10:10:27","modified_gmt":"2025-09-29T07:10:27","slug":"ftcs-gazcsofedel-hosszukas-lyukak-ak-cerakote-fekete-nr-30","status":"publish","type":"product","link":"https:\/\/staging.nbg.eu\/hu\/termek\/ftcs-gazcsofedel-hosszukas-lyukak-ak-cerakote-fekete-nr-30\/","title":{"rendered":"FTCS &#8211; G\u00e1zcs\u0151fed\u00e9l &#8211; Hossz\u00fak\u00e1s Lyukak &#8211; AK &#8211; Cerakote &#8211; Fekete &#8211; Nr. 30"},"content":{"rendered":"<div class=\"product-description\">\n<h2>FTCS G\u00e1zcs\u0151 fed\u00e9l &#8211; Hossz\u00fak\u00e1s lyukakkal &#8211; AK &#8211; Cerakote fekete &#8211; 30. sz\u00e1m<\/h2>\n<p>Az FTCS G\u00e1zcs\u0151 fed\u00e9l jellemz\u0151i:<\/p>\n<ul>\n<li>Cerakote fekete bevonat a korr\u00f3zi\u00f3\u00e1ll\u00f3s\u00e1g \u00e9rdek\u00e9ben<\/li>\n<li>Hossz\u00fak\u00e1s lyukak a h\u0151elvezet\u00e9shez<\/li>\n<li>Kompatibilis a legt\u00f6bb AK-t\u00edpus\u00fa fegyverrel<\/li>\n<li>Egyszer\u0171 felszerel\u00e9s &#8211; nem ig\u00e9nyel fegyverm\u0171ves munk\u00e1t<\/li>\n<li>Cs\u00f6kkenti az \u00e9rz\u00e9kelt h\u0151t hosszabb l\u00f6v\u00e9szet sor\u00e1n<\/li>\n<li>Modern megjelen\u00e9s<\/li>\n<\/ul>\n<p>Az FTCS G\u00e1zcs\u0151 fed\u00e9l 30. sz\u00e1m\u00fa v\u00e1ltozata AK fegyverekhez.<\/p>\n<\/div>\n","protected":false},"excerpt":{"rendered":"<p>AK g\u00e1zcs\u0151 burkolat hossz\u00fak\u00e1s lyukakkal. Fekete Cerakote bevonat. #30.<\/p>\n","protected":false},"featured_media":494059,"template":"","meta":{"_acf_changed":false},"product_brand":[11316],"product_cat":[12901,12967,12916],"product_tag":[],"class_list":{"0":"post-533014","1":"product","2":"type-product","3":"status-publish","4":"has-post-thumbnail","6":"product_brand-ftcs","7":"product_cat-ak-tuning","8":"product_cat-puska","9":"product_cat-puska-tuning","11":"first","12":"instock","13":"taxable","14":"shipping-taxable","15":"purchasable","16":"product-type-simple"},"acf":[],"_links":{"self":[{"href":"https:\/\/staging.nbg.eu\/hu\/wp-json\/wp\/v2\/product\/533014","targetHints":{"allow":["GET"]}}],"collection":[{"href":"https:\/\/staging.nbg.eu\/hu\/wp-json\/wp\/v2\/product"}],"about":[{"href":"https:\/\/staging.nbg.eu\/hu\/wp-json\/wp\/v2\/types\/product"}],"wp:featuredmedia":[{"embeddable":true,"href":"https:\/\/staging.nbg.eu\/hu\/wp-json\/wp\/v2\/media\/494059"}],"wp:attachment":[{"href":"https:\/\/staging.nbg.eu\/hu\/wp-json\/wp\/v2\/media?parent=533014"}],"wp:term":[{"taxonomy":"product_brand","embeddable":true,"href":"https:\/\/staging.nbg.eu\/hu\/wp-json\/wp\/v2\/product_brand?post=533014"},{"taxonomy":"product_cat","embeddable":true,"href":"https:\/\/staging.nbg.eu\/hu\/wp-json\/wp\/v2\/product_cat?post=533014"},{"taxonomy":"product_tag","embeddable":true,"href":"https:\/\/staging.nbg.eu\/hu\/wp-json\/wp\/v2\/product_tag?post=533014"}],"curies":[{"name":"wp","href":"https:\/\/api.w.org\/{rel}","templated":true}]}}