{"id":532742,"date":"2025-09-04T17:51:31","date_gmt":"2025-09-04T14:51:31","guid":{"rendered":"https:\/\/staging.nbg.eu\/product\/strike-industries-mass-driver-comp-for-glock-17-gen4\/"},"modified":"2025-09-29T09:49:48","modified_gmt":"2025-09-29T06:49:48","slug":"strike-industries-mass-driver-fekezo-glock-17-gen4-hez","status":"publish","type":"product","link":"https:\/\/staging.nbg.eu\/hu\/termek\/strike-industries-mass-driver-fekezo-glock-17-gen4-hez\/","title":{"rendered":"Strike Industries &#8211; Mass Driver F\u00e9kez\u0151 Glock 17 Gen4-hez"},"content":{"rendered":"<h2>Strike Industries &#8211; Mass Driver Comp Glock 17 Gen4-hez<\/h2>\n<p>A Strike Industries Mass Driver Compensator (MDC) Glock 17 Gen4-hez egy \u00faj kompenz\u00e1tor diz\u00e1jn. Az \u0171rutaz\u00e1sban haszn\u00e1lt elm\u00e9leti t\u00f6meghajt\u00f3m\u0171vek ihlett\u00e9k. Ez a kompenz\u00e1tor cs\u00f6kkenti a mechanikai visszar\u00fag\u00e1st an\u00e9lk\u00fcl, hogy befoly\u00e1soln\u00e1 a m\u0171k\u00f6d\u00e9s megb\u00edzhat\u00f3s\u00e1g\u00e1t.<\/p>\n<h2>F\u0151 jellemz\u0151k:<\/h2>\n<ul>\n<li>Gy\u00fajt\u00e1s ut\u00e1n elv\u00e1lik a m\u0171k\u00f6d\u0151 alkatr\u00e9szekt\u0151l<\/li>\n<li>K\u00f6zel azonos ciklikus sebess\u00e9get tart fenn<\/li>\n<li>Cs\u00f6kkenti a mozg\u00f3 t\u00f6meget<\/li>\n<li>Sz\u00e9les\u00edtett furat a l\u00f6ved\u00e9k \u00fctk\u00f6z\u00e9sek \u00e9s bukd\u00e1csol\u00e1s minimaliz\u00e1l\u00e1s\u00e1ra<\/li>\n<li>2,5 mm-es v\u00e1g\u00e1s a sz\u00e1nk\u00f3 s\u00e9r\u00fcl\u00e9s\u00e9nek megel\u0151z\u00e9s\u00e9re<\/li>\n<li>Kompatibilis a legt\u00f6bb ut\u00e1ngy\u00e1rtott menetes cs\u0151vel<\/li>\n<li>Illeszkedik GLOCK\u2122 GEN3, GEN4 \u00e9s GEN5 G17 sz\u00e1nk\u00f3khoz<\/li>\n<li>M\u0171k\u00f6dik a legt\u00f6bb nyitott v\u00e9g\u0171 tokkal<\/li>\n<\/ul>\n<p><strong>Megjegyz\u00e9s:<\/strong> Aj\u00e1nlott nyomat\u00e9k a vezet\u0151r\u00fad any\u00e1hoz: 25 lbs\/in. +P \u00e9s +P+ l\u0151szer haszn\u00e1lata id\u0151 el\u0151tti kop\u00e1st okozhat.<\/p>\n","protected":false},"excerpt":{"rendered":"<p>Forradalmi kompenz\u00e1tortervez\u00e9s a cs\u00f6kkentett visszar\u00fag\u00e1s \u00e9s a gyorsabb m\u0171k\u00f6d\u00e9s \u00e9rdek\u00e9ben.<\/p>\n","protected":false},"featured_media":493836,"template":"","meta":{"_acf_changed":false},"product_brand":[],"product_cat":[12924,12968],"product_tag":[],"class_list":{"0":"post-532742","1":"product","2":"type-product","3":"status-publish","4":"has-post-thumbnail","6":"product_cat-pisztoly","7":"product_cat-pisztoly-alkatreszek","9":"first","10":"instock","11":"taxable","12":"shipping-taxable","13":"purchasable","14":"product-type-simple"},"acf":[],"_links":{"self":[{"href":"https:\/\/staging.nbg.eu\/hu\/wp-json\/wp\/v2\/product\/532742","targetHints":{"allow":["GET"]}}],"collection":[{"href":"https:\/\/staging.nbg.eu\/hu\/wp-json\/wp\/v2\/product"}],"about":[{"href":"https:\/\/staging.nbg.eu\/hu\/wp-json\/wp\/v2\/types\/product"}],"wp:featuredmedia":[{"embeddable":true,"href":"https:\/\/staging.nbg.eu\/hu\/wp-json\/wp\/v2\/media\/493836"}],"wp:attachment":[{"href":"https:\/\/staging.nbg.eu\/hu\/wp-json\/wp\/v2\/media?parent=532742"}],"wp:term":[{"taxonomy":"product_brand","embeddable":true,"href":"https:\/\/staging.nbg.eu\/hu\/wp-json\/wp\/v2\/product_brand?post=532742"},{"taxonomy":"product_cat","embeddable":true,"href":"https:\/\/staging.nbg.eu\/hu\/wp-json\/wp\/v2\/product_cat?post=532742"},{"taxonomy":"product_tag","embeddable":true,"href":"https:\/\/staging.nbg.eu\/hu\/wp-json\/wp\/v2\/product_tag?post=532742"}],"curies":[{"name":"wp","href":"https:\/\/api.w.org\/{rel}","templated":true}]}}