{"id":532632,"date":"2025-09-04T17:51:31","date_gmt":"2025-09-04T14:51:31","guid":{"rendered":"https:\/\/staging.nbg.eu\/product\/strike-industries-mass-driver-comp-for-glock-17-gen5-black-si-g5-mdcomp-s\/"},"modified":"2025-09-29T09:41:22","modified_gmt":"2025-09-29T06:41:22","slug":"strike-industries-mass-driver-fekezo-glock-17-gen5-hoez-fekete-si-g5-mdcomp-s","status":"publish","type":"product","link":"https:\/\/staging.nbg.eu\/hu\/termek\/strike-industries-mass-driver-fekezo-glock-17-gen5-hoez-fekete-si-g5-mdcomp-s\/","title":{"rendered":"Strike Industries &#8211; Mass Driver F\u00e9kez\u0151 Glock 17 Gen5-h\u00f6z &#8211; Fekete &#8211; SI-G5-MDCOMP-S"},"content":{"rendered":"<h2>Strike Industries t\u00f6megvez\u00e9rl\u0151 kompenz\u00e1tor Glock 17 Gen5-hez &#8211; Fekete<\/h2>\n<p>A Strike Industries t\u00f6megvez\u00e9rl\u0151 kompenz\u00e1tor (MDC) a Glock 17 Gen5-h\u00f6z. Ez a tervez\u00e9s a kompenz\u00e1tor technol\u00f3gia fejleszt\u00e9se, amelyet az elm\u00e9leti t\u00f6megvez\u00e9rl\u0151 hajt\u00f3m\u0171vek inspir\u00e1ltak az \u0171rutaz\u00e1sban.<\/p>\n<ul>\n<li>Cs\u00f6kkenti a mechanikai visszar\u00fag\u00e1st a m\u0171k\u00f6d\u00e9si sebess\u00e9g befoly\u00e1sol\u00e1sa n\u00e9lk\u00fcl<\/li>\n<li>Cs\u00f6kkenti a visszamozg\u00f3 t\u00f6meget a jobb teljes\u00edtm\u00e9ny\u00e9rt<\/li>\n<li>Sz\u00e9les\u00edtett furat a terel\u0151lemez \u00fctk\u00f6z\u00e9sek \u00e9s kulcslyukasod\u00e1s megel\u0151z\u00e9s\u00e9re<\/li>\n<li>2,5 mm-es bev\u00e1g\u00e1s a pisztoly sz\u00e1n v\u00e9delm\u00e9re<\/li>\n<li>Kompatibilis a legt\u00f6bb ut\u00e1ngy\u00e1rtott menetes cs\u0151vel<\/li>\n<li>Illeszkedik a GLOCK\u2122 GEN3, GEN4 \u00e9s GEN5 G19 &amp; G17 sz\u00e1nokhoz<\/li>\n<li>M\u0171k\u00f6dik a legt\u00f6bb nyitott v\u00e9g\u0171, kompenz\u00e1torokat befogad\u00f3 tokkal<\/li>\n<\/ul>\n<p><strong>Megjegyz\u00e9s:<\/strong> Aj\u00e1nlott nyomat\u00e9k a vezet\u0151r\u00fad any\u00e1hoz: 25 font\/h\u00fcvelyk. +P \u00e9s +P+ l\u0151szerrel val\u00f3 haszn\u00e1lat id\u0151 el\u0151tti kop\u00e1st okozhat.<\/p>\n","protected":false},"excerpt":{"rendered":"<p>Strike Industries MDC: Forradalmi visszar\u00fag\u00e1s-cs\u00f6kkent\u00e9s a Glock 17 Gen5 sz\u00e1m\u00e1ra.<\/p>\n","protected":false},"featured_media":493790,"template":"","meta":{"_acf_changed":false},"product_brand":[],"product_cat":[12924,12968],"product_tag":[],"class_list":{"0":"post-532632","1":"product","2":"type-product","3":"status-publish","4":"has-post-thumbnail","6":"product_cat-pisztoly","7":"product_cat-pisztoly-alkatreszek","9":"first","10":"instock","11":"taxable","12":"shipping-taxable","13":"purchasable","14":"product-type-simple"},"acf":[],"_links":{"self":[{"href":"https:\/\/staging.nbg.eu\/hu\/wp-json\/wp\/v2\/product\/532632","targetHints":{"allow":["GET"]}}],"collection":[{"href":"https:\/\/staging.nbg.eu\/hu\/wp-json\/wp\/v2\/product"}],"about":[{"href":"https:\/\/staging.nbg.eu\/hu\/wp-json\/wp\/v2\/types\/product"}],"wp:featuredmedia":[{"embeddable":true,"href":"https:\/\/staging.nbg.eu\/hu\/wp-json\/wp\/v2\/media\/493790"}],"wp:attachment":[{"href":"https:\/\/staging.nbg.eu\/hu\/wp-json\/wp\/v2\/media?parent=532632"}],"wp:term":[{"taxonomy":"product_brand","embeddable":true,"href":"https:\/\/staging.nbg.eu\/hu\/wp-json\/wp\/v2\/product_brand?post=532632"},{"taxonomy":"product_cat","embeddable":true,"href":"https:\/\/staging.nbg.eu\/hu\/wp-json\/wp\/v2\/product_cat?post=532632"},{"taxonomy":"product_tag","embeddable":true,"href":"https:\/\/staging.nbg.eu\/hu\/wp-json\/wp\/v2\/product_tag?post=532632"}],"curies":[{"name":"wp","href":"https:\/\/api.w.org\/{rel}","templated":true}]}}