{"id":531293,"date":"2025-09-04T17:51:30","date_gmt":"2025-09-04T14:51:30","guid":{"rendered":"https:\/\/staging.nbg.eu\/product\/strike-industries-mass-driver-comp-for-glock-19-gen4\/"},"modified":"2025-09-26T17:55:25","modified_gmt":"2025-09-26T14:55:25","slug":"strike-industries-mass-driver-fekezo-glock-19-gen4-hez","status":"publish","type":"product","link":"https:\/\/staging.nbg.eu\/hu\/termek\/strike-industries-mass-driver-fekezo-glock-19-gen4-hez\/","title":{"rendered":"Strike Industries &#8211; Mass Driver F\u00e9kez\u0151 Glock 19 Gen4-hez"},"content":{"rendered":"<h2>Strike Industries t\u00f6meg-vez\u00e9relt kompenz\u00e1tor Glock 19 Gen4-hez<\/h2>\n<p>A Strike Industries t\u00f6meg-vez\u00e9relt kompenz\u00e1tor (MDC) a Glock 19 Gen4-hez. Ez a konstrukci\u00f3 a k\u00f6vetkez\u0151ket k\u00edn\u00e1lja:<\/p>\n<ul>\n<li>Cs\u00f6kkentett mechanikai visszar\u00fag\u00e1s ellens\u00faly-rendszer r\u00e9v\u00e9n<\/li>\n<li>K\u00f6zel gy\u00e1ri ciklikus sebess\u00e9g a megb\u00edzhat\u00f3 teljes\u00edtm\u00e9ny\u00e9rt<\/li>\n<li>Sz\u00e9les\u00edtett furat a l\u00f6ved\u00e9k-\u00fctk\u00f6z\u00e9sek \u00e9s forg\u00e1si instabilit\u00e1s megel\u0151z\u00e9s\u00e9re<\/li>\n<li>2,5 mm-es bev\u00e1g\u00e1s a sz\u00e1nfel\u00fclet v\u00e9delm\u00e9re<\/li>\n<li>Kompatibilis a legt\u00f6bb ut\u00e1ngy\u00e1rtott menetes cs\u0151vel<\/li>\n<li>Illeszkedik Gen3, Gen4 \u00e9s Gen5 G19 \u00e9s G17 sz\u00e1nokhoz<\/li>\n<li>M\u0171k\u00f6dik nyitott v\u00e9g\u0171, kompenz\u00e1tornak helyet ad\u00f3 tokkal<\/li>\n<\/ul>\n<p>Megjegyz\u00e9s: 25 lbs\/in nyomat\u00e9k aj\u00e1nlott a vezet\u0151r\u00fad any\u00e1j\u00e1hoz. +P \u00e9s +P+ l\u0151szer haszn\u00e1lata id\u0151 el\u0151tti kop\u00e1st okozhat.<\/p>\n","protected":false},"excerpt":{"rendered":"<p>Forradalmi kompenz\u00e1tor a Glock 19 Gen4-hez. Cs\u00f6kkenti a visszar\u00fag\u00e1st \u00e9s a cs\u0151emelked\u00e9st.<\/p>\n","protected":false},"featured_media":493674,"template":"","meta":{"_acf_changed":false},"product_brand":[],"product_cat":[12983],"product_tag":[],"class_list":{"0":"post-531293","1":"product","2":"type-product","3":"status-publish","4":"has-post-thumbnail","6":"product_cat-kategorizalatlan","8":"first","9":"instock","10":"taxable","11":"shipping-taxable","12":"purchasable","13":"product-type-simple"},"acf":[],"_links":{"self":[{"href":"https:\/\/staging.nbg.eu\/hu\/wp-json\/wp\/v2\/product\/531293","targetHints":{"allow":["GET"]}}],"collection":[{"href":"https:\/\/staging.nbg.eu\/hu\/wp-json\/wp\/v2\/product"}],"about":[{"href":"https:\/\/staging.nbg.eu\/hu\/wp-json\/wp\/v2\/types\/product"}],"wp:featuredmedia":[{"embeddable":true,"href":"https:\/\/staging.nbg.eu\/hu\/wp-json\/wp\/v2\/media\/493674"}],"wp:attachment":[{"href":"https:\/\/staging.nbg.eu\/hu\/wp-json\/wp\/v2\/media?parent=531293"}],"wp:term":[{"taxonomy":"product_brand","embeddable":true,"href":"https:\/\/staging.nbg.eu\/hu\/wp-json\/wp\/v2\/product_brand?post=531293"},{"taxonomy":"product_cat","embeddable":true,"href":"https:\/\/staging.nbg.eu\/hu\/wp-json\/wp\/v2\/product_cat?post=531293"},{"taxonomy":"product_tag","embeddable":true,"href":"https:\/\/staging.nbg.eu\/hu\/wp-json\/wp\/v2\/product_tag?post=531293"}],"curies":[{"name":"wp","href":"https:\/\/api.w.org\/{rel}","templated":true}]}}