{"id":531072,"date":"2025-09-04T17:50:56","date_gmt":"2025-09-04T14:50:56","guid":{"rendered":"https:\/\/staging.nbg.eu\/product\/wbp-rogow-mounting-kit-for-enlarged-magazine-latch-ak-akm-ak-74\/"},"modified":"2025-09-26T16:30:44","modified_gmt":"2025-09-26T13:30:44","slug":"wbp-rogow-szerelokeszlet-megnoevelt-tarhuzohoz-ak-akm-ak-74","status":"publish","type":"product","link":"https:\/\/staging.nbg.eu\/hu\/termek\/wbp-rogow-szerelokeszlet-megnoevelt-tarhuzohoz-ak-akm-ak-74\/","title":{"rendered":"WBP Rog\u00f3w &#8211; Szerel\u0151k\u00e9szlet Megn\u00f6velt T\u00e1rh\u00faz\u00f3hoz &#8211; AK \/ AKM \/ AK-74"},"content":{"rendered":"<h2>WBP Rog\u00f3w &#8211; Szerel\u0151k\u00e9szlet megn\u00f6velt t\u00e1rkil\u00f6k\u0151h\u00f6z &#8211; AK \/ AKM \/ AK-74<\/h2>\n<p>Ez a WBP Rog\u00f3w \u00e1ltal gy\u00e1rtott megn\u00f6velt t\u00e1rkil\u00f6k\u0151 szerel\u0151k\u00e9szlet jav\u00edtja az AK t\u00edpus\u00fa fegyverek ergon\u00f3mi\u00e1j\u00e1t. A k\u00e9szlet k\u00f6nnyen felszerelhet\u0151, \u00e9s jobb funkcionalit\u00e1st biztos\u00edt k\u00fcl\u00f6nb\u00f6z\u0151 AK csal\u00e1dba tartoz\u00f3 fegyverekhez.<\/p>\n<h2>F\u0151bb jellemz\u0151k:<\/h2>\n<ul>\n<li>Megn\u00f6velt fel\u00fclet a t\u00e1r k\u00f6nnyebb elt\u00e1vol\u00edt\u00e1s\u00e1hoz<\/li>\n<li>Kompatibilis a n\u00e9pszer\u0171 AK, AKM \u00e9s AK-74 modellekkel<\/li>\n<li>Gyorsabb \u00fajrat\u00f6lt\u00e9st tesz lehet\u0151v\u00e9<\/li>\n<li>Tartalmaz rug\u00f3t \u00e9s forg\u00f3csapot<\/li>\n<li>Tart\u00f3s, oxid\u00e1lt ac\u00e9lb\u00f3l k\u00e9sz\u00fclt<\/li>\n<li>Fekete sz\u00edn\u0171<\/li>\n<\/ul>\n<p>M\u00e9retek: 51 x 24 x 15 mm<br \/>\nS\u00faly: 16 g<\/p>\n<p>Ez a term\u00e9k fejleszti az AK t\u00e1rkil\u00f6k\u0151 mechanizmus\u00e1t.<\/p>\n","protected":false},"excerpt":{"rendered":"<p>Megn\u00f6velt AK t\u00e1rretesz k\u00e9szlet. K\u00f6nnyen felszerelhet\u0151, jav\u00edtott ergon\u00f3mia. Ac\u00e9l, fekete.<\/p>\n","protected":false},"featured_media":493605,"template":"","meta":{"_acf_changed":false},"product_brand":[],"product_cat":[12983],"product_tag":[],"class_list":{"0":"post-531072","1":"product","2":"type-product","3":"status-publish","4":"has-post-thumbnail","6":"product_cat-kategorizalatlan","8":"first","9":"instock","10":"taxable","11":"shipping-taxable","12":"purchasable","13":"product-type-simple"},"acf":[],"_links":{"self":[{"href":"https:\/\/staging.nbg.eu\/hu\/wp-json\/wp\/v2\/product\/531072","targetHints":{"allow":["GET"]}}],"collection":[{"href":"https:\/\/staging.nbg.eu\/hu\/wp-json\/wp\/v2\/product"}],"about":[{"href":"https:\/\/staging.nbg.eu\/hu\/wp-json\/wp\/v2\/types\/product"}],"wp:featuredmedia":[{"embeddable":true,"href":"https:\/\/staging.nbg.eu\/hu\/wp-json\/wp\/v2\/media\/493605"}],"wp:attachment":[{"href":"https:\/\/staging.nbg.eu\/hu\/wp-json\/wp\/v2\/media?parent=531072"}],"wp:term":[{"taxonomy":"product_brand","embeddable":true,"href":"https:\/\/staging.nbg.eu\/hu\/wp-json\/wp\/v2\/product_brand?post=531072"},{"taxonomy":"product_cat","embeddable":true,"href":"https:\/\/staging.nbg.eu\/hu\/wp-json\/wp\/v2\/product_cat?post=531072"},{"taxonomy":"product_tag","embeddable":true,"href":"https:\/\/staging.nbg.eu\/hu\/wp-json\/wp\/v2\/product_tag?post=531072"}],"curies":[{"name":"wp","href":"https:\/\/api.w.org\/{rel}","templated":true}]}}