{"id":530951,"date":"2025-09-04T17:49:03","date_gmt":"2025-09-04T14:49:03","guid":{"rendered":"https:\/\/staging.nbg.eu\/product\/magpul-moe-sl-ak-grip-for-ak47-ak74-fde-mag682-fde\/"},"modified":"2025-09-26T16:16:06","modified_gmt":"2025-09-26T13:16:06","slug":"magpul-moe-sl-ak-markolat-ak47ak74-fde-mag682-fde","status":"publish","type":"product","link":"https:\/\/staging.nbg.eu\/hu\/termek\/magpul-moe-sl-ak-markolat-ak47ak74-fde-mag682-fde\/","title":{"rendered":"Magpul &#8211; MOE SL AK Markolat AK47\/AK74 &#8211; FDE &#8211; MAG682-FDE"},"content":{"rendered":"<div class=\"product-description\">\n<h2>Magpul MOE SL AK markolat AK47\/AK74 fegyverekhez &#8211; FDE (MAG682-FDE)<\/h2>\n<p>AK47\/AK74 fegyverhez val\u00f3 Magpul MOE SL AK markolat Flat Dark Earth sz\u00ednben. Ez a v\u00e9kony markolat f\u00fcgg\u0151legesebb sz\u00f6get k\u00edn\u00e1l, r\u00f6videbb fegyverekhez optimaliz\u00e1lva, k\u00f6zelebb hozva a f\u0151 kezet a testhez.<\/p>\n<ul>\n<li>Tart\u00f3s polimerb\u0151l k\u00e9sz\u00fclt, \u00e9rdes fel\u00fclet\u0171 bevonattal<\/li>\n<li>Illeszkedik mart \u00e9s pr\u00e9selt tokhoz is, bele\u00e9rtve a markolater\u0151s\u00edt\u0151 lemezzel rendelkez\u0151ket<\/li>\n<li>TSP (Trap\u00e9z alak\u00fa fel\u00fcleti kiemelked\u00e9sek) text\u00far\u00e1val rendelkezik a jobb fegyverkezel\u00e9s \u00e9rdek\u00e9ben<\/li>\n<li>20 fokos markolatsz\u00f6g a jobb ergon\u00f3mia \u00e9rdek\u00e9ben<\/li>\n<li>V\u00e9konyabb profil a teljes m\u00e9ret\u0171 markolatokhoz k\u00e9pest<\/li>\n<li>M\u00e9retek: 10,9 cm magass\u00e1g x 2,8 cm vastags\u00e1g, s\u00falya csak 73,7 gramm<\/li>\n<li>USA-ban k\u00e9sz\u00fclt &#8211; egy amerikai megfelel\u0151s\u00e9gi alkatr\u00e9sznek sz\u00e1m\u00edt a 922r szab\u00e1ly szerint<\/li>\n<\/ul>\n<p>A Magpul MOE SL AK markolat k\u00e9nyelmet \u00e9s ir\u00e1ny\u00edt\u00e1st biztos\u00edt, minden k\u00f6rnyezetben val\u00f3 haszn\u00e1latra tervezve.<\/p>\n<\/div>\n","protected":false},"excerpt":{"rendered":"<p>Magpul MOE SL AK markolat: Karcs\u00fa, textur\u00e1lt fejleszt\u00e9s AK47\/74 fegyverekhez &#8211; Flat Dark Earth (FDE) sz\u00ednben<\/p>\n","protected":false},"featured_media":493581,"template":"","meta":{"_acf_changed":false},"product_brand":[],"product_cat":[12983],"product_tag":[],"class_list":{"0":"post-530951","1":"product","2":"type-product","3":"status-publish","4":"has-post-thumbnail","6":"product_cat-kategorizalatlan","8":"first","9":"instock","10":"taxable","11":"shipping-taxable","12":"purchasable","13":"product-type-simple"},"acf":[],"_links":{"self":[{"href":"https:\/\/staging.nbg.eu\/hu\/wp-json\/wp\/v2\/product\/530951","targetHints":{"allow":["GET"]}}],"collection":[{"href":"https:\/\/staging.nbg.eu\/hu\/wp-json\/wp\/v2\/product"}],"about":[{"href":"https:\/\/staging.nbg.eu\/hu\/wp-json\/wp\/v2\/types\/product"}],"wp:featuredmedia":[{"embeddable":true,"href":"https:\/\/staging.nbg.eu\/hu\/wp-json\/wp\/v2\/media\/493581"}],"wp:attachment":[{"href":"https:\/\/staging.nbg.eu\/hu\/wp-json\/wp\/v2\/media?parent=530951"}],"wp:term":[{"taxonomy":"product_brand","embeddable":true,"href":"https:\/\/staging.nbg.eu\/hu\/wp-json\/wp\/v2\/product_brand?post=530951"},{"taxonomy":"product_cat","embeddable":true,"href":"https:\/\/staging.nbg.eu\/hu\/wp-json\/wp\/v2\/product_cat?post=530951"},{"taxonomy":"product_tag","embeddable":true,"href":"https:\/\/staging.nbg.eu\/hu\/wp-json\/wp\/v2\/product_tag?post=530951"}],"curies":[{"name":"wp","href":"https:\/\/api.w.org\/{rel}","templated":true}]}}