{"id":53034,"date":"2024-03-08T06:59:20","date_gmt":"2024-09-13T12:46:29","guid":{"rendered":"https:\/\/staging.nbg.eu\/product\/bore-tech-shotgun-blend\/"},"modified":"2024-09-13T12:47:25","modified_gmt":"2024-09-13T12:47:25","slug":"bore-tech-soeretes-pucolo-keverek","status":"publish","type":"product","link":"https:\/\/staging.nbg.eu\/hu\/termek\/bore-tech-soeretes-pucolo-keverek\/","title":{"rendered":"Bore Tech S\u00f6r\u00e9tes Pucol\u00f3 Kever\u00e9k"},"content":{"rendered":"<p>\nA Bore Tech Shotgun Blend egy er\u0151s, amm\u00f3niamentes cs\u0151tiszt\u00edt\u00f3, amely s\u00f6r\u00e9tes pusk\u00e1khoz k\u00e9sz\u00fclt. Ez a biol\u00f3giailag leboml\u00f3 formula hat\u00e9konyan t\u00e1vol\u00edtja el az \u00f3lom-, l\u0151por- \u00e9s m\u0171anyag fojt\u00e1s szennyez\u0151d\u00e9seket a cs\u00f6vekb\u0151l, k\u00e9nyszer\u00edt\u0151 k\u00fapokb\u00f3l \u00e9s sz\u0171k\u00edt\u0151kb\u0151l. Biztons\u00e1gos, szagtalan \u00e9s k\u00f6nnyen haszn\u00e1lhat\u00f3. A tiszt\u00edt\u00e1s eredm\u00e9nye l\u00e1that\u00f3 a tiszt\u00edt\u00f3p\u00e1rn\u00e1kon.<\/p>\n","protected":false},"excerpt":{"rendered":"<p>Er\u0151s f\u00farattiszt\u00edt\u00f3 biztons\u00e1gosan t\u00e1vol\u00edtja el az \u00f3lom-, sz\u00e9n- \u00e9s m\u0171anyag szennyez\u0151d\u00e9seket.<\/p>\n","protected":false},"featured_media":53035,"template":"","meta":{"_acf_changed":false},"product_brand":[11153],"product_cat":[12948,12962],"product_tag":[],"class_list":{"0":"post-53034","1":"product","2":"type-product","3":"status-publish","4":"has-post-thumbnail","6":"product_brand-boretech","7":"product_cat-fegyvertisztitas","8":"product_cat-tisztitoszerek","10":"first","11":"instock","12":"taxable","13":"shipping-taxable","14":"purchasable","15":"product-type-variable","16":"wvs-archive-product-wrapper"},"acf":[],"_links":{"self":[{"href":"https:\/\/staging.nbg.eu\/hu\/wp-json\/wp\/v2\/product\/53034","targetHints":{"allow":["GET"]}}],"collection":[{"href":"https:\/\/staging.nbg.eu\/hu\/wp-json\/wp\/v2\/product"}],"about":[{"href":"https:\/\/staging.nbg.eu\/hu\/wp-json\/wp\/v2\/types\/product"}],"wp:featuredmedia":[{"embeddable":true,"href":"https:\/\/staging.nbg.eu\/hu\/wp-json\/wp\/v2\/media\/53035"}],"wp:attachment":[{"href":"https:\/\/staging.nbg.eu\/hu\/wp-json\/wp\/v2\/media?parent=53034"}],"wp:term":[{"taxonomy":"product_brand","embeddable":true,"href":"https:\/\/staging.nbg.eu\/hu\/wp-json\/wp\/v2\/product_brand?post=53034"},{"taxonomy":"product_cat","embeddable":true,"href":"https:\/\/staging.nbg.eu\/hu\/wp-json\/wp\/v2\/product_cat?post=53034"},{"taxonomy":"product_tag","embeddable":true,"href":"https:\/\/staging.nbg.eu\/hu\/wp-json\/wp\/v2\/product_tag?post=53034"}],"curies":[{"name":"wp","href":"https:\/\/api.w.org\/{rel}","templated":true}]}}