{"id":530101,"date":"2025-09-04T17:31:43","date_gmt":"2025-09-04T14:31:43","guid":{"rendered":"https:\/\/staging.nbg.eu\/product\/magpul-moe-m-lok-hand-guard-for-ar15-m4-mid-length-black\/"},"modified":"2025-09-26T15:15:34","modified_gmt":"2025-09-26T12:15:34","slug":"magpul-moe-m-lok-elsoe-markolat-ar15m4-koezepes-hossz-fekete","status":"publish","type":"product","link":"https:\/\/staging.nbg.eu\/hu\/termek\/magpul-moe-m-lok-elsoe-markolat-ar15m4-koezepes-hossz-fekete\/","title":{"rendered":"Magpul &#8211; MOE M-LOK Els\u00f6 Markolat AR15\/M4 &#8211; K\u00f6zepes Hossz &#8211; Fekete"},"content":{"rendered":"<div class=\"product-description\">\n<h2>Magpul MOE\u00ae M-LOK\u00ae El\u0151agy AR15\/M4-hez &#8211; K\u00f6zepes hossz\u00fas\u00e1g\u00fa &#8211; Fekete<\/h2>\n<p>AR-15\/M4 el\u0151agy k\u00f6zepes hossz\u00fas\u00e1g\u00fa g\u00e1zrendszerekhez. Polimer szerkezet modul\u00e1ris rugalmass\u00e1ggal.<\/p>\n<ul>\n<li>M-LOK ny\u00edl\u00e1sok 2, 6 \u00e9s 10 \u00f3ra poz\u00edci\u00f3ban kieg\u00e9sz\u00edt\u0151k r\u00f6gz\u00edt\u00e9s\u00e9hez<\/li>\n<li>Meger\u0151s\u00edtett, h\u0151\u00e1ll\u00f3 polimer szerkezet<\/li>\n<li>Kompatibilis k\u00f6zvetlen r\u00e1hat\u00e1s\u00fa \u00e9s legt\u00f6bb dugatty\u00fas g\u00e1zrendszerrel<\/li>\n<li>Egyszer\u0171 felszerel\u00e9s a megl\u00e9v\u0151 delta gy\u0171r\u0171 \u00e9s el\u0151agy r\u00f6gz\u00edt\u0151 sapka haszn\u00e1lat\u00e1val<\/li>\n<li>Be\u00e9p\u00edtett, szegecselt alum\u00ednium h\u0151pajzs<\/li>\n<li>El\u00fcls\u0151 hosszabb\u00edt\u00e1sok \u00e9s als\u00f3 perem v\u00e9delemhez<\/li>\n<\/ul>\n<p>S\u00falya 246,6 gramm, hossza 23,37 cm. USA-ban gy\u00e1rtva.<\/p>\n<\/div>\n","protected":false},"excerpt":{"rendered":"<p>K\u00f6nny\u0171, modul\u00e1ris AR-15\/M4 k\u00f6zepes hossz\u00fas\u00e1g\u00fa el\u0151agy M-LOK r\u00f6gz\u00edt\u00e9si pontokkal.<\/p>\n","protected":false},"featured_media":493089,"template":"","meta":{"_acf_changed":false},"product_brand":[11553],"product_cat":[12967,12916,12915],"product_tag":[],"class_list":{"0":"post-530101","1":"product","2":"type-product","3":"status-publish","4":"has-post-thumbnail","6":"product_brand-magpul","7":"product_cat-puska","8":"product_cat-puska-tuning","9":"product_cat-sinek","11":"first","12":"instock","13":"taxable","14":"shipping-taxable","15":"purchasable","16":"product-type-simple"},"acf":[],"_links":{"self":[{"href":"https:\/\/staging.nbg.eu\/hu\/wp-json\/wp\/v2\/product\/530101","targetHints":{"allow":["GET"]}}],"collection":[{"href":"https:\/\/staging.nbg.eu\/hu\/wp-json\/wp\/v2\/product"}],"about":[{"href":"https:\/\/staging.nbg.eu\/hu\/wp-json\/wp\/v2\/types\/product"}],"wp:featuredmedia":[{"embeddable":true,"href":"https:\/\/staging.nbg.eu\/hu\/wp-json\/wp\/v2\/media\/493089"}],"wp:attachment":[{"href":"https:\/\/staging.nbg.eu\/hu\/wp-json\/wp\/v2\/media?parent=530101"}],"wp:term":[{"taxonomy":"product_brand","embeddable":true,"href":"https:\/\/staging.nbg.eu\/hu\/wp-json\/wp\/v2\/product_brand?post=530101"},{"taxonomy":"product_cat","embeddable":true,"href":"https:\/\/staging.nbg.eu\/hu\/wp-json\/wp\/v2\/product_cat?post=530101"},{"taxonomy":"product_tag","embeddable":true,"href":"https:\/\/staging.nbg.eu\/hu\/wp-json\/wp\/v2\/product_tag?post=530101"}],"curies":[{"name":"wp","href":"https:\/\/api.w.org\/{rel}","templated":true}]}}