{"id":529957,"date":"2025-09-02T20:30:44","date_gmt":"2025-09-02T17:30:44","guid":{"rendered":"https:\/\/staging.nbg.eu\/product\/predna-drzhka-magpul-zhukov-za-ak-47-ak-74-lilava-mag586-plm\/"},"modified":"2025-09-26T15:05:56","modified_gmt":"2025-09-26T12:05:56","slug":"elso-drajka-magpul-zhukov-ak-47ak-74-lila-mag586-plm","status":"publish","type":"product","link":"https:\/\/staging.nbg.eu\/hu\/termek\/elso-drajka-magpul-zhukov-ak-47ak-74-lila-mag586-plm\/","title":{"rendered":"Elso drajka Magpul ZHUKOV AK-47\/AK-74 lila MAG586 PLM"},"content":{"rendered":"<div class=\"product-description\">\n<h2>Magpul ZHUKOV el\u0151agy AK-47\/AK-74 fegyverekhez &#8211; Szilva sz\u00edn (MAG586-PLM)<\/h2>\n<p>AK-47 vagy AK-74 fegyver fejleszt\u00e9se Magpul ZHUKOV el\u0151aggyal szilva sz\u00ednben. Ez a hossz\u00edtott el\u0151agy nagyobb fog\u00e1si fel\u00fcletet biztos\u00edt modern l\u00f6v\u00e9szeti technik\u00e1khoz \u00e9s tov\u00e1bbi kieg\u00e9sz\u00edt\u0151 r\u00f6gz\u00edt\u00e9si lehet\u0151s\u00e9geket ny\u00fajt.<\/p>\n<ul>\n<li>Kompatibilis a legt\u00f6bb AK-47\/AKM\/AK-74 pusk\u00e1val (cs\u0151\u00e1tm\u00e9r\u0151 16,75-18,25mm, hossz &gt;13&#8243;)<\/li>\n<li>Teljes hossz\u00fas\u00e1g\u00fa, kem\u00e9nyan\u00f3diz\u00e1lt alum\u00ednium v\u00e1z a merev r\u00f6gz\u00edt\u00e9shez \u00e9s h\u0151v\u00e9delemhez<\/li>\n<li>Tart\u00f3s polimer k\u00fcls\u0151 bor\u00edt\u00e1s M-LOK kieg\u00e9sz\u00edt\u0151k r\u00f6gz\u00edt\u00e9s\u00e9re szolg\u00e1l\u00f3 ny\u00edl\u00e1sokkal<\/li>\n<li>Tartalmaz cser\u00e9lhet\u0151 polimer fels\u0151 bor\u00edt\u00e1st<\/li>\n<li>UltiMAK optikai szerel\u00e9kkel kompatibilis<\/li>\n<li>Hossz: 11,7 h\u00fcvelyk<\/li>\n<\/ul>\n<p>Ez a sokoldal\u00fa el\u0151agy vad\u00e1szoknak \u00e9s sportl\u00f6v\u0151knek k\u00e9sz\u00fclt.<\/p>\n<\/div>\n","protected":false},"excerpt":{"rendered":"<p>Meghosszabb\u00edtott Magpul ZHUKOV el\u0151agy AK-47\/AK-74 fegyverekhez, szilva sz\u00ednben, M-LOK kompatibilis.<\/p>\n","protected":false},"featured_media":0,"template":"","meta":{"_acf_changed":false},"product_brand":[],"product_cat":[],"product_tag":[],"class_list":{"0":"post-529957","1":"product","2":"type-product","3":"status-publish","6":"first","7":"instock","8":"taxable","9":"shipping-taxable","10":"purchasable","11":"product-type-simple"},"acf":[],"_links":{"self":[{"href":"https:\/\/staging.nbg.eu\/hu\/wp-json\/wp\/v2\/product\/529957","targetHints":{"allow":["GET"]}}],"collection":[{"href":"https:\/\/staging.nbg.eu\/hu\/wp-json\/wp\/v2\/product"}],"about":[{"href":"https:\/\/staging.nbg.eu\/hu\/wp-json\/wp\/v2\/types\/product"}],"wp:attachment":[{"href":"https:\/\/staging.nbg.eu\/hu\/wp-json\/wp\/v2\/media?parent=529957"}],"wp:term":[{"taxonomy":"product_brand","embeddable":true,"href":"https:\/\/staging.nbg.eu\/hu\/wp-json\/wp\/v2\/product_brand?post=529957"},{"taxonomy":"product_cat","embeddable":true,"href":"https:\/\/staging.nbg.eu\/hu\/wp-json\/wp\/v2\/product_cat?post=529957"},{"taxonomy":"product_tag","embeddable":true,"href":"https:\/\/staging.nbg.eu\/hu\/wp-json\/wp\/v2\/product_tag?post=529957"}],"curies":[{"name":"wp","href":"https:\/\/api.w.org\/{rel}","templated":true}]}}