{"id":529616,"date":"2025-09-02T20:24:18","date_gmt":"2025-09-02T17:24:18","guid":{"rendered":"https:\/\/staging.nbg.eu\/product\/magpul-zhukov-hand-guard-for-ak-47-mag586\/"},"modified":"2025-09-26T12:56:58","modified_gmt":"2025-09-26T09:56:58","slug":"magpul-zhukov-elsoe-markolat-ak-47-mag586","status":"publish","type":"product","link":"https:\/\/staging.nbg.eu\/hu\/termek\/magpul-zhukov-elsoe-markolat-ak-47-mag586\/","title":{"rendered":"Magpul &#8211; ZHUKOV Els\u00f6 Markolat AK-47 MAG586"},"content":{"rendered":"<h2>Magpul ZHUKOV el\u0151agy AK-47-hez MAG586<\/h2>\n<p>A Magpul ZHUKOV el\u0151agy (MAG586) az AK-47-hez tervezett ergon\u00f3mia \u00e9s modularit\u00e1s jav\u00edt\u00e1s\u00e1ra. Ez az el\u0151agy a k\u00f6vetkez\u0151ket k\u00edn\u00e1lja:<\/p>\n<ul>\n<li>Tart\u00f3s polimer szerkezet a k\u00f6nny\u0171 s\u00faly \u00e9rdek\u00e9ben<\/li>\n<li>Meghosszabb\u00edtott hossz a jobb ir\u00e1ny\u00edt\u00e1s \u00e9s h\u0151elvezet\u00e9s \u00e9rdek\u00e9ben<\/li>\n<li>M-LOK kompatibilis r\u00e9sek a kieg\u00e9sz\u00edt\u0151k k\u00f6nny\u0171 csatlakoztat\u00e1s\u00e1hoz<\/li>\n<li>K\u00e9nyelmes ergonomikus kialak\u00edt\u00e1s hosszabb l\u00f6v\u00e9szeti alkalmakhoz<\/li>\n<li>K\u00f6nny\u0171 felszerel\u00e9s \u00e1lland\u00f3 m\u00f3dos\u00edt\u00e1sok n\u00e9lk\u00fcl<\/li>\n<li>Kompatibilis sajtolt AKM\/AK-47 t\u00edpus\u00fa pusk\u00e1kkal<\/li>\n<\/ul>\n<p>A ZHUKOV el\u0151agy \u00e1talak\u00edtja az AK-47-et egy modern, sokoldal\u00fa platformm\u00e1. Kialak\u00edt\u00e1sa \u00e9s funkci\u00f3i miatt hasznos fejleszt\u00e9s az AK felhaszn\u00e1l\u00f3k sz\u00e1m\u00e1ra, akik jobb teljes\u00edtm\u00e9nyt \u00e9s testreszab\u00e1si lehet\u0151s\u00e9geket keresnek.<\/p>\n<p><strong>Megjegyz\u00e9s:<\/strong> A felszerel\u00e9shez el kell t\u00e1vol\u00edtani az el\u0151agy r\u00f6gz\u00edt\u0151t.<\/p>\n","protected":false},"excerpt":{"rendered":"<p>Tart\u00f3s AK-47 el\u0151agy. Jav\u00edtja a fog\u00e1st \u00e9s a h\u0151elvezet\u00e9st. M-LOK kompatibilis.<\/p>\n","protected":false},"featured_media":491564,"template":"","meta":{"_acf_changed":false},"product_brand":[11553],"product_cat":[12967,12916,12915],"product_tag":[],"class_list":{"0":"post-529616","1":"product","2":"type-product","3":"status-publish","4":"has-post-thumbnail","6":"product_brand-magpul","7":"product_cat-puska","8":"product_cat-puska-tuning","9":"product_cat-sinek","11":"first","12":"instock","13":"taxable","14":"shipping-taxable","15":"purchasable","16":"product-type-variable","17":"wvs-archive-product-wrapper"},"acf":[],"_links":{"self":[{"href":"https:\/\/staging.nbg.eu\/hu\/wp-json\/wp\/v2\/product\/529616","targetHints":{"allow":["GET"]}}],"collection":[{"href":"https:\/\/staging.nbg.eu\/hu\/wp-json\/wp\/v2\/product"}],"about":[{"href":"https:\/\/staging.nbg.eu\/hu\/wp-json\/wp\/v2\/types\/product"}],"wp:featuredmedia":[{"embeddable":true,"href":"https:\/\/staging.nbg.eu\/hu\/wp-json\/wp\/v2\/media\/491564"}],"wp:attachment":[{"href":"https:\/\/staging.nbg.eu\/hu\/wp-json\/wp\/v2\/media?parent=529616"}],"wp:term":[{"taxonomy":"product_brand","embeddable":true,"href":"https:\/\/staging.nbg.eu\/hu\/wp-json\/wp\/v2\/product_brand?post=529616"},{"taxonomy":"product_cat","embeddable":true,"href":"https:\/\/staging.nbg.eu\/hu\/wp-json\/wp\/v2\/product_cat?post=529616"},{"taxonomy":"product_tag","embeddable":true,"href":"https:\/\/staging.nbg.eu\/hu\/wp-json\/wp\/v2\/product_tag?post=529616"}],"curies":[{"name":"wp","href":"https:\/\/api.w.org\/{rel}","templated":true}]}}