{"id":529429,"date":"2025-09-02T20:23:55","date_gmt":"2025-09-02T17:23:55","guid":{"rendered":"https:\/\/staging.nbg.eu\/product\/magpul-zhukov-s-stock-for-ak-47-ak-74-mag585\/"},"modified":"2025-09-26T12:42:07","modified_gmt":"2025-09-26T09:42:07","slug":"magpul-zhukov-s-tus-ak-47-ak-74-mag585","status":"publish","type":"product","link":"https:\/\/staging.nbg.eu\/hu\/termek\/magpul-zhukov-s-tus-ak-47-ak-74-mag585\/","title":{"rendered":"Magpul &#8211; ZHUKOV-S Tus AK-47 \/ AK-74 &#8211; MAG585"},"content":{"rendered":"<div class=\"product-description\">\n<h2>Magpul ZHUKOV-S\u00ae Tus AK-47 \/ AK-74 fegyverekhez &#8211; MAG585<\/h2>\n<p>A Magpul ZHUKOV-S\u00ae \u00d6sszecsukhat\u00f3 Tus AK47\/AKM\/AK74 karab\u00e9lyokhoz. Jellemz\u0151i:<\/p>\n<ul>\n<li>5 poz\u00edci\u00f3s \u00e1ll\u00edthat\u00f3s\u00e1g a megfelel\u0151 karhosszhoz<\/li>\n<li>Jobb oldali \u00f6sszecsukhat\u00f3 mechanizmus, kompatibilis fecskefark optik\u00e1kkal<\/li>\n<li>Lehet\u0151v\u00e9 teszi a t\u00fczel\u00e9st \u00e9s \u00fajrat\u00f6lt\u00e9st \u00f6sszecsukott \u00e1llapotban<\/li>\n<li>Alacsony profil\u00fa kialak\u00edt\u00e1s<\/li>\n<li>Cs\u00fasz\u00e1sg\u00e1tl\u00f3, visszar\u00fag\u00e1st elnyel\u0151 gumi tustalp<\/li>\n<li>1,25&#8243; sz\u00edjlyuk \u00e9s QD port kompatibilit\u00e1s<\/li>\n<\/ul>\n<p>425g s\u00faly\u00fa \u00e9s 223,5-289,5mm hossz\u00fas\u00e1g\u00fa, ez az USA-ban gy\u00e1rtott tus k\u00e9nyelmes, funkcion\u00e1lis \u00e9s tart\u00f3s. Megjegyz\u00e9s: Nem kompatibilis jugoszl\u00e1v AK-kkal, Norinco Type 56S\/MAK-90 t\u00edpusokkal, vagy mart tokos v\u00e1ltozatokkal.<\/p>\n<\/div>\n","protected":false},"excerpt":{"rendered":"<p>Magpul ZHUKOV-S: \u00d6sszecsukhat\u00f3, \u00e1ll\u00edthat\u00f3 AK tusa gyorscsatlakoz\u00f3 portokkal.<\/p>\n","protected":false},"featured_media":491491,"template":"","meta":{"_acf_changed":false},"product_brand":[11553],"product_cat":[12901,12967,12916,12927],"product_tag":[],"class_list":{"0":"post-529429","1":"product","2":"type-product","3":"status-publish","4":"has-post-thumbnail","6":"product_brand-magpul","7":"product_cat-ak-tuning","8":"product_cat-puska","9":"product_cat-puska-tuning","10":"product_cat-puskatusok","12":"first","13":"instock","14":"taxable","15":"shipping-taxable","16":"purchasable","17":"product-type-variable","18":"wvs-archive-product-wrapper"},"acf":[],"_links":{"self":[{"href":"https:\/\/staging.nbg.eu\/hu\/wp-json\/wp\/v2\/product\/529429","targetHints":{"allow":["GET"]}}],"collection":[{"href":"https:\/\/staging.nbg.eu\/hu\/wp-json\/wp\/v2\/product"}],"about":[{"href":"https:\/\/staging.nbg.eu\/hu\/wp-json\/wp\/v2\/types\/product"}],"wp:featuredmedia":[{"embeddable":true,"href":"https:\/\/staging.nbg.eu\/hu\/wp-json\/wp\/v2\/media\/491491"}],"wp:attachment":[{"href":"https:\/\/staging.nbg.eu\/hu\/wp-json\/wp\/v2\/media?parent=529429"}],"wp:term":[{"taxonomy":"product_brand","embeddable":true,"href":"https:\/\/staging.nbg.eu\/hu\/wp-json\/wp\/v2\/product_brand?post=529429"},{"taxonomy":"product_cat","embeddable":true,"href":"https:\/\/staging.nbg.eu\/hu\/wp-json\/wp\/v2\/product_cat?post=529429"},{"taxonomy":"product_tag","embeddable":true,"href":"https:\/\/staging.nbg.eu\/hu\/wp-json\/wp\/v2\/product_tag?post=529429"}],"curies":[{"name":"wp","href":"https:\/\/api.w.org\/{rel}","templated":true}]}}