{"id":52920,"date":"2024-03-08T09:51:57","date_gmt":"2024-03-08T09:51:57","guid":{"rendered":"https:\/\/staging.nbg.eu\/product\/bronze-spiral-shotgun-brush\/"},"modified":"2024-09-13T12:45:04","modified_gmt":"2024-09-13T12:45:04","slug":"bronz-spiral-soeretes-kefe","status":"publish","type":"product","link":"https:\/\/staging.nbg.eu\/hu\/termek\/bronz-spiral-soeretes-kefe\/","title":{"rendered":"Bronz Spir\u00e1l S\u00f6r\u00e9tes Kefe"},"content":{"rendered":"<p>A Bore Tech bronz spir\u00e1lis s\u00f6r\u00e9tes puska kef\u00e9je hurkolt s\u00f6rt\u00e9kkel rendelkezik a hat\u00e9kony tiszt\u00edt\u00e1shoz, a fegyver k\u00e1ros\u00edt\u00e1sa n\u00e9lk\u00fcl. Cs\u0151bar\u00e1t foszforbronzb\u00f3l k\u00e9sz\u00fclt, hat\u00e9konyan elt\u00e1vol\u00edtja a m\u0171anyag szennyez\u0151d\u00e9seket, \u00e9s tov\u00e1bb tart, mint a hagyom\u00e1nyos dr\u00f3ts\u00f6rt\u00e9s kef\u00e9k. 10-es &#8211; .410-es kaliberben kaphat\u00f3, illeszkedik a szabv\u00e1nyos 5\/16-27 menetes rudakhoz.<\/p>\n","protected":false},"excerpt":{"rendered":"<p>Innovat\u00edv spir\u00e1lkefe az alapos \u00e9s biztons\u00e1gos s\u00f6r\u00e9tes puska cs\u0151tiszt\u00edt\u00e1shoz.<\/p>\n","protected":false},"featured_media":52921,"template":"","meta":{"_acf_changed":false},"product_brand":[11153],"product_cat":[12948,12975],"product_tag":[],"class_list":{"0":"post-52920","1":"product","2":"type-product","3":"status-publish","4":"has-post-thumbnail","6":"product_brand-boretech","7":"product_cat-fegyvertisztitas","8":"product_cat-kefek","10":"first","11":"outofstock","12":"taxable","13":"shipping-taxable","14":"purchasable","15":"product-type-simple"},"acf":[],"_links":{"self":[{"href":"https:\/\/staging.nbg.eu\/hu\/wp-json\/wp\/v2\/product\/52920","targetHints":{"allow":["GET"]}}],"collection":[{"href":"https:\/\/staging.nbg.eu\/hu\/wp-json\/wp\/v2\/product"}],"about":[{"href":"https:\/\/staging.nbg.eu\/hu\/wp-json\/wp\/v2\/types\/product"}],"wp:featuredmedia":[{"embeddable":true,"href":"https:\/\/staging.nbg.eu\/hu\/wp-json\/wp\/v2\/media\/52921"}],"wp:attachment":[{"href":"https:\/\/staging.nbg.eu\/hu\/wp-json\/wp\/v2\/media?parent=52920"}],"wp:term":[{"taxonomy":"product_brand","embeddable":true,"href":"https:\/\/staging.nbg.eu\/hu\/wp-json\/wp\/v2\/product_brand?post=52920"},{"taxonomy":"product_cat","embeddable":true,"href":"https:\/\/staging.nbg.eu\/hu\/wp-json\/wp\/v2\/product_cat?post=52920"},{"taxonomy":"product_tag","embeddable":true,"href":"https:\/\/staging.nbg.eu\/hu\/wp-json\/wp\/v2\/product_tag?post=52920"}],"curies":[{"name":"wp","href":"https:\/\/api.w.org\/{rel}","templated":true}]}}