{"id":52810,"date":"2024-03-11T05:07:53","date_gmt":"2024-03-11T05:07:53","guid":{"rendered":"https:\/\/staging.nbg.eu\/product\/bore-tech-alloy-shotgun-stix-36\/"},"modified":"2024-09-13T11:36:40","modified_gmt":"2024-09-13T11:36:40","slug":"bore-tech-alloy-soeretes-pucolorud-36","status":"publish","type":"product","link":"https:\/\/staging.nbg.eu\/hu\/termek\/bore-tech-alloy-soeretes-pucolorud-36\/","title":{"rendered":"Bore Tech Alloy S\u00f6r\u00e9tes Pucol\u00f3r\u00fad 36&#8243;"},"content":{"rendered":"<p>\nA Bore Tech Alloy Shotgun Stix 36&#8243; jellemz\u0151i:<\/p>\n<ul>\n<li>Ergonomikus foganty\u00fa cs\u0151biztos, er\u0151s rep\u00fcl\u0151g\u00e9pipari \u00f6tv\u00f6zetb\u0151l k\u00e9sz\u00fclt r\u00faddal<\/li>\n<li>Merevs\u00e9g 410-10-es kaliber\u0171 s\u00f6r\u00e9tes pusk\u00e1khoz<\/li>\n<li>36 h\u00fcvelykes m\u0171k\u00f6d\u00e9si hossz (egyr\u00e9szes kivitel)<\/li>\n<li>Bels\u0151 menettel rendelkezik, szabv\u00e1nyos 5\/16-27 menettel<\/li>\n<li>Kompatibilis s\u00f6r\u00e9tes puska tiszt\u00edt\u00f3fejekkel \u00e9s bronz cs\u0151kef\u00e9kkel<\/li>\n<\/ul>\n<p>Ez a tart\u00f3s, sokoldal\u00fa tiszt\u00edt\u00f3r\u00fad hat\u00e9kony tiszt\u00edt\u00e1st biztos\u00edt.<\/p>\n","protected":false},"excerpt":{"rendered":"<p>Merev 36&#8243; \u00f6tv\u00f6z\u00f6tt p\u00e1lca 410-10-es kaliber\u0171 s\u00f6r\u00e9tes pusk\u00e1khoz. Ergonomikus markolat.<\/p>\n","protected":false},"featured_media":52811,"template":"","meta":{"_acf_changed":false},"product_brand":[],"product_cat":[12948,12907,12973],"product_tag":[],"class_list":{"0":"post-52810","1":"product","2":"type-product","3":"status-publish","4":"has-post-thumbnail","6":"product_cat-fegyvertisztitas","7":"product_cat-tisztito-palcak","8":"product_cat-tisztitopalcak","10":"first","11":"outofstock","12":"taxable","13":"shipping-taxable","14":"purchasable","15":"product-type-simple"},"acf":[],"_links":{"self":[{"href":"https:\/\/staging.nbg.eu\/hu\/wp-json\/wp\/v2\/product\/52810","targetHints":{"allow":["GET"]}}],"collection":[{"href":"https:\/\/staging.nbg.eu\/hu\/wp-json\/wp\/v2\/product"}],"about":[{"href":"https:\/\/staging.nbg.eu\/hu\/wp-json\/wp\/v2\/types\/product"}],"wp:featuredmedia":[{"embeddable":true,"href":"https:\/\/staging.nbg.eu\/hu\/wp-json\/wp\/v2\/media\/52811"}],"wp:attachment":[{"href":"https:\/\/staging.nbg.eu\/hu\/wp-json\/wp\/v2\/media?parent=52810"}],"wp:term":[{"taxonomy":"product_brand","embeddable":true,"href":"https:\/\/staging.nbg.eu\/hu\/wp-json\/wp\/v2\/product_brand?post=52810"},{"taxonomy":"product_cat","embeddable":true,"href":"https:\/\/staging.nbg.eu\/hu\/wp-json\/wp\/v2\/product_cat?post=52810"},{"taxonomy":"product_tag","embeddable":true,"href":"https:\/\/staging.nbg.eu\/hu\/wp-json\/wp\/v2\/product_tag?post=52810"}],"curies":[{"name":"wp","href":"https:\/\/api.w.org\/{rel}","templated":true}]}}