{"id":527823,"date":"2025-09-02T20:21:10","date_gmt":"2025-09-02T17:21:10","guid":{"rendered":"https:\/\/staging.nbg.eu\/product\/strike-industries-g5-magwell-for-glock-17-22-31-34-35-45-gen5-si-g5-magwell-17\/"},"modified":"2025-09-25T22:34:36","modified_gmt":"2025-09-25T19:34:36","slug":"strike-industries-g5-tartorok-glock-172231343545-gen5-si-g5-magwell-17","status":"publish","type":"product","link":"https:\/\/staging.nbg.eu\/hu\/termek\/strike-industries-g5-tartorok-glock-172231343545-gen5-si-g5-magwell-17\/","title":{"rendered":"Strike Industries &#8211; G5 T\u00e1rtorok Glock 17\/22\/31\/34\/35\/45 Gen5 &#8211; SI-G5-MAGWELL-17"},"content":{"rendered":"<div class=\"product-description\">\n<h2>Strike Industries G5 MagWell Glock 17\/22\/31\/34\/35\/45 Gen5 modellekhez<\/h2>\n<p>A Strike Industries G5 MagWell kieg\u00e9sz\u00edt\u0151 a Glock Gen5 pisztolyokhoz. Tervezve a t\u00e1r k\u00f6nnyebb \u00fajrat\u00f6lt\u00e9s\u00e9hez, mik\u00f6zben megtartja a pisztoly v\u00e9kony markolat\u00e1t.<\/p>\n<ul>\n<li>Kompatibilis a Glock G17\/G22\/G31\/G34\/G35\/G45 Gen5 modellekkel<\/li>\n<li>Kisz\u00e9lesed\u0151 kialak\u00edt\u00e1s a t\u00e1r k\u00f6nnyebb behelyez\u00e9s\u00e9hez<\/li>\n<li>K\u00f6nny\u0171 (11,3 g) \u00e9s tart\u00f3s polimer szerkezet<\/li>\n<li>Egyszer\u0171 felszerel\u00e9s a mell\u00e9kelt M4 r\u00f6gz\u00edt\u0151csavarral \u00e9s 2,5 mm-es imbuszkulccsal<\/li>\n<li>M\u00e9retek: 61,72 mm (H) x 37,34 mm (Sz) x 23,11 mm (M)<\/li>\n<\/ul>\n<p>Jav\u00edtja az \u00fajrat\u00f6lt\u00e9si sebess\u00e9get \u00e9s k\u00f6vetkezetess\u00e9get. Kompatibilis a legt\u00f6bb ut\u00e1ngy\u00e1rtott t\u00e1rtalp \u00e9s -b\u0151v\u00edt\u00e9s t\u00edpussal. J\u00f3l haszn\u00e1lhat\u00f3 a Strike EMP-vel egy\u00fctt.<\/p>\n<p><strong>Megjegyz\u00e9s:<\/strong> Ne h\u00fazza t\u00fal a r\u00f6gz\u00edt\u0151csavart a felszerel\u00e9s sor\u00e1n, hogy elker\u00fclje a helytelen illeszked\u00e9st vagy s\u00e9r\u00fcl\u00e9st.<\/p>\n<\/div>\n","protected":false},"excerpt":{"rendered":"<p>Fokozza a Glock Gen5 \u00fajrat\u00f6lt\u00e9s\u00e9t a Strike Industries eleg\u00e1ns t\u00e1rfoglalat\u00e1val.<\/p>\n","protected":false},"featured_media":490776,"template":"","meta":{"_acf_changed":false},"product_brand":[11409,11553],"product_cat":[12924,12968],"product_tag":[],"class_list":{"0":"post-527823","1":"product","2":"type-product","3":"status-publish","4":"has-post-thumbnail","6":"product_brand-glock","7":"product_brand-magpul","8":"product_cat-pisztoly","9":"product_cat-pisztoly-alkatreszek","11":"first","12":"instock","13":"taxable","14":"shipping-taxable","15":"purchasable","16":"product-type-simple"},"acf":[],"_links":{"self":[{"href":"https:\/\/staging.nbg.eu\/hu\/wp-json\/wp\/v2\/product\/527823","targetHints":{"allow":["GET"]}}],"collection":[{"href":"https:\/\/staging.nbg.eu\/hu\/wp-json\/wp\/v2\/product"}],"about":[{"href":"https:\/\/staging.nbg.eu\/hu\/wp-json\/wp\/v2\/types\/product"}],"wp:featuredmedia":[{"embeddable":true,"href":"https:\/\/staging.nbg.eu\/hu\/wp-json\/wp\/v2\/media\/490776"}],"wp:attachment":[{"href":"https:\/\/staging.nbg.eu\/hu\/wp-json\/wp\/v2\/media?parent=527823"}],"wp:term":[{"taxonomy":"product_brand","embeddable":true,"href":"https:\/\/staging.nbg.eu\/hu\/wp-json\/wp\/v2\/product_brand?post=527823"},{"taxonomy":"product_cat","embeddable":true,"href":"https:\/\/staging.nbg.eu\/hu\/wp-json\/wp\/v2\/product_cat?post=527823"},{"taxonomy":"product_tag","embeddable":true,"href":"https:\/\/staging.nbg.eu\/hu\/wp-json\/wp\/v2\/product_tag?post=527823"}],"curies":[{"name":"wp","href":"https:\/\/api.w.org\/{rel}","templated":true}]}}