{"id":527714,"date":"2025-09-02T20:21:13","date_gmt":"2025-09-02T17:21:13","guid":{"rendered":"https:\/\/staging.nbg.eu\/product\/strike-industries-g4-magwell-for-glock-17-22-31-34-35-gen4-si-g4-magwell\/"},"modified":"2025-09-25T22:29:30","modified_gmt":"2025-09-25T19:29:30","slug":"strike-industries-g4-tartorok-glock-1722313435-gen4-si-g4-magwell","status":"publish","type":"product","link":"https:\/\/staging.nbg.eu\/hu\/termek\/strike-industries-g4-tartorok-glock-1722313435-gen4-si-g4-magwell\/","title":{"rendered":"Strike Industries &#8211; G4 T\u00e1rtorok Glock 17\/22\/31\/34\/35 Gen4 &#8211; SI-G4-MAGWELL"},"content":{"rendered":"<div class=\"product-description\">\n<h2>Strike Industries G4 T\u00e1rfogad\u00f3 Glock 17\/22\/31\/34\/35 Gen4 modellekhez<\/h2>\n<p>A Strike Industries GEN4 T\u00e1rfogad\u00f3 k\u00f6nnyebb\u00e9 teszi a t\u00e1r \u00fajrat\u00f6lt\u00e9s\u00e9t, mik\u00f6zben meg\u0151rzi a pisztoly v\u00e9kony markolat\u00e1t. Cs\u00f6kkenti az \u00fajrat\u00f6lt\u00e9si id\u0151t. Kompatibilis a legt\u00f6bb ut\u00e1ngy\u00e1rtott t\u00e1rtalp \u00e9s t\u00e1r hosszabb\u00edt\u00f3val.<\/p>\n<ul>\n<li>Kisz\u00e9lesed\u0151 t\u00e1rfogad\u00f3 a t\u00e1r k\u00f6nnyebb behelyez\u00e9s\u00e9hez<\/li>\n<li>Egyszer\u0171 felszerel\u00e9s egyedi r\u00f6gz\u00edt\u0151 mechanizmussal<\/li>\n<li>K\u00f6nny\u0171, nagy szil\u00e1rds\u00e1g\u00fa polimer szerkezet<\/li>\n<li>Kompatibilis a Glock 17\/22\/31\/34\/35 GEN4 modellekkel<\/li>\n<li>Glock gy\u00e1ri +0 markolatpapucshoz tervezve<\/li>\n<\/ul>\n<p><strong>Megjegyz\u00e9s:<\/strong> Ne h\u00fazza t\u00fal a r\u00f6gz\u00edt\u0151csavart felszerel\u00e9skor, hogy elker\u00fclje a helytelen be\u00e1ll\u00edt\u00e1st vagy s\u00e9r\u00fcl\u00e9st.<\/p>\n<p>A csomag tartalma: G4 T\u00e1rfogad\u00f3, R\u00f6gz\u00edt\u0151csavar, M2 imbuszkulcs \u00e9s Figyelmeztet\u0151 k\u00e1rtya.<\/p>\n<\/div>\n","protected":false},"excerpt":{"rendered":"<p>N\u00f6velje a Glock 17\/22\/31\/34\/35 Gen4 \u00fajrat\u00f6lt\u00e9si sebess\u00e9g\u00e9t az SI G4 MagWell seg\u00edts\u00e9g\u00e9vel.<\/p>\n","protected":false},"featured_media":491007,"template":"","meta":{"_acf_changed":false},"product_brand":[11409,11553],"product_cat":[12924,12968],"product_tag":[],"class_list":{"0":"post-527714","1":"product","2":"type-product","3":"status-publish","4":"has-post-thumbnail","6":"product_brand-glock","7":"product_brand-magpul","8":"product_cat-pisztoly","9":"product_cat-pisztoly-alkatreszek","11":"first","12":"instock","13":"taxable","14":"shipping-taxable","15":"purchasable","16":"product-type-simple"},"acf":[],"_links":{"self":[{"href":"https:\/\/staging.nbg.eu\/hu\/wp-json\/wp\/v2\/product\/527714","targetHints":{"allow":["GET"]}}],"collection":[{"href":"https:\/\/staging.nbg.eu\/hu\/wp-json\/wp\/v2\/product"}],"about":[{"href":"https:\/\/staging.nbg.eu\/hu\/wp-json\/wp\/v2\/types\/product"}],"wp:featuredmedia":[{"embeddable":true,"href":"https:\/\/staging.nbg.eu\/hu\/wp-json\/wp\/v2\/media\/491007"}],"wp:attachment":[{"href":"https:\/\/staging.nbg.eu\/hu\/wp-json\/wp\/v2\/media?parent=527714"}],"wp:term":[{"taxonomy":"product_brand","embeddable":true,"href":"https:\/\/staging.nbg.eu\/hu\/wp-json\/wp\/v2\/product_brand?post=527714"},{"taxonomy":"product_cat","embeddable":true,"href":"https:\/\/staging.nbg.eu\/hu\/wp-json\/wp\/v2\/product_cat?post=527714"},{"taxonomy":"product_tag","embeddable":true,"href":"https:\/\/staging.nbg.eu\/hu\/wp-json\/wp\/v2\/product_tag?post=527714"}],"curies":[{"name":"wp","href":"https:\/\/api.w.org\/{rel}","templated":true}]}}