{"id":527608,"date":"2025-09-02T20:20:53","date_gmt":"2025-09-02T17:20:53","guid":{"rendered":"https:\/\/staging.nbg.eu\/product\/strike-industries-ak-rear-sight-rail-black-si-akrr\/"},"modified":"2025-09-25T22:27:16","modified_gmt":"2025-09-25T19:27:16","slug":"strike-industries-ak-hatso-iranyzek-sin-fekete-si-akrr","status":"publish","type":"product","link":"https:\/\/staging.nbg.eu\/hu\/termek\/strike-industries-ak-hatso-iranyzek-sin-fekete-si-akrr\/","title":{"rendered":"Strike Industries &#8211; AK Hats\u00f3 Ir\u00e1nyz\u00e9k S\u00edn &#8211; Fekete &#8211; SI-AKRR"},"content":{"rendered":"<div class=\"product-description\">\n<h2>Strike Industries &#8211; AK h\u00e1ts\u00f3 ir\u00e1nyz\u00e9k s\u00edn &#8211; Fekete &#8211; SI-AKRR<\/h2>\n<p>Az AK csal\u00e1dba tartoz\u00f3 karab\u00e9lyok fejleszt\u00e9s\u00e9re szolg\u00e1l\u00f3 Strike Industries h\u00e1ts\u00f3 ir\u00e1nyz\u00e9k s\u00edn. Ez a kieg\u00e9sz\u00edt\u0151 a k\u00f6vetkez\u0151ket k\u00edn\u00e1lja:<\/p>\n<ul>\n<li>Picatinny-kompatibilis r\u00f6gz\u00edt\u00e9s alacsony profil\u00fa optik\u00e1khoz<\/li>\n<li>6061-es rep\u00fcl\u0151g\u00e9p-alum\u00ednium szerkezet<\/li>\n<li>Kett\u0151s funkcionalit\u00e1s: standard puska ir\u00e1nyz\u00e9k<\/li>\n<li>F\u00fcgg\u0151leges \u00e9s v\u00edzszintes \u00e1ll\u00edt\u00e1si lehet\u0151s\u00e9gek<\/li>\n<li>K\u00f6nny\u0171, 38 grammos kialak\u00edt\u00e1s<\/li>\n<\/ul>\n<p>99,7 mm hossz\u00fa \u00e9s 21 mm sz\u00e9les, ez a fekete s\u00edn az AK h\u00e1ts\u00f3 ir\u00e1nyz\u00e9k\u00e1t helyettes\u00edti. Oldals\u00f3 m\u00e9lyed\u00e9sekkel rendelkezik egyedi fest\u00e9shez, \u00e9s megfelel\u0151 t\u00e1vols\u00e1got biztos\u00edt a vas ir\u00e1nyz\u00e9k haszn\u00e1lat\u00e1hoz, ha nem szerel\u00fcnk fel optik\u00e1t.<\/p>\n<p>Ez a kieg\u00e9sz\u00edt\u0151 n\u00f6veli az AK sokoldal\u00fas\u00e1g\u00e1t \u00e9s pontoss\u00e1g\u00e1t.<\/p>\n<\/div>\n","protected":false},"excerpt":{"rendered":"<p>AK h\u00e1ts\u00f3 ir\u00e1nyz\u00e9k s\u00edn optik\u00e1khoz. Tart\u00f3s alum\u00ednium, Picatinny-kompatibilis.<\/p>\n","protected":false},"featured_media":490592,"template":"","meta":{"_acf_changed":false},"product_brand":[],"product_cat":[12901],"product_tag":[],"class_list":{"0":"post-527608","1":"product","2":"type-product","3":"status-publish","4":"has-post-thumbnail","6":"product_cat-ak-tuning","8":"first","9":"instock","10":"taxable","11":"shipping-taxable","12":"purchasable","13":"product-type-simple"},"acf":[],"_links":{"self":[{"href":"https:\/\/staging.nbg.eu\/hu\/wp-json\/wp\/v2\/product\/527608","targetHints":{"allow":["GET"]}}],"collection":[{"href":"https:\/\/staging.nbg.eu\/hu\/wp-json\/wp\/v2\/product"}],"about":[{"href":"https:\/\/staging.nbg.eu\/hu\/wp-json\/wp\/v2\/types\/product"}],"wp:featuredmedia":[{"embeddable":true,"href":"https:\/\/staging.nbg.eu\/hu\/wp-json\/wp\/v2\/media\/490592"}],"wp:attachment":[{"href":"https:\/\/staging.nbg.eu\/hu\/wp-json\/wp\/v2\/media?parent=527608"}],"wp:term":[{"taxonomy":"product_brand","embeddable":true,"href":"https:\/\/staging.nbg.eu\/hu\/wp-json\/wp\/v2\/product_brand?post=527608"},{"taxonomy":"product_cat","embeddable":true,"href":"https:\/\/staging.nbg.eu\/hu\/wp-json\/wp\/v2\/product_cat?post=527608"},{"taxonomy":"product_tag","embeddable":true,"href":"https:\/\/staging.nbg.eu\/hu\/wp-json\/wp\/v2\/product_tag?post=527608"}],"curies":[{"name":"wp","href":"https:\/\/api.w.org\/{rel}","templated":true}]}}