{"id":527007,"date":"2025-08-25T00:18:45","date_gmt":"2025-08-24T21:18:45","guid":{"rendered":"https:\/\/staging.nbg.eu\/product\/ftcs-enlarged-magazine-catch-with-shelf-ak-platform-no-16\/"},"modified":"2025-09-25T22:05:46","modified_gmt":"2025-09-25T19:05:46","slug":"ftcs-bovitett-tarfogato-kioldogomb-polccal-ak-platform-no16","status":"publish","type":"product","link":"https:\/\/staging.nbg.eu\/hu\/termek\/ftcs-bovitett-tarfogato-kioldogomb-polccal-ak-platform-no16\/","title":{"rendered":"FTCS &#8211; Bovitett Tarfogato Kioldogomb Polccal &#8211; AK platform &#8211; No.16"},"content":{"rendered":"<div class=\"product-description\">\n<h2>FTCS &#8211; Megn\u00f6velt t\u00e1rfog\u00f3 polccal &#8211; AK platformra &#8211; 16. sz.<\/h2>\n<p>Ez a megn\u00f6velt t\u00e1rfog\u00f3 polccal rendelkezik, ami lehet\u0151v\u00e9 teszi a gyors t\u00e1rold\u00e1st a mutat\u00f3ujjal. Ac\u00e9lb\u00f3l k\u00e9sz\u00fclt \u00e9s Graphite Black H-146 Cerakote bevonattal rendelkezik.<\/p>\n<h2>F\u0151 jellemz\u0151k:<\/h2>\n<ul>\n<li>Kompatibilis a legt\u00f6bb AK\/AKM\/AK-74 t\u00edpus\u00fa fegyverrel<\/li>\n<li>Ac\u00e9l szerkezet a tart\u00f3ss\u00e1g \u00e9rdek\u00e9ben<\/li>\n<li>Megn\u00f6velt kialak\u00edt\u00e1s a jobb kezelhet\u0151s\u00e9g\u00e9rt<\/li>\n<li>Kieg\u00e9sz\u00edt\u0151 polc a mutat\u00f3ujjal t\u00f6rt\u00e9n\u0151 t\u00e1rold\u00e1shoz<\/li>\n<\/ul>\n<h2>M\u0171szaki adatok:<\/h2>\n<ul>\n<li>M\u00e9retek: 55 x 52 x 21 mm<\/li>\n<li>S\u00faly: 20 g<\/li>\n<li>Fel\u00fclet: Cerakote Graphite Black H-146<\/li>\n<\/ul>\n<p>FTCS Megn\u00f6velt t\u00e1rfog\u00f3 polccal &#8211; 16. sz. az AK platform ergon\u00f3mi\u00e1j\u00e1nak \u00e9s funkcionalit\u00e1s\u00e1nak jav\u00edt\u00e1s\u00e1hoz.<\/p>\n<\/div>\n","protected":false},"excerpt":{"rendered":"<p>AK platform tov\u00e1bbfejlesztett t\u00e1rold\u00f3 gomb ujjt\u00e1masszal. Ac\u00e9l, fekete.<\/p>\n","protected":false},"featured_media":481344,"template":"","meta":{"_acf_changed":false},"product_brand":[11316],"product_cat":[12901,12967,12916],"product_tag":[],"class_list":{"0":"post-527007","1":"product","2":"type-product","3":"status-publish","4":"has-post-thumbnail","6":"product_brand-ftcs","7":"product_cat-ak-tuning","8":"product_cat-puska","9":"product_cat-puska-tuning","11":"first","12":"instock","13":"taxable","14":"shipping-taxable","15":"purchasable","16":"product-type-simple"},"acf":[],"_links":{"self":[{"href":"https:\/\/staging.nbg.eu\/hu\/wp-json\/wp\/v2\/product\/527007","targetHints":{"allow":["GET"]}}],"collection":[{"href":"https:\/\/staging.nbg.eu\/hu\/wp-json\/wp\/v2\/product"}],"about":[{"href":"https:\/\/staging.nbg.eu\/hu\/wp-json\/wp\/v2\/types\/product"}],"wp:featuredmedia":[{"embeddable":true,"href":"https:\/\/staging.nbg.eu\/hu\/wp-json\/wp\/v2\/media\/481344"}],"wp:attachment":[{"href":"https:\/\/staging.nbg.eu\/hu\/wp-json\/wp\/v2\/media?parent=527007"}],"wp:term":[{"taxonomy":"product_brand","embeddable":true,"href":"https:\/\/staging.nbg.eu\/hu\/wp-json\/wp\/v2\/product_brand?post=527007"},{"taxonomy":"product_cat","embeddable":true,"href":"https:\/\/staging.nbg.eu\/hu\/wp-json\/wp\/v2\/product_cat?post=527007"},{"taxonomy":"product_tag","embeddable":true,"href":"https:\/\/staging.nbg.eu\/hu\/wp-json\/wp\/v2\/product_tag?post=527007"}],"curies":[{"name":"wp","href":"https:\/\/api.w.org\/{rel}","templated":true}]}}