{"id":52464,"date":"2024-03-12T18:05:32","date_gmt":"2024-09-13T11:33:10","guid":{"rendered":"https:\/\/staging.nbg.eu\/product\/bore-tech-x-count-patches-multiple-sizes\/"},"modified":"2024-09-13T11:34:22","modified_gmt":"2024-09-13T11:34:22","slug":"bore-tech-x-count-tisztito-foltok-toebb-meretben","status":"publish","type":"product","link":"https:\/\/staging.nbg.eu\/hu\/termek\/bore-tech-x-count-tisztito-foltok-toebb-meretben\/","title":{"rendered":"Bore Tech X-Count Tiszt\u00edt\u00f3 Foltok (T\u00f6bb M\u00e9retben)"},"content":{"rendered":"<p>Bore Tech X-Count\u2122 tiszt\u00edt\u00f3foltok. Jellemz\u0151k:<\/p>\n<ul>\n<li>100% pamut flanel<\/li>\n<li>K\u00e9toldalas, nem foszl\u00f3 anyag<\/li>\n<li>J\u00f3 tiszt\u00edt\u00f3k\u00e9pess\u00e9g<\/li>\n<li>J\u00f3 old\u00f3szer-felsz\u00edv\u00f3k\u00e9pess\u00e9g<\/li>\n<li>Amerikai gy\u00e1rtm\u00e1ny<\/li>\n<li>K\u00fcl\u00f6nb\u00f6z\u0151 fegyvert\u00edpusokhoz \u00e9s kaliberekhez alkalmas<\/li>\n<li>Akaszthat\u00f3, \u00fajraz\u00e1rhat\u00f3 csomagol\u00e1sban<\/li>\n<\/ul>\n","protected":false},"excerpt":{"rendered":"<p>Pr\u00e9mium min\u0151s\u00e9g\u0171 pamut fegyvertiszt\u00edt\u00f3 foltok, k\u00fcl\u00f6nb\u00f6z\u0151 m\u00e9retekben. USA-ban k\u00e9sz\u00fclt.<\/p>\n","protected":false},"featured_media":52465,"template":"","meta":{"_acf_changed":false},"product_brand":[11153],"product_cat":[12948],"product_tag":[],"class_list":{"0":"post-52464","1":"product","2":"type-product","3":"status-publish","4":"has-post-thumbnail","6":"product_brand-boretech","7":"product_cat-fegyvertisztitas","9":"first","10":"instock","11":"taxable","12":"shipping-taxable","13":"purchasable","14":"product-type-variable","15":"wvs-archive-product-wrapper"},"acf":[],"_links":{"self":[{"href":"https:\/\/staging.nbg.eu\/hu\/wp-json\/wp\/v2\/product\/52464","targetHints":{"allow":["GET"]}}],"collection":[{"href":"https:\/\/staging.nbg.eu\/hu\/wp-json\/wp\/v2\/product"}],"about":[{"href":"https:\/\/staging.nbg.eu\/hu\/wp-json\/wp\/v2\/types\/product"}],"wp:featuredmedia":[{"embeddable":true,"href":"https:\/\/staging.nbg.eu\/hu\/wp-json\/wp\/v2\/media\/52465"}],"wp:attachment":[{"href":"https:\/\/staging.nbg.eu\/hu\/wp-json\/wp\/v2\/media?parent=52464"}],"wp:term":[{"taxonomy":"product_brand","embeddable":true,"href":"https:\/\/staging.nbg.eu\/hu\/wp-json\/wp\/v2\/product_brand?post=52464"},{"taxonomy":"product_cat","embeddable":true,"href":"https:\/\/staging.nbg.eu\/hu\/wp-json\/wp\/v2\/product_cat?post=52464"},{"taxonomy":"product_tag","embeddable":true,"href":"https:\/\/staging.nbg.eu\/hu\/wp-json\/wp\/v2\/product_tag?post=52464"}],"curies":[{"name":"wp","href":"https:\/\/api.w.org\/{rel}","templated":true}]}}