{"id":52128,"date":"2024-03-12T19:00:56","date_gmt":"2024-09-13T11:29:54","guid":{"rendered":"https:\/\/staging.nbg.eu\/product\/bore-tech-rimfire-blend\/"},"modified":"2024-09-13T11:30:50","modified_gmt":"2024-09-13T11:30:50","slug":"bore-tech-rimfire-keverek","status":"publish","type":"product","link":"https:\/\/staging.nbg.eu\/hu\/termek\/bore-tech-rimfire-keverek\/","title":{"rendered":"Bore Tech Rimfire Kever\u00e9k"},"content":{"rendered":"<div class=\"product-description\">\n<h2>Bore Tech Rimfire Blend Fegyvercs\u0151tiszt\u00edt\u00f3<\/h2>\n<p>Kiskaliber\u0171 l\u00f6v\u00e9szek sz\u00e1m\u00e1ra k\u00e9sz\u00fclt tiszt\u00edt\u00f3szer, amely elt\u00e1vol\u00edtja az \u00f3lmot, l\u0151por maradv\u00e1nyokat \u00e9s l\u00f6ved\u00e9k viaszt. Versenyz\u0151k \u00e9s fegyvergy\u00e1rt\u00f3k \u00e1ltal haszn\u00e1lt term\u00e9k.<\/p>\n<ul>\n<li>Amm\u00f3niamentes \u00e9s szagtalan<\/li>\n<li>100% biol\u00f3giailag leboml\u00f3<\/li>\n<li>Elt\u00e1vol\u00edtja az \u00f3lom, viasz \u00e9s sz\u00e9n lerak\u00f3d\u00e1sokat<\/li>\n<li>Minim\u00e1lis kef\u00e9l\u00e9s sz\u00fcks\u00e9ges<\/li>\n<li>Minden cs\u0151t\u00edpushoz biztons\u00e1gos<\/li>\n<\/ul>\n<p>Bore Tech speci\u00e1lis tiszt\u00edt\u00f3szer term\u00e9kcsal\u00e1dja.<\/p>\n<\/div>\n","protected":false},"excerpt":{"rendered":"<p>Hat\u00e9kony peremgy\u00fajt\u00e1s\u00fa fegyvertiszt\u00edt\u00f3, amely elt\u00e1vol\u00edtja az \u00f3lmot, viaszt \u00e9s kormot. Amm\u00f3niamentes.<\/p>\n","protected":false},"featured_media":52129,"template":"","meta":{"_acf_changed":false},"product_brand":[11153],"product_cat":[12948,12962],"product_tag":[],"class_list":{"0":"post-52128","1":"product","2":"type-product","3":"status-publish","4":"has-post-thumbnail","6":"product_brand-boretech","7":"product_cat-fegyvertisztitas","8":"product_cat-tisztitoszerek","10":"first","11":"instock","12":"taxable","13":"shipping-taxable","14":"purchasable","15":"product-type-variable","16":"wvs-archive-product-wrapper"},"acf":[],"_links":{"self":[{"href":"https:\/\/staging.nbg.eu\/hu\/wp-json\/wp\/v2\/product\/52128","targetHints":{"allow":["GET"]}}],"collection":[{"href":"https:\/\/staging.nbg.eu\/hu\/wp-json\/wp\/v2\/product"}],"about":[{"href":"https:\/\/staging.nbg.eu\/hu\/wp-json\/wp\/v2\/types\/product"}],"wp:featuredmedia":[{"embeddable":true,"href":"https:\/\/staging.nbg.eu\/hu\/wp-json\/wp\/v2\/media\/52129"}],"wp:attachment":[{"href":"https:\/\/staging.nbg.eu\/hu\/wp-json\/wp\/v2\/media?parent=52128"}],"wp:term":[{"taxonomy":"product_brand","embeddable":true,"href":"https:\/\/staging.nbg.eu\/hu\/wp-json\/wp\/v2\/product_brand?post=52128"},{"taxonomy":"product_cat","embeddable":true,"href":"https:\/\/staging.nbg.eu\/hu\/wp-json\/wp\/v2\/product_cat?post=52128"},{"taxonomy":"product_tag","embeddable":true,"href":"https:\/\/staging.nbg.eu\/hu\/wp-json\/wp\/v2\/product_tag?post=52128"}],"curies":[{"name":"wp","href":"https:\/\/api.w.org\/{rel}","templated":true}]}}