{"id":51942,"date":"2024-03-12T19:14:59","date_gmt":"2024-09-13T11:27:22","guid":{"rendered":"https:\/\/staging.nbg.eu\/product\/bore-tech-cu2-copper-remover\/"},"modified":"2024-09-13T11:28:17","modified_gmt":"2024-09-13T11:28:17","slug":"bore-tech-cu2-rezeltavolito","status":"publish","type":"product","link":"https:\/\/staging.nbg.eu\/hu\/termek\/bore-tech-cu2-rezeltavolito\/","title":{"rendered":"Bore Tech CU+2 R\u00e9zelt\u00e1vol\u00edt\u00f3"},"content":{"rendered":"<div class=\"product-description\">\n<h2>Bore Tech CU+2 R\u00e9z elt\u00e1vol\u00edt\u00f3<\/h2>\n<p>A szabadalmaztatott Cu+2 Copper Remover\u2122 r\u00e9z szennyez\u0151d\u00e9s elt\u00e1vol\u00edt\u00e1s\u00e1ra szolg\u00e1l. Ez a megold\u00e1s a hagyom\u00e1nyos petr\u00f3leum-amm\u00f3nia alap\u00fa old\u00f3szerekhez k\u00e9pest a k\u00f6vetkez\u0151ket k\u00edn\u00e1lja:<\/p>\n<ul>\n<li>100%-ban biztons\u00e1gos a cs\u0151re \u00e9s amm\u00f3niamentes<\/li>\n<li>Szagtalan \u00e9s biol\u00f3giailag leboml\u00f3<\/li>\n<li>Gyors \u00e9s teljes r\u00e9z elt\u00e1vol\u00edt\u00e1s<\/li>\n<li>K\u00e9tl\u00e9pcs\u0151s folyamat az alapos tiszt\u00edt\u00e1s\u00e9rt<\/li>\n<li>R\u00f6vid t\u00e1v\u00fa rozsdav\u00e9delem<\/li>\n<\/ul>\n<p>Ez a felhaszn\u00e1l\u00f3bar\u00e1t, nem vesz\u00e9lyes r\u00e9z elt\u00e1vol\u00edt\u00f3 a l\u0151fegyverek karbantart\u00e1s\u00e1ra szolg\u00e1l.<\/p>\n<\/div>\n","protected":false},"excerpt":{"rendered":"<p>Szabadalmaztatott, amm\u00f3niamentes r\u00e9zelt\u00e1vol\u00edt\u00f3. Gyors hat\u00e1s\u00fa, cs\u0151bar\u00e1t \u00e9s szagtalan.<\/p>\n","protected":false},"featured_media":51943,"template":"","meta":{"_acf_changed":false},"product_brand":[11153],"product_cat":[12948,12962],"product_tag":[],"class_list":{"0":"post-51942","1":"product","2":"type-product","3":"status-publish","4":"has-post-thumbnail","6":"product_brand-boretech","7":"product_cat-fegyvertisztitas","8":"product_cat-tisztitoszerek","10":"first","11":"instock","12":"taxable","13":"shipping-taxable","14":"purchasable","15":"product-type-variable","16":"wvs-archive-product-wrapper"},"acf":[],"_links":{"self":[{"href":"https:\/\/staging.nbg.eu\/hu\/wp-json\/wp\/v2\/product\/51942","targetHints":{"allow":["GET"]}}],"collection":[{"href":"https:\/\/staging.nbg.eu\/hu\/wp-json\/wp\/v2\/product"}],"about":[{"href":"https:\/\/staging.nbg.eu\/hu\/wp-json\/wp\/v2\/types\/product"}],"wp:featuredmedia":[{"embeddable":true,"href":"https:\/\/staging.nbg.eu\/hu\/wp-json\/wp\/v2\/media\/51943"}],"wp:attachment":[{"href":"https:\/\/staging.nbg.eu\/hu\/wp-json\/wp\/v2\/media?parent=51942"}],"wp:term":[{"taxonomy":"product_brand","embeddable":true,"href":"https:\/\/staging.nbg.eu\/hu\/wp-json\/wp\/v2\/product_brand?post=51942"},{"taxonomy":"product_cat","embeddable":true,"href":"https:\/\/staging.nbg.eu\/hu\/wp-json\/wp\/v2\/product_cat?post=51942"},{"taxonomy":"product_tag","embeddable":true,"href":"https:\/\/staging.nbg.eu\/hu\/wp-json\/wp\/v2\/product_tag?post=51942"}],"curies":[{"name":"wp","href":"https:\/\/api.w.org\/{rel}","templated":true}]}}