{"id":51800,"date":"2024-03-13T05:48:23","date_gmt":"2024-03-13T05:48:23","guid":{"rendered":"https:\/\/staging.nbg.eu\/product\/bore-tech-c4-carbon-remover-4-oz\/"},"modified":"2024-09-13T10:07:42","modified_gmt":"2024-09-13T10:07:42","slug":"bore-tech-c4-szeneltavolito-4-oz","status":"publish","type":"product","link":"https:\/\/staging.nbg.eu\/hu\/termek\/bore-tech-c4-szeneltavolito-4-oz\/","title":{"rendered":"Bore Tech C4 Sz\u00e9nelt\u00e1vol\u00edt\u00f3 &#8211; 4 Oz"},"content":{"rendered":"<div class=\"product-description\">\n<h2>Bore Tech C4 Sz\u00e9nelt\u00e1vol\u00edt\u00f3 &#8211; 4 uncia<\/h2>\n<p>A Bore Tech C4 Sz\u00e9nelt\u00e1vol\u00edt\u00f3 hat\u00e9konyan elt\u00e1vol\u00edtja a neh\u00e9z sz\u00e9nszennyez\u0151d\u00e9st vesz\u00e9lyes anyagok, m\u00e9rgez\u0151 \u00f6sszetev\u0151k vagy kellemetlen szagok n\u00e9lk\u00fcl. Biztons\u00e1gos a cs\u00f6vekhez, nem vesz\u00e9lyes \u00e9s amm\u00f3niamentes. Haszn\u00e1lhat\u00f3 cs\u00f6vekhez, z\u00e1rdugatty\u00fakhoz \u00e9s egy\u00e9b alkatr\u00e9szekhez.<\/p>\n<\/div>\n","protected":false},"excerpt":{"rendered":"<p>Er\u0151teljes, biztons\u00e1gos karbonelt\u00e1vol\u00edt\u00f3 l\u0151fegyverekhez. Gyors \u00e9s hat\u00e9kony.<\/p>\n","protected":false},"featured_media":51801,"template":"","meta":{"_acf_changed":false},"product_brand":[11153],"product_cat":[12948,12962],"product_tag":[],"class_list":{"0":"post-51800","1":"product","2":"type-product","3":"status-publish","4":"has-post-thumbnail","6":"product_brand-boretech","7":"product_cat-fegyvertisztitas","8":"product_cat-tisztitoszerek","10":"first","11":"instock","12":"taxable","13":"shipping-taxable","14":"purchasable","15":"product-type-variable","16":"wvs-archive-product-wrapper"},"acf":[],"_links":{"self":[{"href":"https:\/\/staging.nbg.eu\/hu\/wp-json\/wp\/v2\/product\/51800","targetHints":{"allow":["GET"]}}],"collection":[{"href":"https:\/\/staging.nbg.eu\/hu\/wp-json\/wp\/v2\/product"}],"about":[{"href":"https:\/\/staging.nbg.eu\/hu\/wp-json\/wp\/v2\/types\/product"}],"wp:featuredmedia":[{"embeddable":true,"href":"https:\/\/staging.nbg.eu\/hu\/wp-json\/wp\/v2\/media\/51801"}],"wp:attachment":[{"href":"https:\/\/staging.nbg.eu\/hu\/wp-json\/wp\/v2\/media?parent=51800"}],"wp:term":[{"taxonomy":"product_brand","embeddable":true,"href":"https:\/\/staging.nbg.eu\/hu\/wp-json\/wp\/v2\/product_brand?post=51800"},{"taxonomy":"product_cat","embeddable":true,"href":"https:\/\/staging.nbg.eu\/hu\/wp-json\/wp\/v2\/product_cat?post=51800"},{"taxonomy":"product_tag","embeddable":true,"href":"https:\/\/staging.nbg.eu\/hu\/wp-json\/wp\/v2\/product_tag?post=51800"}],"curies":[{"name":"wp","href":"https:\/\/api.w.org\/{rel}","templated":true}]}}