{"id":51681,"date":"2024-03-14T09:15:35","date_gmt":"2024-09-13T10:05:02","guid":{"rendered":"https:\/\/staging.nbg.eu\/product\/boretech-nylon-chamber-brush-multiple-calibers\/"},"modified":"2024-09-13T10:05:53","modified_gmt":"2024-09-13T10:05:53","slug":"boretech-nylon-kamra-kefe-toebb-kaliberben","status":"publish","type":"product","link":"https:\/\/staging.nbg.eu\/hu\/termek\/boretech-nylon-kamra-kefe-toebb-kaliberben\/","title":{"rendered":"BoreTech Nylon Kamra Kefe (T\u00f6bb Kaliberben)"},"content":{"rendered":"<div class=\"product-description\">\n<h2>BoreTech Nylon Kamrakefe (T\u00f6bbf\u00e9le Kaliberhez)<\/h2>\n<p>A Bore Tech nylon kamrakef\u00e9k biztons\u00e1gosak \u00e9s hat\u00e9konyak. Ezek a 100%-ban kamrabar\u00e1t kef\u00e9k a k\u00f6vetkez\u0151 jellemz\u0151kkel rendelkeznek:<\/p>\n<ul>\n<li>Kompatibilis gyors hat\u00e1s\u00fa r\u00e9ztiszt\u00edt\u00f3 szerekkel<\/li>\n<li>Kett\u0151s tiszt\u00edt\u00f3hat\u00e1s extra bord\u00e1zott nylon s\u00f6rt\u00e9kkel<\/li>\n<li>Kaliberenk\u00e9nt testreszabott s\u00f6rte \u00e1tm\u00e9r\u0151k<\/li>\n<li>Nem r\u00e9z, dupl\u00e1n csavart kefemag hurkolt v\u00e9ggel<\/li>\n<li>Rep\u00fcl\u0151g\u00e9p-min\u0151s\u00e9g\u0171 alum\u00ednium csapok a tart\u00f3ss\u00e1g\u00e9rt<\/li>\n<\/ul>\n<p>Kik\u00fcsz\u00f6b\u00f6li a hamis r\u00e9zlerak\u00f3d\u00e1s jelz\u00e9seket \u00e9s a k\u00e9k foltokat, amelyek a foszforbronz kef\u00e9kn\u00e9l el\u0151fordulnak. El\u00e9rhet\u0151 egyes csomagokban .223\/5.56mm AR-15 \u00e9s .308\/7.62mm AR-10 kaliberekhez.<\/p>\n<p>V\u00e1lassza a Bore Tech-et a gyorsabb, hat\u00e9konyabb kamratiszt\u00edt\u00e1shoz a fegyver \u00e9ps\u00e9g\u00e9nek vesz\u00e9lyeztet\u00e9se n\u00e9lk\u00fcl.<\/p>\n<\/div>\n","protected":false},"excerpt":{"rendered":"<p>Biztons\u00e1gos, tart\u00f3s nejlon cs\u0151kefe a hat\u00e9kony fegyvertiszt\u00edt\u00e1shoz.<\/p>\n","protected":false},"featured_media":51682,"template":"","meta":{"_acf_changed":false},"product_brand":[11153],"product_cat":[12948,12975],"product_tag":[],"class_list":{"0":"post-51681","1":"product","2":"type-product","3":"status-publish","4":"has-post-thumbnail","6":"product_brand-boretech","7":"product_cat-fegyvertisztitas","8":"product_cat-kefek","9":"pa_model-ar-10-hu","10":"pa_model-ar-15-hu","12":"first","13":"instock","14":"taxable","15":"shipping-taxable","16":"purchasable","17":"product-type-variable","18":"wvs-archive-product-wrapper"},"acf":[],"_links":{"self":[{"href":"https:\/\/staging.nbg.eu\/hu\/wp-json\/wp\/v2\/product\/51681","targetHints":{"allow":["GET"]}}],"collection":[{"href":"https:\/\/staging.nbg.eu\/hu\/wp-json\/wp\/v2\/product"}],"about":[{"href":"https:\/\/staging.nbg.eu\/hu\/wp-json\/wp\/v2\/types\/product"}],"wp:featuredmedia":[{"embeddable":true,"href":"https:\/\/staging.nbg.eu\/hu\/wp-json\/wp\/v2\/media\/51682"}],"wp:attachment":[{"href":"https:\/\/staging.nbg.eu\/hu\/wp-json\/wp\/v2\/media?parent=51681"}],"wp:term":[{"taxonomy":"product_brand","embeddable":true,"href":"https:\/\/staging.nbg.eu\/hu\/wp-json\/wp\/v2\/product_brand?post=51681"},{"taxonomy":"product_cat","embeddable":true,"href":"https:\/\/staging.nbg.eu\/hu\/wp-json\/wp\/v2\/product_cat?post=51681"},{"taxonomy":"product_tag","embeddable":true,"href":"https:\/\/staging.nbg.eu\/hu\/wp-json\/wp\/v2\/product_tag?post=51681"}],"curies":[{"name":"wp","href":"https:\/\/api.w.org\/{rel}","templated":true}]}}