{"id":51538,"date":"2024-03-15T05:39:44","date_gmt":"2024-09-13T09:59:19","guid":{"rendered":"https:\/\/staging.nbg.eu\/product\/bore-tech-bullet-knock-out-set\/"},"modified":"2024-09-13T10:00:08","modified_gmt":"2024-09-13T10:00:08","slug":"bore-tech-bullet-knock-out-keszlet","status":"publish","type":"product","link":"https:\/\/staging.nbg.eu\/hu\/termek\/bore-tech-bullet-knock-out-keszlet\/","title":{"rendered":"Bore Tech Bullet Knock-out K\u00e9szlet"},"content":{"rendered":"<p>A <strong>Bore Tech Bullet Knock-out Set<\/strong> egy eszk\u00f6z l\u00f6v\u00e9szek sz\u00e1m\u00e1ra. Ez a k\u00e9szlet 4 megmunk\u00e1lt s\u00e1rgar\u00e9z hegyb\u0151l \u00e1ll, amelyeket \u00fagy terveztek, hogy biztons\u00e1gosan elt\u00e1vol\u00edts\u00e1k a beszorult l\u00f6ved\u00e9keket vagy h\u00fcvelyeket a tiszt\u00edt\u00f3r\u00fad k\u00e1ros\u00edt\u00e1sa n\u00e9lk\u00fcl. Kompatibilis .17-t\u0151l .50 kaliberig terjed\u0151 pusk\u00e1kkal \u00e9s pisztolyokkal.<\/p>\n","protected":false},"excerpt":{"rendered":"<p>N\u00e9lk\u00fcl\u00f6zhetetlen eszk\u00f6z a beszorult l\u00f6ved\u00e9kek elt\u00e1vol\u00edt\u00e1s\u00e1hoz. 4 r\u00e9z hegy, .17-.50 kaliberhez.<\/p>\n","protected":false},"featured_media":51539,"template":"","meta":{"_acf_changed":false},"product_brand":[11153],"product_cat":[12948,12975],"product_tag":[],"class_list":{"0":"post-51538","1":"product","2":"type-product","3":"status-publish","4":"has-post-thumbnail","6":"product_brand-boretech","7":"product_cat-fegyvertisztitas","8":"product_cat-kefek","10":"first","11":"instock","12":"taxable","13":"shipping-taxable","14":"purchasable","15":"product-type-simple"},"acf":[],"_links":{"self":[{"href":"https:\/\/staging.nbg.eu\/hu\/wp-json\/wp\/v2\/product\/51538","targetHints":{"allow":["GET"]}}],"collection":[{"href":"https:\/\/staging.nbg.eu\/hu\/wp-json\/wp\/v2\/product"}],"about":[{"href":"https:\/\/staging.nbg.eu\/hu\/wp-json\/wp\/v2\/types\/product"}],"wp:featuredmedia":[{"embeddable":true,"href":"https:\/\/staging.nbg.eu\/hu\/wp-json\/wp\/v2\/media\/51539"}],"wp:attachment":[{"href":"https:\/\/staging.nbg.eu\/hu\/wp-json\/wp\/v2\/media?parent=51538"}],"wp:term":[{"taxonomy":"product_brand","embeddable":true,"href":"https:\/\/staging.nbg.eu\/hu\/wp-json\/wp\/v2\/product_brand?post=51538"},{"taxonomy":"product_cat","embeddable":true,"href":"https:\/\/staging.nbg.eu\/hu\/wp-json\/wp\/v2\/product_cat?post=51538"},{"taxonomy":"product_tag","embeddable":true,"href":"https:\/\/staging.nbg.eu\/hu\/wp-json\/wp\/v2\/product_tag?post=51538"}],"curies":[{"name":"wp","href":"https:\/\/api.w.org\/{rel}","templated":true}]}}