{"id":51460,"date":"2024-03-15T06:18:52","date_gmt":"2024-09-13T09:57:01","guid":{"rendered":"https:\/\/staging.nbg.eu\/product\/bore-tech-chameleon-gel-2-oz-tube\/"},"modified":"2024-09-13T09:57:53","modified_gmt":"2024-09-13T09:57:53","slug":"bore-tech-chameleon-gel-2-oz-tubus","status":"publish","type":"product","link":"https:\/\/staging.nbg.eu\/hu\/termek\/bore-tech-chameleon-gel-2-oz-tubus\/","title":{"rendered":"Bore Tech Chameleon G\u00e9l (2 Oz Tubus)"},"content":{"rendered":"<h2>Bore Tech Chameleon Gel (2 oz tubus)<\/h2>\n<p>A Bore Tech Chameleon Gel\u2122 egy szabadalmaztatott tiszt\u00edt\u00f3 \u00e9s pol\u00edroz\u00f3 fegyverekhez. Ez a sz\u00ednv\u00e1lt\u00f3 g\u00e9l elt\u00e1vol\u00edtja a sz\u00e9n, r\u00e9z, \u00f3lom \u00e9s molibd\u00e9n szennyez\u0151d\u00e9seket, tiszt\u00e1v\u00e1 t\u00e9ve a cs\u00f6vet.<\/p>\n<ul>\n<li>Szagtalan \u00e9s biol\u00f3giailag leboml\u00f3<\/li>\n<li>Biztons\u00e1gos minden cs\u0151t\u00edpushoz<\/li>\n<li>Nem ig\u00e9nyel kever\u00e9st<\/li>\n<li>K\u00f6nnyen haszn\u00e1lhat\u00f3 g\u00e9l<\/li>\n<li>Sz\u00ednv\u00e1lt\u00f3 technol\u00f3gia a tiszt\u00edt\u00e1s jelz\u00e9s\u00e9re<\/li>\n<\/ul>\n<p>A Chameleon Gel sz\u00ednv\u00e1ltoz\u00e1sai:<\/p>\n<p>K\u00e9k\/Z\u00f6ld: R\u00e9z<\/p>\n<p>Fekete: Sz\u00e9n<\/p>\n<p>Sz\u00fcrke: \u00d3lom\/Molibd\u00e9n<\/p>\n<p>Feh\u00e9r: Tiszta cs\u0151<\/p>\n<p>Tartsa fenn fegyvere teljes\u00edtm\u00e9ny\u00e9t ezzel a tiszt\u00edt\u00f3 megold\u00e1ssal. 2 oz tubus kaphat\u00f3.<\/p>\n","protected":false},"excerpt":{"rendered":"<p>Sz\u00ednv\u00e1lt\u00f3 g\u00e9l tiszt\u00edt\u00f3szer elt\u00e1vol\u00edtja a szennyez\u0151d\u00e9st a fegyvercs\u00f6vekb\u0151l.<\/p>\n","protected":false},"featured_media":51461,"template":"","meta":{"_acf_changed":false},"product_brand":[11153],"product_cat":[12948,12962],"product_tag":[],"class_list":{"0":"post-51460","1":"product","2":"type-product","3":"status-publish","4":"has-post-thumbnail","6":"product_brand-boretech","7":"product_cat-fegyvertisztitas","8":"product_cat-tisztitoszerek","10":"first","11":"instock","12":"taxable","13":"shipping-taxable","14":"purchasable","15":"product-type-simple"},"acf":[],"_links":{"self":[{"href":"https:\/\/staging.nbg.eu\/hu\/wp-json\/wp\/v2\/product\/51460","targetHints":{"allow":["GET"]}}],"collection":[{"href":"https:\/\/staging.nbg.eu\/hu\/wp-json\/wp\/v2\/product"}],"about":[{"href":"https:\/\/staging.nbg.eu\/hu\/wp-json\/wp\/v2\/types\/product"}],"wp:featuredmedia":[{"embeddable":true,"href":"https:\/\/staging.nbg.eu\/hu\/wp-json\/wp\/v2\/media\/51461"}],"wp:attachment":[{"href":"https:\/\/staging.nbg.eu\/hu\/wp-json\/wp\/v2\/media?parent=51460"}],"wp:term":[{"taxonomy":"product_brand","embeddable":true,"href":"https:\/\/staging.nbg.eu\/hu\/wp-json\/wp\/v2\/product_brand?post=51460"},{"taxonomy":"product_cat","embeddable":true,"href":"https:\/\/staging.nbg.eu\/hu\/wp-json\/wp\/v2\/product_cat?post=51460"},{"taxonomy":"product_tag","embeddable":true,"href":"https:\/\/staging.nbg.eu\/hu\/wp-json\/wp\/v2\/product_tag?post=51460"}],"curies":[{"name":"wp","href":"https:\/\/api.w.org\/{rel}","templated":true}]}}