{"id":51351,"date":"2024-03-15T07:47:20","date_gmt":"2024-09-13T09:49:49","guid":{"rendered":"https:\/\/staging.nbg.eu\/product\/boretech-eliminator-4-oz\/"},"modified":"2024-09-13T09:50:45","modified_gmt":"2024-09-13T09:50:45","slug":"boretech-eliminator-4-oz","status":"publish","type":"product","link":"https:\/\/staging.nbg.eu\/hu\/termek\/boretech-eliminator-4-oz\/","title":{"rendered":"BoreTech Eliminator &#8211; 4 Oz"},"content":{"rendered":"<div class=\"product-description\">\n<h2>BoreTech Eliminator &#8211; 118 ml<\/h2>\n<p>A BoreTech Eliminator\u2122 cs\u0151tiszt\u00edt\u00f3 egy \u00faj term\u00e9k a l\u00f6v\u00e9szet ter\u00fclet\u00e9n. Ez a szabadalmaztatott, gyors hat\u00e1s\u00fa \u00e9s cs\u0151bar\u00e1t formula hat\u00e9konyan m\u0171k\u00f6dik. F\u0151 jellemz\u0151i:<\/p>\n<ul>\n<li>100%-ban cs\u0151bar\u00e1t \u00e9s biol\u00f3giailag leboml\u00f3<\/li>\n<li>Amm\u00f3niamentes \u00e9s szagtalan<\/li>\n<li>Gyorsan elt\u00e1vol\u00edtja a sz\u00e9n-, r\u00e9z-, \u00f3lom- \u00e9s korroz\u00edv maradv\u00e1nyokat<\/li>\n<li>Nem vesz\u00e9lyes \u00e9s felhaszn\u00e1l\u00f3bar\u00e1t<\/li>\n<\/ul>\n<p>Az Eliminator egyedi k\u00e9miai fel\u00fcletakt\u00edv anyag kever\u00e9ke gyorsan fellaz\u00edtja a sz\u00e9nlerak\u00f3d\u00e1sokat, mik\u00f6zben oxid\u00e1lja \u00e9s feloldja a r\u00e9zlerak\u00f3d\u00e1sokat. Ez megakad\u00e1lyozza az \u00fajb\u00f3li lerak\u00f3d\u00e1st \u00e9s alapos tiszt\u00edt\u00e1st biztos\u00edt.<\/p>\n<h3>Haszn\u00e1lati utas\u00edt\u00e1s:<\/h3>\n<ol>\n<li>Nedves\u00edtsen be 3-4 tiszt\u00edt\u00f3foltot Eliminatorral, \u00e9s tolja \u00e1t a cs\u00f6v\u00f6n egy ir\u00e1nyban<\/li>\n<li>V\u00e9gezzen 10-15 tiszt\u00edt\u00e1st egy \u00e1titatott nylon kef\u00e9vel<\/li>\n<li>Ism\u00e9telje meg az 1. l\u00e9p\u00e9st, \u00e9s hagyja \u00e1zni 3-5 percig<\/li>\n<li>Toljon \u00e1t sz\u00e1raz foltokat, am\u00edg tiszta nem lesz<\/li>\n<li>Sz\u00fcks\u00e9g eset\u00e9n ism\u00e9telje meg<\/li>\n<li>Haszn\u00e1ljon Bore Tech Friction Guard XP fegyverolajat t\u00e1rol\u00e1shoz<\/li>\n<li>Haszn\u00e1lat el\u0151tt futtasson \u00e1t egy sz\u00e1raz foltot<\/li>\n<\/ol>\n<p>V\u00e1lassza a BoreTech Eliminatort a cs\u0151tiszt\u00edt\u00e1shoz \u00e9s v\u00e9delemhez.<\/p>\n<\/div>\n","protected":false},"excerpt":{"rendered":"<p>BoreTech Eliminator: Biztons\u00e1gos, hat\u00e9kony cs\u0151tiszt\u00edt\u00f3. Elt\u00e1vol\u00edtja a lerak\u00f3d\u00e1sokat.<\/p>\n","protected":false},"featured_media":70979,"template":"","meta":{"_acf_changed":false},"product_brand":[11153],"product_cat":[12948,12962],"product_tag":[],"class_list":{"0":"post-51351","1":"product","2":"type-product","3":"status-publish","4":"has-post-thumbnail","6":"product_brand-boretech","7":"product_cat-fegyvertisztitas","8":"product_cat-tisztitoszerek","10":"first","11":"instock","12":"taxable","13":"shipping-taxable","14":"purchasable","15":"product-type-variable","16":"wvs-archive-product-wrapper"},"acf":[],"_links":{"self":[{"href":"https:\/\/staging.nbg.eu\/hu\/wp-json\/wp\/v2\/product\/51351","targetHints":{"allow":["GET"]}}],"collection":[{"href":"https:\/\/staging.nbg.eu\/hu\/wp-json\/wp\/v2\/product"}],"about":[{"href":"https:\/\/staging.nbg.eu\/hu\/wp-json\/wp\/v2\/types\/product"}],"wp:featuredmedia":[{"embeddable":true,"href":"https:\/\/staging.nbg.eu\/hu\/wp-json\/wp\/v2\/media\/70979"}],"wp:attachment":[{"href":"https:\/\/staging.nbg.eu\/hu\/wp-json\/wp\/v2\/media?parent=51351"}],"wp:term":[{"taxonomy":"product_brand","embeddable":true,"href":"https:\/\/staging.nbg.eu\/hu\/wp-json\/wp\/v2\/product_brand?post=51351"},{"taxonomy":"product_cat","embeddable":true,"href":"https:\/\/staging.nbg.eu\/hu\/wp-json\/wp\/v2\/product_cat?post=51351"},{"taxonomy":"product_tag","embeddable":true,"href":"https:\/\/staging.nbg.eu\/hu\/wp-json\/wp\/v2\/product_tag?post=51351"}],"curies":[{"name":"wp","href":"https:\/\/api.w.org\/{rel}","templated":true}]}}