{"id":51245,"date":"2024-03-15T17:11:28","date_gmt":"2024-03-15T17:11:28","guid":{"rendered":"https:\/\/staging.nbg.eu\/product\/bore-tech-bore-guide-bolt-action-centerfire-8mm-416-cal\/"},"modified":"2024-09-13T09:47:52","modified_gmt":"2024-09-13T09:47:52","slug":"bore-tech-csovezetoe-tolozaras-koezponti-gyujtasu-8mm416-cal","status":"publish","type":"product","link":"https:\/\/staging.nbg.eu\/hu\/termek\/bore-tech-csovezetoe-tolozaras-koezponti-gyujtasu-8mm416-cal\/","title":{"rendered":"Bore Tech Cs\u0151vezet\u00f6 &#8211; Tol\u00f3z\u00e1ras K\u00f6zponti Gy\u00fajt\u00e1s\u00fa (8mm\/.416 Cal)"},"content":{"rendered":"<div class=\"product-description\">\n<h2>Bore Tech cs\u0151vezet\u0151t &#8211; Ism\u00e9tl\u0151 k\u00f6zponti gy\u00fajt\u00e1s\u00fa (8mm\/.416 kaliber\u0171)<\/h2>\n<p>V\u00e9dje fegyver\u00e9t \u00e9s tiszt\u00edt\u00f3p\u00e1lc\u00e1j\u00e1t a Bore Tech cs\u0151vezet\u0151vel. Ez az eszk\u00f6z ism\u00e9tl\u0151 k\u00f6zponti gy\u00fajt\u00e1s\u00fa pusk\u00e1khoz biztos\u00edtja:<\/p>\n<ul>\n<li>A tiszt\u00edt\u00f3p\u00e1lc\u00e1k pontos illeszked\u00e9s\u00e9t a cs\u0151h\u00f6z<\/li>\n<li>A fegyver \u00e9s tiszt\u00edt\u00f3p\u00e1lca s\u00e9r\u00fcl\u00e9s\u00e9nek megel\u0151z\u00e9s\u00e9t<\/li>\n<li>Old\u00f3szer\u00e1ll\u00f3 gumi orrk\u00fapokkal val\u00f3 t\u00f6m\u00edt\u00e9st<\/li>\n<li>A cs\u0151tiszt\u00edt\u00f3 sziv\u00e1rg\u00e1s\u00e1nak megakad\u00e1lyoz\u00e1s\u00e1t a t\u00f6lt\u00e9ny\u0171rbe \u00e9s a szerkezetbe<\/li>\n<\/ul>\n<p>Jellemz\u0151k:<\/p>\n<ul>\n<li>CNC megmunk\u00e1lt \u00e9s fr\u00f6ccs\u00f6nt\u00f6tt alkatr\u00e9szek<\/li>\n<li>Z\u00f6ld sz\u00ednk\u00f3dol\u00e1s 8mm-t\u0151l .416 kaliberig<\/li>\n<li>A legt\u00f6bb ism\u00e9tl\u0151pusk\u00e1hoz illeszkedik<\/li>\n<li>Sz\u00e9les\u00edtett old\u00f3szerny\u00edl\u00e1sok a k\u00f6nny\u0171 alkalmaz\u00e1shoz<\/li>\n<li>\u00c1ll\u00edthat\u00f3 z\u00e1rgy\u0171r\u0171 r\u00f6vid \u00e9s hossz\u00fa szerkezetekhez<\/li>\n<\/ul>\n<p>Fegyverkarbantart\u00e1shoz haszn\u00e1lja a Bore Tech cs\u0151vezet\u0151t.<\/p>\n<\/div>\n","protected":false},"excerpt":{"rendered":"<p>Prec\u00edzi\u00f3s tiszt\u00edt\u00f3eszk\u00f6z 8mm-.416 kaliber\u0171 ism\u00e9tl\u0151pusk\u00e1khoz. Megakad\u00e1lyozza a s\u00e9r\u00fcl\u00e9seket.<\/p>\n","protected":false},"featured_media":51246,"template":"","meta":{"_acf_changed":false},"product_brand":[11153],"product_cat":[12948,12907],"product_tag":[],"class_list":{"0":"post-51245","1":"product","2":"type-product","3":"status-publish","4":"has-post-thumbnail","6":"product_brand-boretech","7":"product_cat-fegyvertisztitas","8":"product_cat-tisztito-palcak","10":"first","11":"instock","12":"taxable","13":"shipping-taxable","14":"purchasable","15":"product-type-variable","16":"wvs-archive-product-wrapper"},"acf":[],"_links":{"self":[{"href":"https:\/\/staging.nbg.eu\/hu\/wp-json\/wp\/v2\/product\/51245","targetHints":{"allow":["GET"]}}],"collection":[{"href":"https:\/\/staging.nbg.eu\/hu\/wp-json\/wp\/v2\/product"}],"about":[{"href":"https:\/\/staging.nbg.eu\/hu\/wp-json\/wp\/v2\/types\/product"}],"wp:featuredmedia":[{"embeddable":true,"href":"https:\/\/staging.nbg.eu\/hu\/wp-json\/wp\/v2\/media\/51246"}],"wp:attachment":[{"href":"https:\/\/staging.nbg.eu\/hu\/wp-json\/wp\/v2\/media?parent=51245"}],"wp:term":[{"taxonomy":"product_brand","embeddable":true,"href":"https:\/\/staging.nbg.eu\/hu\/wp-json\/wp\/v2\/product_brand?post=51245"},{"taxonomy":"product_cat","embeddable":true,"href":"https:\/\/staging.nbg.eu\/hu\/wp-json\/wp\/v2\/product_cat?post=51245"},{"taxonomy":"product_tag","embeddable":true,"href":"https:\/\/staging.nbg.eu\/hu\/wp-json\/wp\/v2\/product_tag?post=51245"}],"curies":[{"name":"wp","href":"https:\/\/api.w.org\/{rel}","templated":true}]}}