{"id":50689,"date":"2024-04-18T08:10:02","date_gmt":"2024-09-13T09:08:07","guid":{"rendered":"https:\/\/staging.nbg.eu\/product\/blue-force-gear-hunting-sling\/"},"modified":"2024-09-13T09:09:01","modified_gmt":"2024-09-13T09:09:01","slug":"blue-force-gear-vadasz-heveder","status":"publish","type":"product","link":"https:\/\/staging.nbg.eu\/hu\/termek\/blue-force-gear-vadasz-heveder\/","title":{"rendered":"Blue Force Gear Vad\u00e1sz Heveder"},"content":{"rendered":"<h2>Blue Force Gear vad\u00e1szpuska-sz\u00edj<\/h2>\n<p>A Blue Force Gear vad\u00e1szpuska-sz\u00edj pusk\u00e1khoz \u00e9s s\u00f6r\u00e9tes pusk\u00e1khoz haszn\u00e1lhat\u00f3. Ez a sokoldal\u00fa sz\u00edj kombin\u00e1lja a harci min\u0151s\u00e9get a k\u00f6nny\u0171 haszn\u00e1lattal, \u00e9s illeszkedik a hagyom\u00e1nyos sz\u00edjr\u00f6gz\u00edt\u0151kh\u00f6z.<\/p>\n<h2>F\u0151bb jellemz\u0151k:<\/h2>\n<ul>\n<li>Katonai min\u0151s\u00e9g\u0171 INVISTA\u2122 oldatban festett CORDURA\u00ae sz\u00f6vet<\/li>\n<li>Gyorsan \u00e1ll\u00edthat\u00f3 66 cm-t\u0151l 117 cm-ig<\/li>\n<li>R\u00f6gz\u00edtett oldalkiold\u00f3s forg\u00f3kapcsok<\/li>\n<li>Sz\u00edntart\u00f3 \u00e9s ellen\u00e1ll a gy\u0171r\u0151d\u00e9snek, reped\u00e9snek vagy kem\u00e9nyed\u00e9snek<\/li>\n<li>Alkalmas hossz\u00fa t\u00far\u00e1khoz \u00e9s les\u00e1llv\u00e1nyokra m\u00e1sz\u00e1shoz<\/li>\n<\/ul>\n<p>Ez a sz\u00edj tart\u00f3s \u00e9s funkcion\u00e1lis, k\u00f6nnyen v\u00e1lthat\u00f3 hordoz\u00f3 \u00e9s l\u00f6v\u00e9szpoz\u00edci\u00f3k k\u00f6z\u00f6tt. A fegyver szorosan r\u00f6gz\u00edthet\u0151 a testhez, vagy meglaz\u00edthat\u00f3 gyors v\u00e1llra emel\u00e9shez \u00e9s t\u00fczel\u00e9shez.<\/p>\n","protected":false},"excerpt":{"rendered":"<p>Tart\u00f3s, \u00e1ll\u00edthat\u00f3 sz\u00edj pusk\u00e1khoz \u00e9s vad\u00e1szpusk\u00e1khoz. K\u00f6nnyen haszn\u00e1lhat\u00f3.<\/p>\n","protected":false},"featured_media":50690,"template":"","meta":{"_acf_changed":false},"product_brand":[11131],"product_cat":[12934,12930],"product_tag":[],"class_list":{"0":"post-50689","1":"product","2":"type-product","3":"status-publish","4":"has-post-thumbnail","6":"product_brand-blue-force-gear","7":"product_cat-felszereles","8":"product_cat-hevederek","10":"first","11":"instock","12":"taxable","13":"shipping-taxable","14":"purchasable","15":"product-type-variable","16":"wvs-archive-product-wrapper"},"acf":[],"_links":{"self":[{"href":"https:\/\/staging.nbg.eu\/hu\/wp-json\/wp\/v2\/product\/50689","targetHints":{"allow":["GET"]}}],"collection":[{"href":"https:\/\/staging.nbg.eu\/hu\/wp-json\/wp\/v2\/product"}],"about":[{"href":"https:\/\/staging.nbg.eu\/hu\/wp-json\/wp\/v2\/types\/product"}],"wp:featuredmedia":[{"embeddable":true,"href":"https:\/\/staging.nbg.eu\/hu\/wp-json\/wp\/v2\/media\/50690"}],"wp:attachment":[{"href":"https:\/\/staging.nbg.eu\/hu\/wp-json\/wp\/v2\/media?parent=50689"}],"wp:term":[{"taxonomy":"product_brand","embeddable":true,"href":"https:\/\/staging.nbg.eu\/hu\/wp-json\/wp\/v2\/product_brand?post=50689"},{"taxonomy":"product_cat","embeddable":true,"href":"https:\/\/staging.nbg.eu\/hu\/wp-json\/wp\/v2\/product_cat?post=50689"},{"taxonomy":"product_tag","embeddable":true,"href":"https:\/\/staging.nbg.eu\/hu\/wp-json\/wp\/v2\/product_tag?post=50689"}],"curies":[{"name":"wp","href":"https:\/\/api.w.org\/{rel}","templated":true}]}}