{"id":50377,"date":"2024-04-18T10:53:56","date_gmt":"2024-09-13T08:59:16","guid":{"rendered":"https:\/\/staging.nbg.eu\/product\/blue-force-gear-gmt-sling\/"},"modified":"2024-09-13T09:00:11","modified_gmt":"2024-09-13T09:00:11","slug":"blue-force-gear-gmt-heveder","status":"publish","type":"product","link":"https:\/\/staging.nbg.eu\/hu\/termek\/blue-force-gear-gmt-heveder\/","title":{"rendered":"Blue Force Gear GMT Heveder"},"content":{"rendered":"<h2>Blue Force Gear GMT Sz\u00edj<\/h2>\n<p>A Blue Force Gear GMT Sz\u00edj \u00faj megold\u00e1st k\u00edn\u00e1l a hagyom\u00e1nyos fegyversz\u00edjak hi\u00e1nyoss\u00e1gaira, jobb k\u00e9nyelmet \u00e9s funkcionalit\u00e1st biztos\u00edtva.<\/p>\n<h2>F\u0151bb jellemz\u0151k:<\/h2>\n<ul>\n<li>Egyedi dupla z\u00e1r\u00f3d\u00e1s\u00fa csat \u00fcvegsz\u00e1l-er\u0151s\u00edt\u00e9s\u0171 nylonb\u00f3l, rozsdamentes<\/li>\n<li>Szabadalmaztatott, oldatban festett CORDURA\u00ae nylon sz\u00f6vet a k\u00e9nyelem \u00e9rdek\u00e9ben \u00e9s az akad\u00e1s cs\u00f6kkent\u00e9s\u00e9re<\/li>\n<li>Egyszer\u0171 \u00e1ll\u00edt\u00e1s: H\u00fazza a v\u00e9g\u00e9t a szor\u00edt\u00e1shoz, fogja meg a g\u00f6mb alak\u00fa kiold\u00f3t a laz\u00edt\u00e1shoz<\/li>\n<li>Bevarrt \u00fctk\u00f6z\u0151 a v\u00e9g\u00e9n a fegyver v\u00e9letlen kienged\u00e9s\u00e9nek megakad\u00e1lyoz\u00e1s\u00e1ra<\/li>\n<\/ul>\n<h2>M\u0171szaki adatok:<\/h2>\n<ul>\n<li>1&#8243; \u00e9s 1,25&#8243; sz\u00e9less\u00e9gben el\u00e9rhet\u0151<\/li>\n<li>K\u00fcl\u00f6nb\u00f6z\u0151 fegyverekhez haszn\u00e1lhat\u00f3, k\u00f6nny\u0171 pusk\u00e1kt\u00f3l a vad\u00e1szpusk\u00e1kig<\/li>\n<li>Hossz: 34&#8243; &#8211; 64&#8243;<\/li>\n<li>Alkatr\u00e9szek: \u00dcvegsz\u00e1l-er\u0151s\u00edt\u00e9s\u0171 DuPont Zytel\u00ae Nylon<\/li>\n<\/ul>\n<p>A GMT Sz\u00edj a taktikai fegyversz\u00edjak \u00faj gener\u00e1ci\u00f3ja.<\/p>\n","protected":false},"excerpt":{"rendered":"<p>Innovat\u00edv taktikai sz\u00edj rozsdamentes \u00e1ll\u00edt\u00f3val \u00e9s k\u00e9nyelmes hevederrel.<\/p>\n","protected":false},"featured_media":50378,"template":"","meta":{"_acf_changed":false},"product_brand":[11131],"product_cat":[12934,12930],"product_tag":[],"class_list":{"0":"post-50377","1":"product","2":"type-product","3":"status-publish","4":"has-post-thumbnail","6":"product_brand-blue-force-gear","7":"product_cat-felszereles","8":"product_cat-hevederek","10":"first","11":"instock","12":"taxable","13":"shipping-taxable","14":"purchasable","15":"product-type-variable","16":"wvs-archive-product-wrapper"},"acf":[],"_links":{"self":[{"href":"https:\/\/staging.nbg.eu\/hu\/wp-json\/wp\/v2\/product\/50377","targetHints":{"allow":["GET"]}}],"collection":[{"href":"https:\/\/staging.nbg.eu\/hu\/wp-json\/wp\/v2\/product"}],"about":[{"href":"https:\/\/staging.nbg.eu\/hu\/wp-json\/wp\/v2\/types\/product"}],"wp:featuredmedia":[{"embeddable":true,"href":"https:\/\/staging.nbg.eu\/hu\/wp-json\/wp\/v2\/media\/50378"}],"wp:attachment":[{"href":"https:\/\/staging.nbg.eu\/hu\/wp-json\/wp\/v2\/media?parent=50377"}],"wp:term":[{"taxonomy":"product_brand","embeddable":true,"href":"https:\/\/staging.nbg.eu\/hu\/wp-json\/wp\/v2\/product_brand?post=50377"},{"taxonomy":"product_cat","embeddable":true,"href":"https:\/\/staging.nbg.eu\/hu\/wp-json\/wp\/v2\/product_cat?post=50377"},{"taxonomy":"product_tag","embeddable":true,"href":"https:\/\/staging.nbg.eu\/hu\/wp-json\/wp\/v2\/product_tag?post=50377"}],"curies":[{"name":"wp","href":"https:\/\/api.w.org\/{rel}","templated":true}]}}