{"id":50137,"date":"2024-04-21T18:34:24","date_gmt":"2024-09-13T08:44:20","guid":{"rendered":"https:\/\/staging.nbg.eu\/product\/blue-force-gear-molded-uwl-black\/"},"modified":"2024-09-13T08:45:06","modified_gmt":"2024-09-13T08:45:06","slug":"blue-force-gear-oentoett-uwl-fekete","status":"publish","type":"product","link":"https:\/\/staging.nbg.eu\/hu\/termek\/blue-force-gear-oentoett-uwl-fekete\/","title":{"rendered":"Blue Force Gear \u00d6nt\u00f6tt UWL &#8211; Fekete"},"content":{"rendered":"<div class=\"product-description\">\n<h2>Blue Force Gear Form\u00e1zott UWL &#8211; Fekete<\/h2>\n<p>A Form\u00e1zott Universal Wire Loop\u2122 (UWL) lehet\u0151v\u00e9 teszi a sz\u00edjak r\u00f6gz\u00edt\u00e9s\u00e9t k\u00fcl\u00f6nb\u00f6z\u0151 fegyver r\u00f6gz\u00edt\u00e9si pontokhoz. Az 1,25&#8243; sz\u00e9les sz\u00edjakhoz tervezt\u00e9k, bele\u00e9rtve a Vickers sz\u00edjat is, \u00e9s alkalmas szemekhez, ny\u00edl\u00e1sokhoz \u00e9s s\u00ednfuratokhoz.<\/p>\n<h3>F\u0151 jellemz\u0151k:<\/h3>\n<ul>\n<li>Katonai min\u0151s\u00e9g\u0171 nylon bevonat\u00fa rep\u00fcl\u0151g\u00e9p-min\u0151s\u00e9g\u0171 rozsdamentes ac\u00e9l k\u00e1bel<\/li>\n<li>Tart\u00f3s nylon 6-6 nem f\u00e9nyvisszaver\u0151 test<\/li>\n<li>2,55&#8243; dr\u00f3thurok az alapt\u00f3l a tetej\u00e9ig<\/li>\n<li>1,25&#8243; sz\u00edjhurok, kompatibilis a Vickers Combat Applications Slings\u2122-gel<\/li>\n<li>Nyom\u00f3gombos foglalat szabv\u00e1nyos sz\u00edjforg\u00f3khoz<\/li>\n<li>Katonai szabv\u00e1ny szerinti goly\u00f3s sz\u00e1rv\u00e9gek k\u00f6zvetlen\u00fcl a dr\u00f3thoz pr\u00e9selve a nagyobb er\u0151ss\u00e9g \u00e9rdek\u00e9ben<\/li>\n<\/ul>\n<p>A Blue Force Gear Form\u00e1zott UWL &#8211; Fekete lehet\u0151v\u00e9 teszi a sz\u00edjak sokf\u00e9le r\u00f6gz\u00edt\u00e9s\u00e9t.<\/p>\n<\/div>\n","protected":false},"excerpt":{"rendered":"<p>Sokoldal\u00fa sz\u00edjr\u00f6gz\u00edt\u0151 1,25 h\u00fcvelykes sz\u00edjakhoz. Tart\u00f3s, k\u00f6nny\u0171 kialak\u00edt\u00e1s.<\/p>\n","protected":false},"featured_media":50138,"template":"","meta":{"_acf_changed":false},"product_brand":[11131],"product_cat":[12934,12930],"product_tag":[],"class_list":{"0":"post-50137","1":"product","2":"type-product","3":"status-publish","4":"has-post-thumbnail","6":"product_brand-blue-force-gear","7":"product_cat-felszereles","8":"product_cat-hevederek","10":"first","11":"instock","12":"taxable","13":"shipping-taxable","14":"purchasable","15":"product-type-simple"},"acf":[],"_links":{"self":[{"href":"https:\/\/staging.nbg.eu\/hu\/wp-json\/wp\/v2\/product\/50137","targetHints":{"allow":["GET"]}}],"collection":[{"href":"https:\/\/staging.nbg.eu\/hu\/wp-json\/wp\/v2\/product"}],"about":[{"href":"https:\/\/staging.nbg.eu\/hu\/wp-json\/wp\/v2\/types\/product"}],"wp:featuredmedia":[{"embeddable":true,"href":"https:\/\/staging.nbg.eu\/hu\/wp-json\/wp\/v2\/media\/50138"}],"wp:attachment":[{"href":"https:\/\/staging.nbg.eu\/hu\/wp-json\/wp\/v2\/media?parent=50137"}],"wp:term":[{"taxonomy":"product_brand","embeddable":true,"href":"https:\/\/staging.nbg.eu\/hu\/wp-json\/wp\/v2\/product_brand?post=50137"},{"taxonomy":"product_cat","embeddable":true,"href":"https:\/\/staging.nbg.eu\/hu\/wp-json\/wp\/v2\/product_cat?post=50137"},{"taxonomy":"product_tag","embeddable":true,"href":"https:\/\/staging.nbg.eu\/hu\/wp-json\/wp\/v2\/product_tag?post=50137"}],"curies":[{"name":"wp","href":"https:\/\/api.w.org\/{rel}","templated":true}]}}