{"id":49815,"date":"2024-05-23T19:46:21","date_gmt":"2024-09-13T08:37:26","guid":{"rendered":"https:\/\/staging.nbg.eu\/product\/blue-force-gear-micro-trauma-kit-now\/"},"modified":"2024-09-13T08:38:19","modified_gmt":"2024-09-13T08:38:19","slug":"blue-force-gear-mikro-trauma-keszlet-now","status":"publish","type":"product","link":"https:\/\/staging.nbg.eu\/hu\/termek\/blue-force-gear-mikro-trauma-keszlet-now\/","title":{"rendered":"Blue Force Gear Mikro Trauma K\u00e9szlet NOW!"},"content":{"rendered":"<div class=\"product-description\">\n<h2>Blue Force Gear Micro Trauma Kit NOW!<\/h2>\n<p>A Micro Trauma Kit NOW! (Micro TKN) egy kompakt megold\u00e1s az alapvet\u0151 \u00e9letment\u0151 orvosi eszk\u00f6z\u00f6k mindennapi hord\u00e1s\u00e1ra. Rendv\u00e9delmi szakemberek, felk\u00e9sz\u00fclt \u00e1llampolg\u00e1rok \u00e9s vad\u00e1szok sz\u00e1m\u00e1ra tervezt\u00e9k, ez az \u00f6vre szerelhet\u0151 k\u00e9szlet gyors hozz\u00e1f\u00e9r\u00e9st biztos\u00edt a kritikus els\u0151seg\u00e9ly t\u00e9telekhez.<\/p>\n<h2>F\u0151 jellemz\u0151k:<\/h2>\n<ul>\n<li>Kompakt m\u00e9ret a k\u00e9nyelmes mindennapi hord\u00e1shoz<\/li>\n<li>Egyk\u00e9zzel t\u00f6rt\u00e9n\u0151 kiv\u00e9tel mindk\u00e9t oldalr\u00f3l<\/li>\n<li>MOLLE vagy \u00f6vre r\u00f6gz\u00edt\u00e9si lehet\u0151s\u00e9gek<\/li>\n<li>Ten-Speed technol\u00f3gia a biztons\u00e1gos t\u00e1rol\u00e1shoz<\/li>\n<li>Kivehet\u0151 bet\u00e9t a szervezett k\u00e9szlett\u00e1rol\u00e1shoz<\/li>\n<li>\u00c1ll\u00edthat\u00f3 t\u00e9p\u0151z\u00e1ras f\u00fclek a legt\u00f6bb \u00f6vre illeszkednek<\/li>\n<\/ul>\n<p>K\u00e9sz\u00fclj\u00f6n fel a v\u00e9szhelyzetekre a Micro TKN-nel &#8211; hordozhat\u00f3 seg\u00edts\u00e9g, amikor minden m\u00e1sodperc sz\u00e1m\u00edt.<\/p>\n<\/div>\n","protected":false},"excerpt":{"rendered":"<p>Kompakt, \u00e9letment\u0151 traumacsomag mindennapi, \u00f6v\u00f6n hordhat\u00f3 haszn\u00e1latra.<\/p>\n","protected":false},"featured_media":49816,"template":"","meta":{"_acf_changed":false},"product_brand":[11131],"product_cat":[12934,12969],"product_tag":[],"class_list":{"0":"post-49815","1":"product","2":"type-product","3":"status-publish","4":"has-post-thumbnail","6":"product_brand-blue-force-gear","7":"product_cat-felszereles","8":"product_cat-orvosi","10":"first","11":"instock","12":"taxable","13":"shipping-taxable","14":"purchasable","15":"product-type-variable","16":"wvs-archive-product-wrapper"},"acf":[],"_links":{"self":[{"href":"https:\/\/staging.nbg.eu\/hu\/wp-json\/wp\/v2\/product\/49815","targetHints":{"allow":["GET"]}}],"collection":[{"href":"https:\/\/staging.nbg.eu\/hu\/wp-json\/wp\/v2\/product"}],"about":[{"href":"https:\/\/staging.nbg.eu\/hu\/wp-json\/wp\/v2\/types\/product"}],"wp:featuredmedia":[{"embeddable":true,"href":"https:\/\/staging.nbg.eu\/hu\/wp-json\/wp\/v2\/media\/49816"}],"wp:attachment":[{"href":"https:\/\/staging.nbg.eu\/hu\/wp-json\/wp\/v2\/media?parent=49815"}],"wp:term":[{"taxonomy":"product_brand","embeddable":true,"href":"https:\/\/staging.nbg.eu\/hu\/wp-json\/wp\/v2\/product_brand?post=49815"},{"taxonomy":"product_cat","embeddable":true,"href":"https:\/\/staging.nbg.eu\/hu\/wp-json\/wp\/v2\/product_cat?post=49815"},{"taxonomy":"product_tag","embeddable":true,"href":"https:\/\/staging.nbg.eu\/hu\/wp-json\/wp\/v2\/product_tag?post=49815"}],"curies":[{"name":"wp","href":"https:\/\/api.w.org\/{rel}","templated":true}]}}