{"id":49579,"date":"2024-07-29T13:10:43","date_gmt":"2024-09-12T16:17:22","guid":{"rendered":"https:\/\/staging.nbg.eu\/product\/cobra-buckle-conversion-kit\/"},"modified":"2024-09-12T16:18:13","modified_gmt":"2024-09-12T16:18:13","slug":"cobra-csat-atalakito-keszlet","status":"publish","type":"product","link":"https:\/\/staging.nbg.eu\/hu\/termek\/cobra-csat-atalakito-keszlet\/","title":{"rendered":"COBRA\u00ae Csat \u00c1talak\u00edt\u00f3 K\u00e9szlet"},"content":{"rendered":"<div class=\"product-description\">\n<h2>COBRA\u00ae Csat \u00c1talak\u00edt\u00f3 K\u00e9szlet GRID\u2122 \u00d6vh\u00f6z<\/h2>\n<p>Fejlessze GRID\u2122 \u00d6v\u00e9t COBRA\u00ae Csat \u00c1talak\u00edt\u00f3 K\u00e9szlet\u00fcnkkel, amely tartalmazza a szabadalmaztatott \u00faj gener\u00e1ci\u00f3s COBRA\u00ae ProStyle csatot. Ez a k\u00e9szlet gyorskiold\u00f3 funkci\u00f3t ad az \u00f6vh\u00f6z.<\/p>\n<h3>F\u0151 jellemz\u0151k:<\/h3>\n<ul>\n<li>M\u00f3dos\u00edtott stab-lock a sima z\u00e1r\u00e1s\u00e9rt \u00e9s a v\u00e9letlen nyit\u00e1s megel\u0151z\u00e9s\u00e9\u00e9rt<\/li>\n<li>Megfelel az ANSI \u00e9s CSA szabv\u00e1nyoknak<\/li>\n<li>S\u00f3k\u00f6d \u00e9s homokf\u00fav\u00e1s tesztelt<\/li>\n<li>Gyorskiold\u00f3 funkci\u00f3<\/li>\n<\/ul>\n<p><strong>Megjegyz\u00e9s:<\/strong> Ez az \u00e1talak\u00edt\u00f3 k\u00e9szlet nem ad terhelhet\u0151s\u00e9gi k\u00e9pess\u00e9get a GRID \u00d6vnek. Terhelhet\u0151 opci\u00f3ink\u00e9rt k\u00e9rj\u00fck, tekintse meg a CHLK \u00d6vet.<\/p>\n<\/div>\n","protected":false},"excerpt":{"rendered":"<p>COBRA\u00ae csat k\u00e9szlet: Gyorskiold\u00f3 fejleszt\u00e9s a GRID\u2122 \u00f6vh\u00f6z. Biztons\u00e1gos, st\u00edlusos.<\/p>\n","protected":false},"featured_media":49582,"template":"","meta":{"_acf_changed":false},"product_brand":[],"product_cat":[12934,12953],"product_tag":[],"class_list":{"0":"post-49579","1":"product","2":"type-product","3":"status-publish","4":"has-post-thumbnail","6":"product_cat-felszereles","7":"product_cat-taktikai-oevek","9":"first","10":"instock","11":"taxable","12":"shipping-taxable","13":"purchasable","14":"product-type-variable","15":"wvs-archive-product-wrapper"},"acf":[],"_links":{"self":[{"href":"https:\/\/staging.nbg.eu\/hu\/wp-json\/wp\/v2\/product\/49579","targetHints":{"allow":["GET"]}}],"collection":[{"href":"https:\/\/staging.nbg.eu\/hu\/wp-json\/wp\/v2\/product"}],"about":[{"href":"https:\/\/staging.nbg.eu\/hu\/wp-json\/wp\/v2\/types\/product"}],"wp:featuredmedia":[{"embeddable":true,"href":"https:\/\/staging.nbg.eu\/hu\/wp-json\/wp\/v2\/media\/49582"}],"wp:attachment":[{"href":"https:\/\/staging.nbg.eu\/hu\/wp-json\/wp\/v2\/media?parent=49579"}],"wp:term":[{"taxonomy":"product_brand","embeddable":true,"href":"https:\/\/staging.nbg.eu\/hu\/wp-json\/wp\/v2\/product_brand?post=49579"},{"taxonomy":"product_cat","embeddable":true,"href":"https:\/\/staging.nbg.eu\/hu\/wp-json\/wp\/v2\/product_cat?post=49579"},{"taxonomy":"product_tag","embeddable":true,"href":"https:\/\/staging.nbg.eu\/hu\/wp-json\/wp\/v2\/product_tag?post=49579"}],"curies":[{"name":"wp","href":"https:\/\/api.w.org\/{rel}","templated":true}]}}