{"id":49413,"date":"2024-07-29T18:42:30","date_gmt":"2024-09-12T16:13:08","guid":{"rendered":"https:\/\/staging.nbg.eu\/product\/large-utility-dapper-pouch\/"},"modified":"2024-09-12T16:14:02","modified_gmt":"2024-09-12T16:14:02","slug":"nagy-univerzalis-dapper-zsebtarto","status":"publish","type":"product","link":"https:\/\/staging.nbg.eu\/hu\/termek\/nagy-univerzalis-dapper-zsebtarto\/","title":{"rendered":"Nagy Univerz\u00e1lis Dapper Zsebtart\u00f3"},"content":{"rendered":"<div class=\"product-description\">\n<h2>Nagy m\u00e9ret\u0171 t\u00f6bbc\u00e9l\u00fa t\u00e1ska<\/h2>\n<p>Ez a nagy m\u00e9ret\u0171 t\u00f6bbc\u00e9l\u00fa t\u00e1ska h\u00e9tk\u00f6znapi t\u00e1rgyak \u00e9s felszerel\u00e9sek t\u00e1rol\u00e1s\u00e1ra szolg\u00e1l. T\u00f6lt\u0151k, sz\u00e1m\u00edt\u00f3g\u00e9pes eszk\u00f6z\u00f6k, orvosi kell\u00e9kek \u00e9s szersz\u00e1mok t\u00e1rol\u00e1s\u00e1ra alkalmas.<\/p>\n<ul>\n<li>Gyorsan felszerelhet\u0151 \u00e9s elt\u00e1vol\u00edthat\u00f3 b\u00e1rmilyen hurkos fel\u00fcleten<\/li>\n<li>K\u00e9t k\u00e9k cipz\u00e1rh\u00faz\u00f3 a k\u00f6nny\u0171 hozz\u00e1f\u00e9r\u00e9s\u00e9rt<\/li>\n<li>Gum\u00edrozott fels\u0151 foganty\u00fa a k\u00e9nyelmes sz\u00e1ll\u00edt\u00e1shoz<\/li>\n<li>\u00c1tl\u00e1tsz\u00f3 fels\u0151 r\u00e9sz a tartalom gyors \u00e1ttekint\u00e9s\u00e9hez<\/li>\n<li>Bels\u0151 hurkos fel\u00fclet tov\u00e1bbi rendszerez\u00e9si lehet\u0151s\u00e9gekhez<\/li>\n<li>Horgos h\u00e1toldal k\u00fcl\u00f6nb\u00f6z\u0151 fel\u00fcletekre val\u00f3 r\u00f6gz\u00edt\u00e9shez<\/li>\n<\/ul>\n<p>Blue Force Gear h\u00e1tizs\u00e1kokkal, bet\u00e9tekkel vagy egy\u00e9ni alkalmaz\u00e1sokhoz haszn\u00e1lhat\u00f3.<\/p>\n<\/div>\n","protected":false},"excerpt":{"rendered":"<p>Sokoldal\u00fa, levehet\u0151 tasak mindennapi felszerel\u00e9sekhez \u00e9s n\u00e9lk\u00fcl\u00f6zhetetlen kell\u00e9kekhez.<\/p>\n","protected":false},"featured_media":49417,"template":"","meta":{"_acf_changed":false},"product_brand":[11131],"product_cat":[12934,12925],"product_tag":[],"class_list":{"0":"post-49413","1":"product","2":"type-product","3":"status-publish","4":"has-post-thumbnail","6":"product_brand-blue-force-gear","7":"product_cat-felszereles","8":"product_cat-tasakok","10":"first","11":"instock","12":"taxable","13":"shipping-taxable","14":"purchasable","15":"product-type-simple"},"acf":[],"_links":{"self":[{"href":"https:\/\/staging.nbg.eu\/hu\/wp-json\/wp\/v2\/product\/49413","targetHints":{"allow":["GET"]}}],"collection":[{"href":"https:\/\/staging.nbg.eu\/hu\/wp-json\/wp\/v2\/product"}],"about":[{"href":"https:\/\/staging.nbg.eu\/hu\/wp-json\/wp\/v2\/types\/product"}],"wp:featuredmedia":[{"embeddable":true,"href":"https:\/\/staging.nbg.eu\/hu\/wp-json\/wp\/v2\/media\/49417"}],"wp:attachment":[{"href":"https:\/\/staging.nbg.eu\/hu\/wp-json\/wp\/v2\/media?parent=49413"}],"wp:term":[{"taxonomy":"product_brand","embeddable":true,"href":"https:\/\/staging.nbg.eu\/hu\/wp-json\/wp\/v2\/product_brand?post=49413"},{"taxonomy":"product_cat","embeddable":true,"href":"https:\/\/staging.nbg.eu\/hu\/wp-json\/wp\/v2\/product_cat?post=49413"},{"taxonomy":"product_tag","embeddable":true,"href":"https:\/\/staging.nbg.eu\/hu\/wp-json\/wp\/v2\/product_tag?post=49413"}],"curies":[{"name":"wp","href":"https:\/\/api.w.org\/{rel}","templated":true}]}}