{"id":49179,"date":"2024-07-29T18:45:25","date_gmt":"2024-09-12T16:08:49","guid":{"rendered":"https:\/\/staging.nbg.eu\/product\/ten-speed-single-m4-mag-pouch\/"},"modified":"2024-09-12T16:09:53","modified_gmt":"2024-09-12T16:09:53","slug":"ten-speed-egyszeres-m4-tarolozsebtarto","status":"publish","type":"product","link":"https:\/\/staging.nbg.eu\/hu\/termek\/ten-speed-egyszeres-m4-tarolozsebtarto\/","title":{"rendered":"Ten-Speed\u00ae Egyszeres M4 T\u00e1rol\u00f3zsebtart\u00f3"},"content":{"rendered":"<div class=\"product-description\">\n<h2>Ten-Speed\u00ae Egyes M4 T\u00e1rtart\u00f3<\/h2>\n<p>Ez a k\u00f6nny\u0171 t\u00e1rtart\u00f3 egy M4 t\u00e1r vagy hasonl\u00f3 m\u00e9ret\u0171 t\u00e1rgyak t\u00e1rol\u00e1s\u00e1ra alkalmas. Katonai min\u0151s\u00e9g\u0171 elasztikus anyagb\u00f3l \u00e9s ULTRAcomp\u2122-b\u00f3l k\u00e9sz\u00fclt, \u00fcresen laposra simul.<\/p>\n<h3>F\u0151 jellemz\u0151k:<\/h3>\n<ul>\n<li>Szabadalmaztatott Helium Whisper\u00ae r\u00f6gz\u00edt\u0151rendszer<\/li>\n<li>MOLLE kompatibilis<\/li>\n<li>60%-kal k\u00f6nnyebb a hagyom\u00e1nyos t\u00e1rtart\u00f3kn\u00e1l<\/li>\n<li>Tart\u00f3s, nagy teljes\u00edtm\u00e9ny\u0171 lamin\u00e1tum<\/li>\n<li>Optimaliz\u00e1lt megtart\u00e1s \u00e9s tart\u00f3ss\u00e1g<\/li>\n<\/ul>\n<h3>Specifik\u00e1ci\u00f3k:<\/h3>\n<ul>\n<li>M\u00e9ret: 0,32 cm x 7,62 cm x 15,24 cm<\/li>\n<li>MOLLE mez\u0151: 3 x 2<\/li>\n<li>Anyagok: Ten-Speed\u00ae elasztikus, ULTRAcomp\u2122 lamin\u00e1tum<\/li>\n<\/ul>\n<p>Ez a t\u00e1rtart\u00f3 alkalmas katonai, rendv\u00e9delmi \u00e9s taktikai felhaszn\u00e1l\u00e1sra.<\/p>\n<\/div>\n","protected":false},"excerpt":{"rendered":"<p>K\u00f6nny\u0171, biztons\u00e1gos M4 t\u00e1rtart\u00f3. Gyors hozz\u00e1f\u00e9r\u00e9s, lapos profil.<\/p>\n","protected":false},"featured_media":49188,"template":"","meta":{"_acf_changed":false},"product_brand":[11131],"product_cat":[12934,12910,12925],"product_tag":[],"class_list":{"0":"post-49179","1":"product","2":"type-product","3":"status-publish","4":"has-post-thumbnail","6":"product_brand-blue-force-gear","7":"product_cat-felszereles","8":"product_cat-tartartok","9":"product_cat-tasakok","11":"first","12":"instock","13":"taxable","14":"shipping-taxable","15":"purchasable","16":"product-type-variable","17":"wvs-archive-product-wrapper"},"acf":[],"_links":{"self":[{"href":"https:\/\/staging.nbg.eu\/hu\/wp-json\/wp\/v2\/product\/49179","targetHints":{"allow":["GET"]}}],"collection":[{"href":"https:\/\/staging.nbg.eu\/hu\/wp-json\/wp\/v2\/product"}],"about":[{"href":"https:\/\/staging.nbg.eu\/hu\/wp-json\/wp\/v2\/types\/product"}],"wp:featuredmedia":[{"embeddable":true,"href":"https:\/\/staging.nbg.eu\/hu\/wp-json\/wp\/v2\/media\/49188"}],"wp:attachment":[{"href":"https:\/\/staging.nbg.eu\/hu\/wp-json\/wp\/v2\/media?parent=49179"}],"wp:term":[{"taxonomy":"product_brand","embeddable":true,"href":"https:\/\/staging.nbg.eu\/hu\/wp-json\/wp\/v2\/product_brand?post=49179"},{"taxonomy":"product_cat","embeddable":true,"href":"https:\/\/staging.nbg.eu\/hu\/wp-json\/wp\/v2\/product_cat?post=49179"},{"taxonomy":"product_tag","embeddable":true,"href":"https:\/\/staging.nbg.eu\/hu\/wp-json\/wp\/v2\/product_tag?post=49179"}],"curies":[{"name":"wp","href":"https:\/\/api.w.org\/{rel}","templated":true}]}}