{"id":48981,"date":"2024-07-29T18:46:44","date_gmt":"2024-09-12T16:04:29","guid":{"rendered":"https:\/\/staging.nbg.eu\/product\/horizontal-ten-speed-single-m4-mag-pouch\/"},"modified":"2024-09-12T16:05:24","modified_gmt":"2024-09-12T16:05:24","slug":"vizszintes-ten-speed-egyszeres-m4-tarolozsebtarto","status":"publish","type":"product","link":"https:\/\/staging.nbg.eu\/hu\/termek\/vizszintes-ten-speed-egyszeres-m4-tarolozsebtarto\/","title":{"rendered":"V\u00edzszintes Ten-Speed\u00ae Egyszeres M4 T\u00e1rol\u00f3zsebtart\u00f3"},"content":{"rendered":"<h2>V\u00edzszintes Ten-Speed\u00ae Egyedi M4 T\u00e1rtart\u00f3<\/h2>\n<p>A v\u00edzszintes Ten-Speed\u00ae M4 t\u00e1rtart\u00f3 l\u0151szert\u00e1rol\u00e1si megold\u00e1st k\u00edn\u00e1l. Katonai min\u0151s\u00e9g\u0171 rugalmas anyagb\u00f3l k\u00e9sz\u00fclt, \u00e9s tervezett \u00fagy, hogy illeszkedjen a mell\u00e9ny, v\u00e9d\u0151mell\u00e9ny vagy \u00f6v haszn\u00e1laton k\u00edv\u00fcli MOLLE rendszer\u00e9hez.<\/p>\n<ul>\n<li>Kompatibilis 30 l\u0151szeres STANAG M4 t\u00e1rakkal \u00e9s legt\u00f6bb 5,56-os t\u00e1rral<\/li>\n<li>Befogad nagyobb SMG t\u00e1rakat (UMP, CZ Scorpion, P90) \u00e9s n\u00e9h\u00e1ny AK-74 t\u00e1rat<\/li>\n<li>Rugalmas t\u00e1rol\u00e1si lehet\u0151s\u00e9gek: l\u0151szerek felfel\u00e9\/lefel\u00e9, el\u0151re\/h\u00e1tra<\/li>\n<li>El\u00e9rhet\u0151 MOLLE-kompatibilis Helium Whisper \u00e9s \u00f6vre szerelhet\u0151 v\u00e1ltozatokban<\/li>\n<li>Az \u00f6vre szerelhet\u0151 v\u00e1ltozat 2 h\u00fcvelyk sz\u00e9les \u00f6vre illeszkedik \u00e1ll\u00edthat\u00f3 t\u00e9p\u0151z\u00e1ras r\u00f6gz\u00edt\u00e9ssel<\/li>\n<\/ul>\n<p>A v\u00edzszintes Ten-Speed\u00ae egyedi M4 t\u00e1rtart\u00f3 hat\u00e9kony l\u0151szerkezel\u00e9si megold\u00e1st k\u00edn\u00e1l.<\/p>\n","protected":false},"excerpt":{"rendered":"<p>Sokoldal\u00fa v\u00edzszintes t\u00e1rtart\u00f3 M4\/5,56-os t\u00e1rakhoz. MOLLE vagy \u00f6vcsatlakoz\u00e1s.<\/p>\n","protected":false},"featured_media":48988,"template":"","meta":{"_acf_changed":false},"product_brand":[11131],"product_cat":[12934,12910,12925],"product_tag":[],"class_list":{"0":"post-48981","1":"product","2":"type-product","3":"status-publish","4":"has-post-thumbnail","6":"product_brand-blue-force-gear","7":"product_cat-felszereles","8":"product_cat-tartartok","9":"product_cat-tasakok","11":"first","12":"instock","13":"taxable","14":"shipping-taxable","15":"purchasable","16":"product-type-simple"},"acf":[],"_links":{"self":[{"href":"https:\/\/staging.nbg.eu\/hu\/wp-json\/wp\/v2\/product\/48981","targetHints":{"allow":["GET"]}}],"collection":[{"href":"https:\/\/staging.nbg.eu\/hu\/wp-json\/wp\/v2\/product"}],"about":[{"href":"https:\/\/staging.nbg.eu\/hu\/wp-json\/wp\/v2\/types\/product"}],"wp:featuredmedia":[{"embeddable":true,"href":"https:\/\/staging.nbg.eu\/hu\/wp-json\/wp\/v2\/media\/48988"}],"wp:attachment":[{"href":"https:\/\/staging.nbg.eu\/hu\/wp-json\/wp\/v2\/media?parent=48981"}],"wp:term":[{"taxonomy":"product_brand","embeddable":true,"href":"https:\/\/staging.nbg.eu\/hu\/wp-json\/wp\/v2\/product_brand?post=48981"},{"taxonomy":"product_cat","embeddable":true,"href":"https:\/\/staging.nbg.eu\/hu\/wp-json\/wp\/v2\/product_cat?post=48981"},{"taxonomy":"product_tag","embeddable":true,"href":"https:\/\/staging.nbg.eu\/hu\/wp-json\/wp\/v2\/product_tag?post=48981"}],"curies":[{"name":"wp","href":"https:\/\/api.w.org\/{rel}","templated":true}]}}