{"id":48783,"date":"2024-07-29T18:47:29","date_gmt":"2024-09-12T15:57:48","guid":{"rendered":"https:\/\/staging.nbg.eu\/product\/ten-speed-triple-m4-mag-pouch\/"},"modified":"2024-09-12T15:58:44","modified_gmt":"2024-09-12T15:58:44","slug":"ten-speed-harmas-m4-tarolozsebtarto","status":"publish","type":"product","link":"https:\/\/staging.nbg.eu\/hu\/termek\/ten-speed-harmas-m4-tarolozsebtarto\/","title":{"rendered":"Ten-Speed\u00ae H\u00e1rmas M4 T\u00e1rol\u00f3zsebtart\u00f3"},"content":{"rendered":"<div class=\"product-description\">\n<h2>Ten-Speed\u00ae H\u00e1rmas M4 T\u00e1rtart\u00f3 BFG-t\u0151l<\/h2>\n<p>Ez a k\u00f6nny\u0171 tart\u00f3 h\u00e1rom AR\/M4 vagy M16 t\u00e1rat tart. Katonai min\u0151s\u00e9g\u0171 gumit \u00e9s ULTRAcomp\u00ae lamin\u00e1tot tartalmaz, \u00fcresen lapos.<\/p>\n<ul>\n<li>M\u0171anyag \u00e9s f\u00e9m t\u00e1rakat is tart<\/li>\n<li>T\u00f6bbc\u00e9l\u00fa kialak\u00edt\u00e1s eg\u00e9szs\u00e9g\u00fcgyi felszerel\u00e9sekhez, villan\u00f3gr\u00e1n\u00e1tokhoz stb.<\/li>\n<li>MOLLE kompatibilis Helium Whisper\u00ae r\u00f6gz\u00edt\u00e9ssel<\/li>\n<li>M\u00e9retek: 0,3175 cm x 22,86 cm x 15,24 cm<\/li>\n<li>3 x 6 MOLLE mez\u0151t ig\u00e9nyel<\/li>\n<\/ul>\n<p>A Ten-Speed\u00ae technol\u00f3gia kompakt \u00e9s hat\u00e9kony kivitelben. Katonai, rendv\u00e9delmi \u00e9s taktikai felhaszn\u00e1l\u00f3knak.<\/p>\n<\/div>\n","protected":false},"excerpt":{"rendered":"<p>K\u00f6nny\u0171, rugalmas MOLLE tasak 3 AR\/M4 t\u00e1rhoz vagy hasonl\u00f3 t\u00e1rgyakhoz.<\/p>\n","protected":false},"featured_media":48793,"template":"","meta":{"_acf_changed":false},"product_brand":[11131],"product_cat":[12934,12910,12925],"product_tag":[],"class_list":{"0":"post-48783","1":"product","2":"type-product","3":"status-publish","4":"has-post-thumbnail","6":"product_brand-blue-force-gear","7":"product_cat-felszereles","8":"product_cat-tartartok","9":"product_cat-tasakok","11":"first","12":"instock","13":"taxable","14":"shipping-taxable","15":"purchasable","16":"product-type-simple"},"acf":[],"_links":{"self":[{"href":"https:\/\/staging.nbg.eu\/hu\/wp-json\/wp\/v2\/product\/48783","targetHints":{"allow":["GET"]}}],"collection":[{"href":"https:\/\/staging.nbg.eu\/hu\/wp-json\/wp\/v2\/product"}],"about":[{"href":"https:\/\/staging.nbg.eu\/hu\/wp-json\/wp\/v2\/types\/product"}],"wp:featuredmedia":[{"embeddable":true,"href":"https:\/\/staging.nbg.eu\/hu\/wp-json\/wp\/v2\/media\/48793"}],"wp:attachment":[{"href":"https:\/\/staging.nbg.eu\/hu\/wp-json\/wp\/v2\/media?parent=48783"}],"wp:term":[{"taxonomy":"product_brand","embeddable":true,"href":"https:\/\/staging.nbg.eu\/hu\/wp-json\/wp\/v2\/product_brand?post=48783"},{"taxonomy":"product_cat","embeddable":true,"href":"https:\/\/staging.nbg.eu\/hu\/wp-json\/wp\/v2\/product_cat?post=48783"},{"taxonomy":"product_tag","embeddable":true,"href":"https:\/\/staging.nbg.eu\/hu\/wp-json\/wp\/v2\/product_tag?post=48783"}],"curies":[{"name":"wp","href":"https:\/\/api.w.org\/{rel}","templated":true}]}}